{"id":18089,"date":"2016-11-17T05:00:39","date_gmt":"2016-11-17T13:00:39","guid":{"rendered":"https:\/\/www.chronobiology.com\/de\/melatonin-chronobiology\/"},"modified":"2020-06-18T06:46:46","modified_gmt":"2020-06-18T13:46:46","slug":"melatonin-chronobiologie","status":"publish","type":"page","link":"https:\/\/dev.chronobiology.com\/de\/melatonin-chronobiologie\/","title":{"rendered":"Melatonin &#038; Chronobiologie"},"content":{"rendered":"<div class=\"wpb-content-wrapper\"><p>[vc_row full_width=&#8220;stretch_row&#8220; css=&#8220;.vc_custom_1479387610301{background-image: url(https:\/\/www.chronobiology.com\/wp-content\/uploads\/2016\/06\/brain-and-psyche-11.jpg?id=9163) !important;}&#8220; el_class=&#8220;banner-top&#8220;][vc_column][vc_custom_heading source=&#8220;post_title&#8220; font_container=&#8220;tag:h1|text_align:center&#8220; use_theme_fonts=&#8220;yes&#8220;][\/vc_column][\/vc_row][vc_row css=&#8220;.vc_custom_1592487968034{margin-top: 0px !important;padding-top: 0px !important;}&#8220; el_class=&#8220;melatoninfacts&#8220;][vc_column width=&#8220;3\/4&#8243;][vc_column_text]Melatonin, auch als \u201cMutterhormon der Chronobiologie\u201d bekannt, ist ein Hormon, das in der Zirbeldr\u00fcse hergestellt wird. Dieser Prozess erfolgt durch Hinweise vom suprachiasmatischen Nukleus des Hypothalamus, der den circadianen Rhythmus regelt. Wenn die Netzhaut des Auges aufh\u00f6rt, zu viel blaues Wellenl\u00e4ngenlicht wahrzunehmen, wird der suprachiasmatische Nukleus informiert, der die Zirbeldr\u00fcse dazu veranlasst, Melatonin herzustellen. Wenn das erste Morgenlicht von der Netzhaut erfasst wird, wird die Melatoninproduktion eingestellt und stattdessen werden Hormone produziert, die f\u00fcr das Wachsein ben\u00f6tigt werden. Dieser Zyklus hilft dabei, einen circadianen Rhythmus, oder auch 24-Stunden Schlaf\/Wach-Zyklus genannt, zu schaffen.<\/p>\n<p>Melatonin besitzt eine sehr kurze Halbwertszeit von etwa 30 Minuten. Da es so schnell zerf\u00e4llt, muss es permanent in der Nacht hergestellt werden, um einen erholsamen Schlaf aufrecht zu erhalten. Bei Menschen mit einem gesunden circadianen Rhythmus steigt der Melatoninspiegel schnell nach Einbruch der Dunkelheit an und bleibt dann \u00fcber Nacht auf gleicher Ebene bis zum fr\u00fchen Morgen. Diese hohe Ebene ist nicht nur f\u00fcr das Einschlafen unerl\u00e4sslich, sondern auch f\u00fcr einen tiefen und erholsamen Schlaf. Am fr\u00fchen Morgen f\u00e4llt der Melatoninspiegel wieder stark ab, damit der Mensch auf die zunehmenden Lichtverh\u00e4ltnisse reagieren kann und erwacht.[\/vc_column_text][\/vc_column][vc_column width=&#8220;1\/4&#8243; css=&#8220;.vc_custom_1592404203821{margin-top: 0px !important;padding-top: 0px !important;}&#8220;][vc_column_text css=&#8220;.vc_custom_1592404211809{margin-top: 0px !important;padding-top: 0px !important;}&#8220;]<div class=\"content_block\" id=\"custom_post_widget-32930\"><p><a href=\"https:\/\/melatoninfacts.org\/de\/\" target=\"_blank\" rel=\"noopener noreferrer\"><img decoding=\"async\" class=\"alignnone wp-image-33099 size-full\" title=\"MelatoninFACTS.org \u2013\u00a0Medizinische Studien zu Melatonin &amp; Chronobiologie\" src=\"https:\/\/www.chronobiology.com\/wp-content\/uploads\/2020\/06\/MelatoninFacts-Banner-DE-v2.jpg\" alt=\"MelatoninFACTS \u2013 Medizinische Studien zu Meatonin &amp; Chronobiologie\" width=\"500\" height=\"751\" srcset=\"https:\/\/dev.chronobiology.com\/wp-content\/uploads\/2020\/06\/MelatoninFacts-Banner-DE-v2.jpg 500w, https:\/\/dev.chronobiology.com\/wp-content\/uploads\/2020\/06\/MelatoninFacts-Banner-DE-v2-200x300.jpg 200w\" sizes=\"(max-width: 500px) 100vw, 500px\" \/><\/a><\/p>\n<\/div>[\/vc_column_text][\/vc_column][\/vc_row][vc_row][vc_column][vc_column_text]<\/p>\n<h2>Pulsatiles Melatonin:<\/h2>\n<h2>Eine bessere M\u00f6glichkeit, einen nat\u00fcrlichen circadianen Rhythmus beizubehalten<\/h2>\n<p>[\/vc_column_text][\/vc_column][\/vc_row][vc_row][vc_column width=&#8220;1\/2&#8243;][vc_column_text]Pulsatiles Melatonin ist eine Erg\u00e4nzung, die so formuliert ist, dass sie in jenen Mengen freigesetzt wird, die gesunde, nat\u00fcrliche Melatoninspiegel imitieren. Es wird verstoffwechselt, sodass das Melatoninniveau stark ansteigt, nachdem die Erg\u00e4nzung eingenommen wurde und dann f\u00fcr mehrere Stunden auf einem hohen Niveau bleibt. Die Werte fallen dann stark ab, um ein Aufwachen zu erm\u00f6glichen. Dadurch werden\u00a0gesunde, normale circadiane Rhythmus-Zyklen nachgeahmt, die mit einem erholsamen Schlaf assoziiert werden.<\/p>\n<p>Die Forschung auf dem Gebiet der Chronobiologie hat gezeigt, dass die Aufrechterhaltung der Melatonin-Zyklen nicht nur f\u00fcr einen\u00a0erholsamen Schlaf wichtig ist, sondern auch f\u00fcr die allgemeine Gesundheit. Aus diesem Grund empfiehlt eine wachsende Anzahl von Gesundheitsexperten pulsatiles Melatonin als ideale Erg\u00e4nzung. Diese Art\u00a0der Erg\u00e4nzung\u00a0steht viel mehr im Zusammenhang mit dem nat\u00fcrlichen Melatonin in einem gesunden Gehirn. Die Sicherstellung eines gesunden circadianen Rhythmus ist wichtig f\u00fcr die Gesundheit, daher ist eine pulsatile Melatonin-Erg\u00e4nzung in der Regel die beste Option.[\/vc_column_text][\/vc_column][vc_column width=&#8220;1\/2&#8243;][vc_single_image image=&#8220;20175&#8243; img_size=&#8220;full&#8220; alignment=&#8220;center&#8220; style=&#8220;vc_box_shadow&#8220;][\/vc_column][\/vc_row][vc_row el_class=&#8220;melatonin-boxes&#8220;][vc_column width=&#8220;1\/4&#8243; css=&#8220;.vc_custom_1479394730197{background-image: url(https:\/\/www.chronobiology.com\/wp-content\/uploads\/2016\/11\/history_small.jpg?id=11729) !important;}&#8220; el_class=&#8220;melatonin-box&#8220;][vc_custom_heading text=&#8220;Geschichte&#8220; font_container=&#8220;tag:h4|text_align:center&#8220; use_theme_fonts=&#8220;yes&#8220; link=&#8220;url:https%3A%2F%2Fwww.chronobiology.com%2Fde%2Fmelatonin-chronobiologie%2Fgeschichte%2F|||&#8220;][\/vc_column][vc_column width=&#8220;1\/4&#8243; el_class=&#8220;melatonin-box&#8220; css=&#8220;.vc_custom_1479398743982{background-image: url(https:\/\/www.chronobiology.com\/wp-content\/uploads\/2016\/11\/tasks_small.jpg?id=11735) !important;}&#8220;][vc_custom_heading text=&#8220;Aufgaben&#8220; font_container=&#8220;tag:h4|text_align:center&#8220; use_theme_fonts=&#8220;yes&#8220; link=&#8220;url:https%3A%2F%2Fwww.chronobiology.com%2Fde%2Fmelatonin-chronobiologie%2Faufgaben%2F|||&#8220;][\/vc_column][vc_column width=&#8220;1\/4&#8243; el_class=&#8220;melatonin-box&#8220; css=&#8220;.vc_custom_1479399341009{background-image: url(https:\/\/www.chronobiology.com\/wp-content\/uploads\/2016\/11\/mechanism_small.jpg?id=11739) !important;}&#8220;][vc_custom_heading text=&#8220;Wirkmechanismen&#8220; font_container=&#8220;tag:h4|text_align:center&#8220; use_theme_fonts=&#8220;yes&#8220; link=&#8220;url:https%3A%2F%2Fwww.chronobiology.com%2Fde%2Fmelatonin-chronobiologie%2Fwirkmechanismen%2F|||&#8220;][\/vc_column][vc_column width=&#8220;1\/4&#8243; el_class=&#8220;melatonin-box&#8220; css=&#8220;.vc_custom_1479399271751{background-image: url(https:\/\/www.chronobiology.com\/wp-content\/uploads\/2016\/11\/melatonin_production_small.jpg?id=11738) !important;}&#8220;][vc_custom_heading text=&#8220;Melatoninproduktion und Alter&#8220; font_container=&#8220;tag:h4|text_align:center&#8220; use_theme_fonts=&#8220;yes&#8220; link=&#8220;url:https%3A%2F%2Fwww.chronobiology.com%2Fde%2Fmelatonin-chronobiologie%2Fmelatoninproduktion-und-alter%2F|||&#8220;][\/vc_column][\/vc_row][vc_row el_class=&#8220;melatonin-boxes last-boxes&#8220;][vc_column width=&#8220;1\/3&#8243; css=&#8220;.vc_custom_1479399423047{background-image: url(https:\/\/www.chronobiology.com\/wp-content\/uploads\/2016\/11\/indications_small.jpg?id=11737) !important;}&#8220; el_class=&#8220;melatonin-box&#8220;][vc_custom_heading text=&#8220;Indikationen&#8220; font_container=&#8220;tag:h4|text_align:center&#8220; use_theme_fonts=&#8220;yes&#8220; link=&#8220;url:https%3A%2F%2Fwww.chronobiology.com%2Fde%2Fmelatonin-chronobiologie%2Findikationen%2F|||&#8220;][\/vc_column][vc_column width=&#8220;1\/3&#8243; el_class=&#8220;melatonin-box&#8220; css=&#8220;.vc_custom_1479399778167{background-image: url(https:\/\/www.chronobiology.com\/wp-content\/uploads\/2016\/11\/disturbances_small.jpg?id=11744) !important;}&#8220;][vc_custom_heading text=&#8220;Exogene Schlafst\u00f6rungen&#8220; font_container=&#8220;tag:h4|text_align:center&#8220; use_theme_fonts=&#8220;yes&#8220; link=&#8220;url:https%3A%2F%2Fwww.chronobiology.com%2Fde%2Fmelatonin-chronobiologie%2Fexogene-schlafstoerungen%2F|||&#8220;][\/vc_column][vc_column width=&#8220;1\/3&#8243; el_class=&#8220;melatonin-box&#8220; css=&#8220;.vc_custom_1479399800243{background-image: url(https:\/\/www.chronobiology.com\/wp-content\/uploads\/2016\/11\/dosage_small.jpg?id=11745) !important;}&#8220;][vc_custom_heading text=&#8220;Dosierungen und etwaige Nebenwirkungen&#8220; font_container=&#8220;tag:h4|text_align:center&#8220; use_theme_fonts=&#8220;yes&#8220; link=&#8220;url:https%3A%2F%2Fwww.chronobiology.com%2Fde%2Fmelatonin-chronobiologie%2Fdosierungen-und-etwaige-nebenwirkungen%2F|||&#8220;][\/vc_column][\/vc_row]<\/p>\n<\/div>","protected":false},"excerpt":{"rendered":"<p>[vc_row full_width=&#8220;stretch_row&#8220; css=&#8220;.vc_custom_1479387610301{background-image: url(https:\/\/www.chronobiology.com\/wp-content\/uploads\/2016\/06\/brain-and-psyche-11.jpg?id=9163) !important;}&#8220; el_class=&#8220;banner-top&#8220;][vc_column][vc_custom_heading source=&#8220;post_title&#8220; font_container=&#8220;tag:h1|text_align:center&#8220; use_theme_fonts=&#8220;yes&#8220;][\/vc_column][\/vc_row][vc_row css=&#8220;.vc_custom_1592487968034{margin-top: 0px !important;padding-top: 0px !important;}&#8220; el_class=&#8220;melatoninfacts&#8220;][vc_column width=&#8220;3\/4&#8243;][vc_column_text]Melatonin, auch als \u201cMutterhormon der Chronobiologie\u201d bekannt, ist ein Hormon, das in der Zirbeldr\u00fcse hergestellt wird. Dieser Prozess erfolgt durch Hinweise vom suprachiasmatischen Nukleus des Hypothalamus, der den circadianen Rhythmus regelt. Wenn die Netzhaut des Auges aufh\u00f6rt, zu viel blaues [&hellip;]<\/p>\n","protected":false},"author":15,"featured_media":0,"parent":0,"menu_order":0,"comment_status":"closed","ping_status":"closed","template":"","meta":{"_acf_changed":false,"_genesis_hide_title":false,"_genesis_hide_breadcrumbs":false,"_genesis_hide_singular_image":false,"_genesis_hide_footer_widgets":false,"_genesis_custom_body_class":"","_genesis_custom_post_class":"","_genesis_layout":"full-width-content","footnotes":""},"categories":[102,84],"class_list":{"0":"post-18089","1":"page","2":"type-page","3":"status-publish","5":"category-melatonin-de","6":"category-schlaf","7":"entry","8":"has-post-thumbnail"},"acf":[],"yoast_head":"<!-- This site is optimized with the Yoast SEO Premium plugin v23.4 (Yoast SEO v23.4) - https:\/\/yoast.com\/wordpress\/plugins\/seo\/ -->\n<title>Melatonin &amp; Chronobiologie &#8211; Chronobiology.com<\/title>\n<meta name=\"robots\" content=\"index, follow, max-snippet:-1, max-image-preview:large, max-video-preview:-1\" \/>\n<link rel=\"canonical\" href=\"https:\/\/dev.chronobiology.com\/de\/melatonin-chronobiologie\/\" \/>\n<meta property=\"og:locale\" content=\"de_DE\" \/>\n<meta property=\"og:type\" content=\"article\" \/>\n<meta property=\"og:title\" content=\"Melatonin &amp; Chronobiologie\" \/>\n<meta property=\"og:description\" content=\"[vc_row full_width=&#8220;stretch_row&#8220; css=&#8220;.vc_custom_1479387610301{background-image: url(https:\/\/www.chronobiology.com\/wp-content\/uploads\/2016\/06\/brain-and-psyche-11.jpg?id=9163) !important;}&#8220; el_class=&#8220;banner-top&#8220;][vc_column][vc_custom_heading source=&#8220;post_title&#8220; font_container=&#8220;tag:h1|text_align:center&#8220; use_theme_fonts=&#8220;yes&#8220;][\/vc_column][\/vc_row][vc_row css=&#8220;.vc_custom_1592487968034{margin-top: 0px !important;padding-top: 0px !important;}&#8220; el_class=&#8220;melatoninfacts&#8220;][vc_column width=&#8220;3\/4&#8243;][vc_column_text]Melatonin, auch als \u201cMutterhormon der Chronobiologie\u201d bekannt, ist ein Hormon, das in der Zirbeldr\u00fcse hergestellt wird. Dieser Prozess erfolgt durch Hinweise vom suprachiasmatischen Nukleus des Hypothalamus, der den circadianen Rhythmus regelt. Wenn die Netzhaut des Auges aufh\u00f6rt, zu viel blaues [&hellip;]\" \/>\n<meta property=\"og:url\" content=\"https:\/\/dev.chronobiology.com\/de\/melatonin-chronobiologie\/\" \/>\n<meta property=\"og:site_name\" content=\"Chronobiology.com\" \/>\n<meta property=\"article:publisher\" content=\"https:\/\/www.facebook.com\/chronobiology\" \/>\n<meta property=\"article:modified_time\" content=\"2020-06-18T13:46:46+00:00\" \/>\n<meta name=\"twitter:card\" content=\"summary_large_image\" \/>\n<meta name=\"twitter:site\" content=\"@chronobionews\" \/>\n<meta name=\"twitter:label1\" content=\"Gesch\u00e4tzte Lesezeit\" \/>\n\t<meta name=\"twitter:data1\" content=\"5\u00a0Minuten\" \/>\n<script type=\"application\/ld+json\" class=\"yoast-schema-graph\">{\"@context\":\"https:\/\/schema.org\",\"@graph\":[{\"@type\":\"WebPage\",\"@id\":\"https:\/\/dev.chronobiology.com\/de\/melatonin-chronobiologie\/\",\"url\":\"https:\/\/dev.chronobiology.com\/de\/melatonin-chronobiologie\/\",\"name\":\"Melatonin & Chronobiologie &#8211; Chronobiology.com\",\"isPartOf\":{\"@id\":\"https:\/\/dev.chronobiology.com\/de\/#website\"},\"datePublished\":\"2016-11-17T13:00:39+00:00\",\"dateModified\":\"2020-06-18T13:46:46+00:00\",\"breadcrumb\":{\"@id\":\"https:\/\/dev.chronobiology.com\/de\/melatonin-chronobiologie\/#breadcrumb\"},\"inLanguage\":\"de\",\"potentialAction\":[{\"@type\":\"ReadAction\",\"target\":[\"https:\/\/dev.chronobiology.com\/de\/melatonin-chronobiologie\/\"]}]},{\"@type\":\"BreadcrumbList\",\"@id\":\"https:\/\/dev.chronobiology.com\/de\/melatonin-chronobiologie\/#breadcrumb\",\"itemListElement\":[{\"@type\":\"ListItem\",\"position\":1,\"name\":\"Home\",\"item\":\"https:\/\/dev.chronobiology.com\/de\/\"},{\"@type\":\"ListItem\",\"position\":2,\"name\":\"Melatonin &#038; Chronobiologie\"}]},{\"@type\":\"WebSite\",\"@id\":\"https:\/\/dev.chronobiology.com\/de\/#website\",\"url\":\"https:\/\/dev.chronobiology.com\/de\/\",\"name\":\"Chronobiology.com\",\"description\":\"\",\"publisher\":{\"@id\":\"https:\/\/dev.chronobiology.com\/de\/#organization\"},\"potentialAction\":[{\"@type\":\"SearchAction\",\"target\":{\"@type\":\"EntryPoint\",\"urlTemplate\":\"https:\/\/dev.chronobiology.com\/de\/?s={search_term_string}\"},\"query-input\":{\"@type\":\"PropertyValueSpecification\",\"valueRequired\":true,\"valueName\":\"search_term_string\"}}],\"inLanguage\":\"de\"},{\"@type\":\"Organization\",\"@id\":\"https:\/\/dev.chronobiology.com\/de\/#organization\",\"name\":\"Chronobiology\",\"url\":\"https:\/\/dev.chronobiology.com\/de\/\",\"logo\":{\"@type\":\"ImageObject\",\"inLanguage\":\"de\",\"@id\":\"https:\/\/dev.chronobiology.com\/de\/#\/schema\/logo\/image\/\",\"url\":\"https:\/\/www.chronobiology.com\/wp-content\/uploads\/2019\/01\/chronobiology_logo_en_r.png\",\"contentUrl\":\"https:\/\/www.chronobiology.com\/wp-content\/uploads\/2019\/01\/chronobiology_logo_en_r.png\",\"width\":375,\"height\":90,\"caption\":\"Chronobiology\"},\"image\":{\"@id\":\"https:\/\/dev.chronobiology.com\/de\/#\/schema\/logo\/image\/\"},\"sameAs\":[\"https:\/\/www.facebook.com\/chronobiology\",\"https:\/\/x.com\/chronobionews\",\"https:\/\/www.instagram.com\/chronobiology\/\",\"https:\/\/www.pinterest.com\/chronobiology\/\"]}]}<\/script>\n<!-- \/ Yoast SEO Premium plugin. -->","yoast_head_json":{"title":"Melatonin & Chronobiologie &#8211; Chronobiology.com","robots":{"index":"index","follow":"follow","max-snippet":"max-snippet:-1","max-image-preview":"max-image-preview:large","max-video-preview":"max-video-preview:-1"},"canonical":"https:\/\/dev.chronobiology.com\/de\/melatonin-chronobiologie\/","og_locale":"de_DE","og_type":"article","og_title":"Melatonin & Chronobiologie","og_description":"[vc_row full_width=&#8220;stretch_row&#8220; css=&#8220;.vc_custom_1479387610301{background-image: url(https:\/\/www.chronobiology.com\/wp-content\/uploads\/2016\/06\/brain-and-psyche-11.jpg?id=9163) !important;}&#8220; el_class=&#8220;banner-top&#8220;][vc_column][vc_custom_heading source=&#8220;post_title&#8220; font_container=&#8220;tag:h1|text_align:center&#8220; use_theme_fonts=&#8220;yes&#8220;][\/vc_column][\/vc_row][vc_row css=&#8220;.vc_custom_1592487968034{margin-top: 0px !important;padding-top: 0px !important;}&#8220; el_class=&#8220;melatoninfacts&#8220;][vc_column width=&#8220;3\/4&#8243;][vc_column_text]Melatonin, auch als \u201cMutterhormon der Chronobiologie\u201d bekannt, ist ein Hormon, das in der Zirbeldr\u00fcse hergestellt wird. Dieser Prozess erfolgt durch Hinweise vom suprachiasmatischen Nukleus des Hypothalamus, der den circadianen Rhythmus regelt. Wenn die Netzhaut des Auges aufh\u00f6rt, zu viel blaues [&hellip;]","og_url":"https:\/\/dev.chronobiology.com\/de\/melatonin-chronobiologie\/","og_site_name":"Chronobiology.com","article_publisher":"https:\/\/www.facebook.com\/chronobiology","article_modified_time":"2020-06-18T13:46:46+00:00","twitter_card":"summary_large_image","twitter_site":"@chronobionews","twitter_misc":{"Gesch\u00e4tzte Lesezeit":"5\u00a0Minuten"},"schema":{"@context":"https:\/\/schema.org","@graph":[{"@type":"WebPage","@id":"https:\/\/dev.chronobiology.com\/de\/melatonin-chronobiologie\/","url":"https:\/\/dev.chronobiology.com\/de\/melatonin-chronobiologie\/","name":"Melatonin & Chronobiologie &#8211; Chronobiology.com","isPartOf":{"@id":"https:\/\/dev.chronobiology.com\/de\/#website"},"datePublished":"2016-11-17T13:00:39+00:00","dateModified":"2020-06-18T13:46:46+00:00","breadcrumb":{"@id":"https:\/\/dev.chronobiology.com\/de\/melatonin-chronobiologie\/#breadcrumb"},"inLanguage":"de","potentialAction":[{"@type":"ReadAction","target":["https:\/\/dev.chronobiology.com\/de\/melatonin-chronobiologie\/"]}]},{"@type":"BreadcrumbList","@id":"https:\/\/dev.chronobiology.com\/de\/melatonin-chronobiologie\/#breadcrumb","itemListElement":[{"@type":"ListItem","position":1,"name":"Home","item":"https:\/\/dev.chronobiology.com\/de\/"},{"@type":"ListItem","position":2,"name":"Melatonin &#038; Chronobiologie"}]},{"@type":"WebSite","@id":"https:\/\/dev.chronobiology.com\/de\/#website","url":"https:\/\/dev.chronobiology.com\/de\/","name":"Chronobiology.com","description":"","publisher":{"@id":"https:\/\/dev.chronobiology.com\/de\/#organization"},"potentialAction":[{"@type":"SearchAction","target":{"@type":"EntryPoint","urlTemplate":"https:\/\/dev.chronobiology.com\/de\/?s={search_term_string}"},"query-input":{"@type":"PropertyValueSpecification","valueRequired":true,"valueName":"search_term_string"}}],"inLanguage":"de"},{"@type":"Organization","@id":"https:\/\/dev.chronobiology.com\/de\/#organization","name":"Chronobiology","url":"https:\/\/dev.chronobiology.com\/de\/","logo":{"@type":"ImageObject","inLanguage":"de","@id":"https:\/\/dev.chronobiology.com\/de\/#\/schema\/logo\/image\/","url":"https:\/\/www.chronobiology.com\/wp-content\/uploads\/2019\/01\/chronobiology_logo_en_r.png","contentUrl":"https:\/\/www.chronobiology.com\/wp-content\/uploads\/2019\/01\/chronobiology_logo_en_r.png","width":375,"height":90,"caption":"Chronobiology"},"image":{"@id":"https:\/\/dev.chronobiology.com\/de\/#\/schema\/logo\/image\/"},"sameAs":["https:\/\/www.facebook.com\/chronobiology","https:\/\/x.com\/chronobionews","https:\/\/www.instagram.com\/chronobiology\/","https:\/\/www.pinterest.com\/chronobiology\/"]}]}},"_links":{"self":[{"href":"https:\/\/dev.chronobiology.com\/de\/wp-json\/wp\/v2\/pages\/18089"}],"collection":[{"href":"https:\/\/dev.chronobiology.com\/de\/wp-json\/wp\/v2\/pages"}],"about":[{"href":"https:\/\/dev.chronobiology.com\/de\/wp-json\/wp\/v2\/types\/page"}],"author":[{"embeddable":true,"href":"https:\/\/dev.chronobiology.com\/de\/wp-json\/wp\/v2\/users\/15"}],"replies":[{"embeddable":true,"href":"https:\/\/dev.chronobiology.com\/de\/wp-json\/wp\/v2\/comments?post=18089"}],"version-history":[{"count":19,"href":"https:\/\/dev.chronobiology.com\/de\/wp-json\/wp\/v2\/pages\/18089\/revisions"}],"predecessor-version":[{"id":33016,"href":"https:\/\/dev.chronobiology.com\/de\/wp-json\/wp\/v2\/pages\/18089\/revisions\/33016"}],"wp:attachment":[{"href":"https:\/\/dev.chronobiology.com\/de\/wp-json\/wp\/v2\/media?parent=18089"}],"wp:term":[{"taxonomy":"category","embeddable":true,"href":"https:\/\/dev.chronobiology.com\/de\/wp-json\/wp\/v2\/categories?post=18089"}],"curies":[{"name":"wp","href":"https:\/\/api.w.org\/{rel}","templated":true}]}}