{"id":54958,"date":"2023-12-20T06:40:18","date_gmt":"2023-12-20T14:40:18","guid":{"rendered":"https:\/\/www.chronobiology.com\/melatonin-kronobiologi\/melatonins-historie\/"},"modified":"2023-12-20T06:40:19","modified_gmt":"2023-12-20T14:40:19","slug":"melatonins-historie","status":"publish","type":"page","link":"https:\/\/dev.chronobiology.com\/da\/melatonin-kronobiologi\/melatonins-historie\/","title":{"rendered":"Melatonins historie"},"content":{"rendered":"<div class=\"wpb-content-wrapper\"><p>[vc_row full_width=&#8221;stretch_row&#8221; el_class=&#8221;banner-top&#8221; css=&#8221;.vc_custom_1479388656340{background-image: url(https:\/\/www.chronobiology.com\/wp-content\/uploads\/2016\/11\/melatonin-banner.jpg?id=11663) !important;}&#8221;][vc_column][vc_custom_heading source=&#8221;post_title&#8221; font_container=&#8221;tag:h1|text_align:center&#8221; use_theme_fonts=&#8221;yes&#8221;][\/vc_column][\/vc_row][vc_row el_class=&#8221;melatoninfacts2&#8243;][vc_column][vc_column_text]<\/p>\n<h2 style=\"text-align: center;\">Historie<\/h2>\n<p>Melatonin produceres prim\u00e6rt af pinealkirtlen (glandula pinealis). Dette organ er blevet n\u00e6vnt s\u00e5 tidligt som af Galen fra Pergamon og andre gr\u00e6kere i det andet \u00e5rhundrede. I det 16. \u00e5rhundrede beskrev den franske filosof og videnskabsmand, Descartes, koglekirtlen som sj\u00e6lens s\u00e6de.<\/p>\n<p>Melatonin i sig selv blev f\u00f8rst opdaget i 1958 af en hudl\u00e6ge ved navn Aaron Lerner, og der er blevet forsket meget i det siden 1980&#8217;erne. Lerner var i stand til at isolere en forbindelse i en kv\u00e6gkoglekirtel, der havde en st\u00e6rk blegende effekt p\u00e5 amfibiehud, som han gav navnet melatonin. Det var ogs\u00e5 Lerner, der begyndte at studere hormonets effekt p\u00e5 s\u00f8vn. Efter et selvfors\u00f8g med 100 mg melatonin rapporterede Lerner, at han ikke havde nogen bivirkninger bortset fra d\u00f8sighed. I 1960&#8217;erne antog man stadig, at lys-m\u00f8rke-rytmen var vigtig for pattedyr, men ikke for mennesker. F\u00f8rst i 1981 opdagede Alfred Lewy, at st\u00e6rkt lys om natten undertrykte det endogene melatonin hos mennesker. Denne opdagelse var et gennembrud for kronobiologien og forskningen i melatonin. I begyndelsen af 1990&#8217;erne fik hormonet mere og mere opm\u00e6rksomhed, da unders\u00f8gelser viste melatonins virkning p\u00e5 forskellige kropslige processer som immunmodulering, begr\u00e6nsning af tumorv\u00e6kst, indfangning af iltradikaler og indflydelse p\u00e5 calciumafh\u00e6ngige metaboliske processer. Efterf\u00f8lgende er der kommet flere unders\u00f8gelser om melatonin og dets mangesidede indvirkning p\u00e5 menneskers sundhed.[\/vc_column_text][\/vc_column][\/vc_row]<\/p>\n<\/div>","protected":false},"excerpt":{"rendered":"<p>[vc_row full_width=&#8221;stretch_row&#8221; el_class=&#8221;banner-top&#8221; css=&#8221;.vc_custom_1479388656340{background-image: url(https:\/\/www.chronobiology.com\/wp-content\/uploads\/2016\/11\/melatonin-banner.jpg?id=11663) !important;}&#8221;][vc_column][vc_custom_heading source=&#8221;post_title&#8221; font_container=&#8221;tag:h1|text_align:center&#8221; use_theme_fonts=&#8221;yes&#8221;][\/vc_column][\/vc_row][vc_row el_class=&#8221;melatoninfacts2&#8243;][vc_column][vc_column_text] Historie Melatonin produceres prim\u00e6rt af pinealkirtlen (glandula pinealis). Dette organ er blevet n\u00e6vnt s\u00e5 tidligt som af Galen fra Pergamon og andre gr\u00e6kere i det andet \u00e5rhundrede. I det 16. \u00e5rhundrede beskrev den franske filosof og videnskabsmand, Descartes, koglekirtlen som sj\u00e6lens s\u00e6de. Melatonin i sig [&hellip;]<\/p>\n","protected":false},"author":15,"featured_media":48505,"parent":54943,"menu_order":0,"comment_status":"closed","ping_status":"closed","template":"","meta":{"_acf_changed":false,"_genesis_hide_title":false,"_genesis_hide_breadcrumbs":false,"_genesis_hide_singular_image":false,"_genesis_hide_footer_widgets":false,"_genesis_custom_body_class":"","_genesis_custom_post_class":"","_genesis_layout":"full-width-content","footnotes":""},"categories":[402,396],"class_list":{"0":"post-54958","1":"page","2":"type-page","3":"status-publish","4":"has-post-thumbnail","6":"category-melatonin-da","7":"category-soevn","8":"entry"},"acf":[],"yoast_head":"<!-- This site is optimized with the Yoast SEO Premium plugin v23.4 (Yoast SEO v23.4) - https:\/\/yoast.com\/wordpress\/plugins\/seo\/ -->\n<title>Melatonins historie &#8211; Chronobiology.com<\/title>\n<meta name=\"robots\" content=\"index, follow, max-snippet:-1, max-image-preview:large, max-video-preview:-1\" \/>\n<link rel=\"canonical\" href=\"https:\/\/dev.chronobiology.com\/da\/melatonin-kronobiologi\/melatonins-historie\/\" \/>\n<meta property=\"og:locale\" content=\"da_DK\" \/>\n<meta property=\"og:type\" content=\"article\" \/>\n<meta property=\"og:title\" content=\"Melatonins historie\" \/>\n<meta property=\"og:description\" content=\"[vc_row full_width=&#8221;stretch_row&#8221; el_class=&#8221;banner-top&#8221; css=&#8221;.vc_custom_1479388656340{background-image: url(https:\/\/www.chronobiology.com\/wp-content\/uploads\/2016\/11\/melatonin-banner.jpg?id=11663) !important;}&#8221;][vc_column][vc_custom_heading source=&#8221;post_title&#8221; font_container=&#8221;tag:h1|text_align:center&#8221; use_theme_fonts=&#8221;yes&#8221;][\/vc_column][\/vc_row][vc_row el_class=&#8221;melatoninfacts2&#8243;][vc_column][vc_column_text] Historie Melatonin produceres prim\u00e6rt af pinealkirtlen (glandula pinealis). Dette organ er blevet n\u00e6vnt s\u00e5 tidligt som af Galen fra Pergamon og andre gr\u00e6kere i det andet \u00e5rhundrede. I det 16. \u00e5rhundrede beskrev den franske filosof og videnskabsmand, Descartes, koglekirtlen som sj\u00e6lens s\u00e6de. Melatonin i sig [&hellip;]\" \/>\n<meta property=\"og:url\" content=\"https:\/\/dev.chronobiology.com\/da\/melatonin-kronobiologi\/melatonins-historie\/\" \/>\n<meta property=\"og:site_name\" content=\"Chronobiology.com\" \/>\n<meta property=\"article:publisher\" content=\"https:\/\/www.facebook.com\/chronobiology\" \/>\n<meta property=\"article:modified_time\" content=\"2023-12-20T14:40:19+00:00\" \/>\n<meta property=\"og:image\" content=\"https:\/\/dev.chronobiology.com\/wp-content\/uploads\/2016\/11\/melatonin-banner.jpg\" \/>\n\t<meta property=\"og:image:width\" content=\"1913\" \/>\n\t<meta property=\"og:image:height\" content=\"478\" \/>\n\t<meta property=\"og:image:type\" content=\"image\/jpeg\" \/>\n<meta name=\"twitter:card\" content=\"summary_large_image\" \/>\n<meta name=\"twitter:site\" content=\"@chronobionews\" \/>\n<meta name=\"twitter:label1\" content=\"Estimeret l\u00e6setid\" \/>\n\t<meta name=\"twitter:data1\" content=\"1 minut\" \/>\n<script type=\"application\/ld+json\" class=\"yoast-schema-graph\">{\"@context\":\"https:\/\/schema.org\",\"@graph\":[{\"@type\":\"WebPage\",\"@id\":\"https:\/\/dev.chronobiology.com\/da\/melatonin-kronobiologi\/melatonins-historie\/\",\"url\":\"https:\/\/dev.chronobiology.com\/da\/melatonin-kronobiologi\/melatonins-historie\/\",\"name\":\"Melatonins historie &#8211; Chronobiology.com\",\"isPartOf\":{\"@id\":\"https:\/\/dev.chronobiology.com\/da\/#website\"},\"primaryImageOfPage\":{\"@id\":\"https:\/\/dev.chronobiology.com\/da\/melatonin-kronobiologi\/melatonins-historie\/#primaryimage\"},\"image\":{\"@id\":\"https:\/\/dev.chronobiology.com\/da\/melatonin-kronobiologi\/melatonins-historie\/#primaryimage\"},\"thumbnailUrl\":\"https:\/\/dev.chronobiology.com\/wp-content\/uploads\/2016\/11\/melatonin-banner.jpg\",\"datePublished\":\"2023-12-20T14:40:18+00:00\",\"dateModified\":\"2023-12-20T14:40:19+00:00\",\"breadcrumb\":{\"@id\":\"https:\/\/dev.chronobiology.com\/da\/melatonin-kronobiologi\/melatonins-historie\/#breadcrumb\"},\"inLanguage\":\"da-DK\",\"potentialAction\":[{\"@type\":\"ReadAction\",\"target\":[\"https:\/\/dev.chronobiology.com\/da\/melatonin-kronobiologi\/melatonins-historie\/\"]}]},{\"@type\":\"ImageObject\",\"inLanguage\":\"da-DK\",\"@id\":\"https:\/\/dev.chronobiology.com\/da\/melatonin-kronobiologi\/melatonins-historie\/#primaryimage\",\"url\":\"https:\/\/dev.chronobiology.com\/wp-content\/uploads\/2016\/11\/melatonin-banner.jpg\",\"contentUrl\":\"https:\/\/dev.chronobiology.com\/wp-content\/uploads\/2016\/11\/melatonin-banner.jpg\",\"width\":1913,\"height\":478},{\"@type\":\"BreadcrumbList\",\"@id\":\"https:\/\/dev.chronobiology.com\/da\/melatonin-kronobiologi\/melatonins-historie\/#breadcrumb\",\"itemListElement\":[{\"@type\":\"ListItem\",\"position\":1,\"name\":\"Home\",\"item\":\"https:\/\/dev.chronobiology.com\/da\/\"},{\"@type\":\"ListItem\",\"position\":2,\"name\":\"Melatonin &#038; kronobiologi\",\"item\":\"https:\/\/dev.chronobiology.com\/da\/melatonin-kronobiologi\/\"},{\"@type\":\"ListItem\",\"position\":3,\"name\":\"Melatonins historie\"}]},{\"@type\":\"WebSite\",\"@id\":\"https:\/\/dev.chronobiology.com\/da\/#website\",\"url\":\"https:\/\/dev.chronobiology.com\/da\/\",\"name\":\"Chronobiology.com\",\"description\":\"\",\"publisher\":{\"@id\":\"https:\/\/dev.chronobiology.com\/da\/#organization\"},\"potentialAction\":[{\"@type\":\"SearchAction\",\"target\":{\"@type\":\"EntryPoint\",\"urlTemplate\":\"https:\/\/dev.chronobiology.com\/da\/?s={search_term_string}\"},\"query-input\":{\"@type\":\"PropertyValueSpecification\",\"valueRequired\":true,\"valueName\":\"search_term_string\"}}],\"inLanguage\":\"da-DK\"},{\"@type\":\"Organization\",\"@id\":\"https:\/\/dev.chronobiology.com\/da\/#organization\",\"name\":\"Chronobiology\",\"url\":\"https:\/\/dev.chronobiology.com\/da\/\",\"logo\":{\"@type\":\"ImageObject\",\"inLanguage\":\"da-DK\",\"@id\":\"https:\/\/dev.chronobiology.com\/da\/#\/schema\/logo\/image\/\",\"url\":\"https:\/\/www.chronobiology.com\/wp-content\/uploads\/2019\/01\/chronobiology_logo_en_r.png\",\"contentUrl\":\"https:\/\/www.chronobiology.com\/wp-content\/uploads\/2019\/01\/chronobiology_logo_en_r.png\",\"width\":375,\"height\":90,\"caption\":\"Chronobiology\"},\"image\":{\"@id\":\"https:\/\/dev.chronobiology.com\/da\/#\/schema\/logo\/image\/\"},\"sameAs\":[\"https:\/\/www.facebook.com\/chronobiology\",\"https:\/\/x.com\/chronobionews\",\"https:\/\/www.instagram.com\/chronobiology\/\",\"https:\/\/www.pinterest.com\/chronobiology\/\"]}]}<\/script>\n<!-- \/ Yoast SEO Premium plugin. -->","yoast_head_json":{"title":"Melatonins historie &#8211; Chronobiology.com","robots":{"index":"index","follow":"follow","max-snippet":"max-snippet:-1","max-image-preview":"max-image-preview:large","max-video-preview":"max-video-preview:-1"},"canonical":"https:\/\/dev.chronobiology.com\/da\/melatonin-kronobiologi\/melatonins-historie\/","og_locale":"da_DK","og_type":"article","og_title":"Melatonins historie","og_description":"[vc_row full_width=&#8221;stretch_row&#8221; el_class=&#8221;banner-top&#8221; css=&#8221;.vc_custom_1479388656340{background-image: url(https:\/\/www.chronobiology.com\/wp-content\/uploads\/2016\/11\/melatonin-banner.jpg?id=11663) !important;}&#8221;][vc_column][vc_custom_heading source=&#8221;post_title&#8221; font_container=&#8221;tag:h1|text_align:center&#8221; use_theme_fonts=&#8221;yes&#8221;][\/vc_column][\/vc_row][vc_row el_class=&#8221;melatoninfacts2&#8243;][vc_column][vc_column_text] Historie Melatonin produceres prim\u00e6rt af pinealkirtlen (glandula pinealis). Dette organ er blevet n\u00e6vnt s\u00e5 tidligt som af Galen fra Pergamon og andre gr\u00e6kere i det andet \u00e5rhundrede. I det 16. \u00e5rhundrede beskrev den franske filosof og videnskabsmand, Descartes, koglekirtlen som sj\u00e6lens s\u00e6de. Melatonin i sig [&hellip;]","og_url":"https:\/\/dev.chronobiology.com\/da\/melatonin-kronobiologi\/melatonins-historie\/","og_site_name":"Chronobiology.com","article_publisher":"https:\/\/www.facebook.com\/chronobiology","article_modified_time":"2023-12-20T14:40:19+00:00","og_image":[{"width":1913,"height":478,"url":"https:\/\/dev.chronobiology.com\/wp-content\/uploads\/2016\/11\/melatonin-banner.jpg","type":"image\/jpeg"}],"twitter_card":"summary_large_image","twitter_site":"@chronobionews","twitter_misc":{"Estimeret l\u00e6setid":"1 minut"},"schema":{"@context":"https:\/\/schema.org","@graph":[{"@type":"WebPage","@id":"https:\/\/dev.chronobiology.com\/da\/melatonin-kronobiologi\/melatonins-historie\/","url":"https:\/\/dev.chronobiology.com\/da\/melatonin-kronobiologi\/melatonins-historie\/","name":"Melatonins historie &#8211; Chronobiology.com","isPartOf":{"@id":"https:\/\/dev.chronobiology.com\/da\/#website"},"primaryImageOfPage":{"@id":"https:\/\/dev.chronobiology.com\/da\/melatonin-kronobiologi\/melatonins-historie\/#primaryimage"},"image":{"@id":"https:\/\/dev.chronobiology.com\/da\/melatonin-kronobiologi\/melatonins-historie\/#primaryimage"},"thumbnailUrl":"https:\/\/dev.chronobiology.com\/wp-content\/uploads\/2016\/11\/melatonin-banner.jpg","datePublished":"2023-12-20T14:40:18+00:00","dateModified":"2023-12-20T14:40:19+00:00","breadcrumb":{"@id":"https:\/\/dev.chronobiology.com\/da\/melatonin-kronobiologi\/melatonins-historie\/#breadcrumb"},"inLanguage":"da-DK","potentialAction":[{"@type":"ReadAction","target":["https:\/\/dev.chronobiology.com\/da\/melatonin-kronobiologi\/melatonins-historie\/"]}]},{"@type":"ImageObject","inLanguage":"da-DK","@id":"https:\/\/dev.chronobiology.com\/da\/melatonin-kronobiologi\/melatonins-historie\/#primaryimage","url":"https:\/\/dev.chronobiology.com\/wp-content\/uploads\/2016\/11\/melatonin-banner.jpg","contentUrl":"https:\/\/dev.chronobiology.com\/wp-content\/uploads\/2016\/11\/melatonin-banner.jpg","width":1913,"height":478},{"@type":"BreadcrumbList","@id":"https:\/\/dev.chronobiology.com\/da\/melatonin-kronobiologi\/melatonins-historie\/#breadcrumb","itemListElement":[{"@type":"ListItem","position":1,"name":"Home","item":"https:\/\/dev.chronobiology.com\/da\/"},{"@type":"ListItem","position":2,"name":"Melatonin &#038; kronobiologi","item":"https:\/\/dev.chronobiology.com\/da\/melatonin-kronobiologi\/"},{"@type":"ListItem","position":3,"name":"Melatonins historie"}]},{"@type":"WebSite","@id":"https:\/\/dev.chronobiology.com\/da\/#website","url":"https:\/\/dev.chronobiology.com\/da\/","name":"Chronobiology.com","description":"","publisher":{"@id":"https:\/\/dev.chronobiology.com\/da\/#organization"},"potentialAction":[{"@type":"SearchAction","target":{"@type":"EntryPoint","urlTemplate":"https:\/\/dev.chronobiology.com\/da\/?s={search_term_string}"},"query-input":{"@type":"PropertyValueSpecification","valueRequired":true,"valueName":"search_term_string"}}],"inLanguage":"da-DK"},{"@type":"Organization","@id":"https:\/\/dev.chronobiology.com\/da\/#organization","name":"Chronobiology","url":"https:\/\/dev.chronobiology.com\/da\/","logo":{"@type":"ImageObject","inLanguage":"da-DK","@id":"https:\/\/dev.chronobiology.com\/da\/#\/schema\/logo\/image\/","url":"https:\/\/www.chronobiology.com\/wp-content\/uploads\/2019\/01\/chronobiology_logo_en_r.png","contentUrl":"https:\/\/www.chronobiology.com\/wp-content\/uploads\/2019\/01\/chronobiology_logo_en_r.png","width":375,"height":90,"caption":"Chronobiology"},"image":{"@id":"https:\/\/dev.chronobiology.com\/da\/#\/schema\/logo\/image\/"},"sameAs":["https:\/\/www.facebook.com\/chronobiology","https:\/\/x.com\/chronobionews","https:\/\/www.instagram.com\/chronobiology\/","https:\/\/www.pinterest.com\/chronobiology\/"]}]}},"_links":{"self":[{"href":"https:\/\/dev.chronobiology.com\/da\/wp-json\/wp\/v2\/pages\/54958"}],"collection":[{"href":"https:\/\/dev.chronobiology.com\/da\/wp-json\/wp\/v2\/pages"}],"about":[{"href":"https:\/\/dev.chronobiology.com\/da\/wp-json\/wp\/v2\/types\/page"}],"author":[{"embeddable":true,"href":"https:\/\/dev.chronobiology.com\/da\/wp-json\/wp\/v2\/users\/15"}],"replies":[{"embeddable":true,"href":"https:\/\/dev.chronobiology.com\/da\/wp-json\/wp\/v2\/comments?post=54958"}],"version-history":[{"count":2,"href":"https:\/\/dev.chronobiology.com\/da\/wp-json\/wp\/v2\/pages\/54958\/revisions"}],"predecessor-version":[{"id":54960,"href":"https:\/\/dev.chronobiology.com\/da\/wp-json\/wp\/v2\/pages\/54958\/revisions\/54960"}],"up":[{"embeddable":true,"href":"https:\/\/dev.chronobiology.com\/da\/wp-json\/wp\/v2\/pages\/54943"}],"wp:featuredmedia":[{"embeddable":true,"href":"https:\/\/dev.chronobiology.com\/da\/wp-json\/wp\/v2\/media\/48505"}],"wp:attachment":[{"href":"https:\/\/dev.chronobiology.com\/da\/wp-json\/wp\/v2\/media?parent=54958"}],"wp:term":[{"taxonomy":"category","embeddable":true,"href":"https:\/\/dev.chronobiology.com\/da\/wp-json\/wp\/v2\/categories?post=54958"}],"curies":[{"name":"wp","href":"https:\/\/api.w.org\/{rel}","templated":true}]}}