{"id":54935,"date":"2023-12-19T08:25:29","date_gmt":"2023-12-19T16:25:29","guid":{"rendered":"https:\/\/www.chronobiology.com\/sundhedsmaessige-fordele-ved-kronofarmakologi\/muskuloskeletale-system\/"},"modified":"2023-12-19T08:25:30","modified_gmt":"2023-12-19T16:25:30","slug":"muskuloskeletale-system","status":"publish","type":"page","link":"https:\/\/dev.chronobiology.com\/da\/sundhedsmaessige-fordele-ved-kronofarmakologi\/muskuloskeletale-system\/","title":{"rendered":"Muskuloskeletale system"},"content":{"rendered":"<div class=\"wpb-content-wrapper\"><p>[vc_row full_width=&#8221;stretch_row&#8221; el_class=&#8221;banner-top&#8221; css=&#8221;.vc_custom_1479344332000{background-image: url(https:\/\/www.chronobiology.com\/wp-content\/uploads\/2016\/06\/brain-and-psyche-14.jpg?id=9166) !important;}&#8221;][vc_column][vc_custom_heading source=&#8221;post_title&#8221; font_container=&#8221;tag:h1|text_align:center&#8221; use_theme_fonts=&#8221;yes&#8221;][\/vc_column][\/vc_row][vc_row][vc_column][vc_column_text]For at vores bev\u00e6geapparat kan fungere ordentligt, har vi brug for sunde knogler, led og muskler. Forkert ern\u00e6ring, utilstr\u00e6kkelig bev\u00e6gelse og ulige fordeling af belastningen skaber en r\u00e6kke sygdomme, som kan p\u00e5virke et, to eller alle tre omr\u00e5der. Kronobiologien har l\u00e6nge erkendt, at visse stoffer, som bruges p\u00e5 det rigtige tidspunkt af dagen for at sikre optimal effektivitet, kan holde bev\u00e6geapparatet sundt, forbedre symptomer og generelt forebygge sygdomme.<\/p>\n<h3>Leddene<\/h3>\n<p>Mennesker har omkring 100 led, som giver dem fleksibel mobilitet. Leddene fungerer som forbindelsespunkter mellem knoglerne. Glat brusk omslutter ledfladerne og muligg\u00f8r en friktionsfri glidende bev\u00e6gelse. Leddet og brusken er pakket ind i en kapsel, som p\u00e5 den ene side holder leddet sammen og p\u00e5 den anden side forsyner det med n\u00e6ringsstoffer. Hvis et led beskadiges, opst\u00e5r der en r\u00e6kke reumatiske sygdomme. Artrose er den mest almindelige ledsygdom p\u00e5 verdensplan. Artrose er resultatet af en ubalance mellem brugen af leddet og dets naturlige belastningskapacitet. Dette f\u00f8rer til en gradvis \u00f8del\u00e6ggelse af brusken i leddet, som endda til sidst kan resultere i knogleforandringer. Denne naturlige slitageproces er delvist afh\u00e6ngig af aldring og kan p\u00e5virke alle led. I USA er omkring 21 millioner voksne ramt af denne sygdom. De f\u00f8rste symptomer viser sig ofte mellem 50 og 60 \u00e5r, og nogle gange endnu tidligere. Over 60 \u00e5r k\u00e6mper hver anden kvinde og hver tredje mand med denne sygdom. Artrose er afh\u00e6ngig af mange faktorer, hvoraf den pr\u00e6cise mekanisme endnu ikke er klarlagt. H\u00f8j belastning gennem h\u00e5rdt arbejde, fedme, ulige fordeling af belastning, milj\u00f8faktorer, gener og allerede eksisterende ledsygdomme kan spille en rolle i udviklingen. Derudover neds\u00e6tter stigende alder kroppens regenerative evne. Vigtig endogen brusk produceres ikke l\u00e6ngere i tilstr\u00e6kkeligt omfang, og derfor slides leddene gradvist. Der er to forskellige ting, der modvirker denne proces:[\/vc_column_text][\/vc_column][\/vc_row][vc_row][vc_column][vc_tta_accordion color=&#8221;turquoise&#8221; c_icon=&#8221;chevron&#8221; c_position=&#8221;right&#8221; active_section=&#8221;99&#8243; no_fill=&#8221;true&#8221; collapsible_all=&#8221;true&#8221;][vc_tta_section title=&#8221;Tr\u00e6ning mod ledsygdomme&#8221; tab_id=&#8221;1479253011645-6b37ef93-1dc0&#8243;][vc_row_inner css=&#8221;.vc_custom_1479385822359{background-image: url(https:\/\/www.chronobiology.com\/wp-content\/uploads\/2014\/01\/muscul_1.jpg?id=11614) !important;}&#8221;][vc_column_inner][vc_column_text]Vores krop er bygget til at v\u00e6re i bev\u00e6gelse, og uden bev\u00e6gelse mister vores muskelsystem sin sp\u00e6nding, elasticitet og styrke. Det f\u00f8rer til, at leddene bliver immobile, og knoglerne bliver tyndere, samtidig med at brusken bliver bl\u00f8d og por\u00f8s. Fysisk tr\u00e6ning kan holde leddene sunde, da det producerer en form for sm\u00f8remiddel (ledv\u00e6ske), der fungerer som et glidemiddel, der sikrer friktionsfri bev\u00e6gelighed. Samtidig forsyner det leddet med n\u00e6ringsstoffer. Motion kan forebygge artrose, og det kan ogs\u00e5 bremse udviklingen af sygdommen. \u00d8velser, der kr\u00e6ver moderate bev\u00e6gelser, anbefales is\u00e6r, da de ikke er s\u00e5 kr\u00e6vende for led, der muligvis allerede er beskadigede. Eksperter anbefaler udholdenhedssport som sv\u00f8mning, cykling, gang og aquajogging. Styrketr\u00e6ning anbefales dog ogs\u00e5, da det opbygger de muskler, der kan st\u00f8tte og aflaste beskadigede led. En kombination af begge discipliner i en daglig udveksling og tilpasset personlige behov ville v\u00e6re ideel.[\/vc_column_text][\/vc_column_inner][\/vc_row_inner][\/vc_tta_section][\/vc_tta_accordion][\/vc_column][\/vc_row][vc_row][vc_column][vc_tta_accordion color=&#8221;turquoise&#8221; c_icon=&#8221;chevron&#8221; c_position=&#8221;right&#8221; active_section=&#8221;99&#8243; no_fill=&#8221;true&#8221; collapsible_all=&#8221;true&#8221;][vc_tta_section title=&#8221;St\u00f8tte til bruskv\u00e6kst gennem brug af aktive stoffer p\u00e5 en rettidig m\u00e5de i overensstemmelse med kronobiologiske standarder&#8221; tab_id=&#8221;1479253102335-c0c30bc3-94f1&#8243;][vc_row_inner css=&#8221;.vc_custom_1479385839144{background-image: url(https:\/\/www.chronobiology.com\/wp-content\/uploads\/2014\/01\/muscul_2.jpg?id=11613) !important;}&#8221;][vc_column_inner][vc_column_text]Forskere har allerede erkendt, at der findes visse bruskn\u00e6ringsstoffer, som er afg\u00f8rende for bruskens sundhed og kampen mod artrose. Det drejer sig om stofferne glucosamin, chondroitin og hyaluronsyre, som er vigtige bruskkomponenter, der sikrer sunde led. Hvis disse stoffer ikke l\u00e6ngere produceres tilstr\u00e6kkeligt af kroppen, skal de tils\u00e6ttes kunstigt ved hj\u00e6lp af et kronobiologisk supplement, da de sj\u00e6ldent findes i den daglige ern\u00e6ring (undtagelse: skaldyr). Brusk er ikke kun i stand til at regenerere sig selv, men det kan endda genvinde sin glathed ved hj\u00e6lp af bruskn\u00e6ringsstoffer. Calcium eller mangan, OPC og zink er desuden nyttige mineraler, der kan forhindre tab af brusk i leddene. En intelligent kronobiologisk opdeling af disse kosttilskud i morgen- og aftenstoffer muligg\u00f8r en optimal forsyning af brusk gennem hele dagen. Morgenstofferne beskytter mod nye skader, mens aftenstofferne fremmer regenereringen, og sund brusk har ogs\u00e5 brug for nogle stoffer hele dagen.<\/p>\n<p><strong>Stoffer til om morgenen (aktiverende effekt):<\/strong><\/p>\n<ul>\n<li>Glucosamin<\/li>\n<li>Chondroitin<\/li>\n<li>MSM<\/li>\n<li>Calcium<\/li>\n<li>Hyaluronsyre<\/li>\n<li>C-vitamin<\/li>\n<\/ul>\n<p><strong>Stoffer til om aftenen (regenerativ effekt):<\/strong><\/p>\n<ul>\n<li>Glucosamin<\/li>\n<li>Chondroitin<\/li>\n<li>MSM<\/li>\n<li>Zink<\/li>\n<li>OPC<\/li>\n<li>Mangan<\/li>\n<li>Hyaluronsyre<\/li>\n<\/ul>\n<p>[\/vc_column_text][\/vc_column_inner][\/vc_row_inner][\/vc_tta_section][\/vc_tta_accordion][\/vc_column][\/vc_row][vc_row][vc_column][vc_column_text]<\/p>\n<h3>Knogler<\/h3>\n<p>De vigtigste kr\u00e6fter i knogledannelsen er endogene hormoner. Knoglernes stofskifte styres af disse sm\u00e5 hormonmolekyler, som s\u00f8rger for en kontinuerlig nedbrydning og dannelse. For at holde vores knogler sunde har vi brug for D-vitamin, som i dag ogs\u00e5 betragtes som et hormon, samt calcium, alts\u00e5 to stoffer, som spiller en central rolle i knoglemetabolismen. Calcium fungerer som en byggesten for knoglerne. For at kunne optage dette vigtige mineral i tilstr\u00e6kkelig m\u00e6ngde er det n\u00f8dvendigt med D-vitamin, som er ansvarlig for reguleringen af calcium- og fosfatmetabolismen og bidrager til stabiliseringen af knoglerne. Derfor fremmer D-vitamin optagelsen af calcium, men det underst\u00f8tter ogs\u00e5 dets integration i knoglerne. Desv\u00e6rre udviser mange mennesker, is\u00e6r \u00e6ldre, mangel p\u00e5 D-vitamin, og \u00e5rsagen til dette er en lav tilf\u00f8rsel via kosten. Kroppen er i stand til selv at producere D-vitamin gennem sollys, men efter en vis alder er den endogene produktion begr\u00e6nset. \u00c6ndringer i hormoner som \u00f8strogen i alderdommen er is\u00e6r ansvarlige for tab af knoglemasse, hvilket sv\u00e6kker knoglerne og g\u00f8r dem por\u00f8se og sk\u00f8re. Derudover er der en r\u00e6kke andre faktorer, som har en negativ indvirkning p\u00e5 knoglerne, herunder sygdomme som diabetes, spiseforstyrrelser og gastrointestinale sygdomme. D\u00e5rlig ern\u00e6ring, is\u00e6r i forbindelse med for lidt motion, belaster knoglestrukturen lige s\u00e5 meget som overdrevent alkoholforbrug og indtagelse af kortisonholdige l\u00e6gemidler over en l\u00e6ngere periode. Disse p\u00e5virkninger kan f\u00f8re til dannelsen af en r\u00e6kke knoglesygdomme.[\/vc_column_text][\/vc_column][\/vc_row][vc_row][vc_column][vc_tta_accordion color=&#8221;turquoise&#8221; c_icon=&#8221;chevron&#8221; c_position=&#8221;right&#8221; active_section=&#8221;99&#8243; no_fill=&#8221;true&#8221; collapsible_all=&#8221;true&#8221;][vc_tta_section title=&#8221;Osteoporose&#8221; tab_id=&#8221;1479253390221-53af0e2e-cd8b&#8221;][vc_row_inner css=&#8221;.vc_custom_1479385853409{background-image: url(https:\/\/www.chronobiology.com\/wp-content\/uploads\/2014\/01\/muscul_3.jpg?id=11615) !important;}&#8221;][vc_column_inner][vc_column_text]Osteoporose er blandt de 10 mest almindelige folkesygdomme og p\u00e5virker is\u00e6r knoglerne. 25 millioner mennesker i USA er ramt af osteoporose, og i Tyskland lider omkring 7 millioner af denne knoglesygdom. Det ansl\u00e5s, at en ud af fem m\u00e6nd rammes, mens 20 til 30 procent af kvinderne rammes. Kvinder kan blive syge af osteoporose, selv \u00e5rtier f\u00f8r de kommer i overgangsalderen. Resultatet er, at knoglesubstanserne nedbrydes for meget, og knoglerne mister deres styrke og br\u00e6kker. De knogler, der oftest rammes, er hoften, rygs\u00f8jlen, brystkassen, b\u00e6kkenet og h\u00e5ndleddet. Selv et let slag eller en pludselig bev\u00e6gelse kan v\u00e6re nok til at udl\u00f8se et brud.<\/p>\n<h5>St\u00f8tte til knoglesundheden gennem brug af aktive stoffer i rette tid i overensstemmelse med kronobiologiske standarder<\/h5>\n<p>Den specifikke tilf\u00f8rsel af D-vitamin er afg\u00f8rende for behandlingen af denne sygdom. Da dette vitamin ikke er tilstr\u00e6kkeligt tilg\u00e6ngeligt gennem den daglige ern\u00e6ring, anbefales tilskud gennem D3-vitaminpr\u00e6parater. Til forebyggelse af osteoporose kan man give lave doser \u00f8strogen til kvinder, der allerede er i overgangsalderen. Tilstr\u00e6kkelige m\u00e6ngder \u00f8strogen fremmer knogledannelsen og mindsker knoglenedbrydningen. En optimal forsyning af n\u00e6ringsstoffer og vitaminer til knoglerne kan sikres gennem hele dagen ved hj\u00e6lp af kronobiologisk designede opdelinger i morgen- og aftenstoffer.<\/p>\n<p><strong>Stoffer til om morgenen (aktiverende effekt):<\/strong><\/p>\n<ul>\n<li>MCHC<\/li>\n<li>Calcium<\/li>\n<li>C-vitamin<\/li>\n<li>D-vitamin<\/li>\n<li>B6-vitamin<\/li>\n<li>K2-vitamin<\/li>\n<li>\u00d8strogen<\/li>\n<\/ul>\n<p><strong>Stoffer til om aftenen (regenerativ effekt):<\/strong><\/p>\n<ul>\n<li>MCHC<\/li>\n<li>Calcium<\/li>\n<li>Magnesium<\/li>\n<li>MSM<\/li>\n<li>Isoflavon<\/li>\n<li>Vitamin B12<\/li>\n<\/ul>\n<p>[\/vc_column_text][\/vc_column_inner][\/vc_row_inner][\/vc_tta_section][\/vc_tta_accordion][\/vc_column][\/vc_row]<\/p>\n<\/div>","protected":false},"excerpt":{"rendered":"<p>[vc_row full_width=&#8221;stretch_row&#8221; el_class=&#8221;banner-top&#8221; css=&#8221;.vc_custom_1479344332000{background-image: url(https:\/\/www.chronobiology.com\/wp-content\/uploads\/2016\/06\/brain-and-psyche-14.jpg?id=9166) !important;}&#8221;][vc_column][vc_custom_heading source=&#8221;post_title&#8221; font_container=&#8221;tag:h1|text_align:center&#8221; use_theme_fonts=&#8221;yes&#8221;][\/vc_column][\/vc_row][vc_row][vc_column][vc_column_text]For at vores bev\u00e6geapparat kan fungere ordentligt, har vi brug for sunde knogler, led og muskler. Forkert ern\u00e6ring, utilstr\u00e6kkelig bev\u00e6gelse og ulige fordeling af belastningen skaber en r\u00e6kke sygdomme, som kan p\u00e5virke et, to eller alle tre omr\u00e5der. Kronobiologien har l\u00e6nge erkendt, at visse stoffer, som bruges [&hellip;]<\/p>\n","protected":false},"author":11,"featured_media":47969,"parent":54911,"menu_order":0,"comment_status":"closed","ping_status":"closed","template":"","meta":{"_acf_changed":false,"_genesis_hide_title":false,"_genesis_hide_breadcrumbs":false,"_genesis_hide_singular_image":false,"_genesis_hide_footer_widgets":false,"_genesis_custom_body_class":"","_genesis_custom_post_class":"","_genesis_layout":"full-width-content","footnotes":""},"categories":[],"class_list":{"0":"post-54935","1":"page","2":"type-page","3":"status-publish","4":"has-post-thumbnail","6":"entry"},"acf":[],"yoast_head":"<!-- This site is optimized with the Yoast SEO Premium plugin v23.4 (Yoast SEO v23.4) - https:\/\/yoast.com\/wordpress\/plugins\/seo\/ -->\n<title>Muskuloskeletale system &#8211; Chronobiology.com<\/title>\n<meta name=\"robots\" content=\"index, follow, max-snippet:-1, max-image-preview:large, max-video-preview:-1\" \/>\n<link rel=\"canonical\" href=\"https:\/\/dev.chronobiology.com\/da\/sundhedsmaessige-fordele-ved-kronofarmakologi\/muskuloskeletale-system\/\" \/>\n<meta property=\"og:locale\" content=\"da_DK\" \/>\n<meta property=\"og:type\" content=\"article\" \/>\n<meta property=\"og:title\" content=\"Muskuloskeletale system\" \/>\n<meta property=\"og:description\" content=\"[vc_row full_width=&#8221;stretch_row&#8221; el_class=&#8221;banner-top&#8221; css=&#8221;.vc_custom_1479344332000{background-image: url(https:\/\/www.chronobiology.com\/wp-content\/uploads\/2016\/06\/brain-and-psyche-14.jpg?id=9166) !important;}&#8221;][vc_column][vc_custom_heading source=&#8221;post_title&#8221; font_container=&#8221;tag:h1|text_align:center&#8221; use_theme_fonts=&#8221;yes&#8221;][\/vc_column][\/vc_row][vc_row][vc_column][vc_column_text]For at vores bev\u00e6geapparat kan fungere ordentligt, har vi brug for sunde knogler, led og muskler. Forkert ern\u00e6ring, utilstr\u00e6kkelig bev\u00e6gelse og ulige fordeling af belastningen skaber en r\u00e6kke sygdomme, som kan p\u00e5virke et, to eller alle tre omr\u00e5der. Kronobiologien har l\u00e6nge erkendt, at visse stoffer, som bruges [&hellip;]\" \/>\n<meta property=\"og:url\" content=\"https:\/\/dev.chronobiology.com\/da\/sundhedsmaessige-fordele-ved-kronofarmakologi\/muskuloskeletale-system\/\" \/>\n<meta property=\"og:site_name\" content=\"Chronobiology.com\" \/>\n<meta property=\"article:publisher\" content=\"https:\/\/www.facebook.com\/chronobiology\" \/>\n<meta property=\"article:modified_time\" content=\"2023-12-19T16:25:30+00:00\" \/>\n<meta property=\"og:image\" content=\"https:\/\/dev.chronobiology.com\/wp-content\/uploads\/2016\/06\/brain-and-psyche-14.jpg\" \/>\n\t<meta property=\"og:image:width\" content=\"1800\" \/>\n\t<meta property=\"og:image:height\" content=\"449\" \/>\n\t<meta property=\"og:image:type\" content=\"image\/jpeg\" \/>\n<meta name=\"twitter:card\" content=\"summary_large_image\" \/>\n<meta name=\"twitter:site\" content=\"@chronobionews\" \/>\n<meta name=\"twitter:label1\" content=\"Estimeret l\u00e6setid\" \/>\n\t<meta name=\"twitter:data1\" content=\"7 minutter\" \/>\n<script type=\"application\/ld+json\" class=\"yoast-schema-graph\">{\"@context\":\"https:\/\/schema.org\",\"@graph\":[{\"@type\":\"WebPage\",\"@id\":\"https:\/\/dev.chronobiology.com\/da\/sundhedsmaessige-fordele-ved-kronofarmakologi\/muskuloskeletale-system\/\",\"url\":\"https:\/\/dev.chronobiology.com\/da\/sundhedsmaessige-fordele-ved-kronofarmakologi\/muskuloskeletale-system\/\",\"name\":\"Muskuloskeletale system &#8211; Chronobiology.com\",\"isPartOf\":{\"@id\":\"https:\/\/dev.chronobiology.com\/da\/#website\"},\"primaryImageOfPage\":{\"@id\":\"https:\/\/dev.chronobiology.com\/da\/sundhedsmaessige-fordele-ved-kronofarmakologi\/muskuloskeletale-system\/#primaryimage\"},\"image\":{\"@id\":\"https:\/\/dev.chronobiology.com\/da\/sundhedsmaessige-fordele-ved-kronofarmakologi\/muskuloskeletale-system\/#primaryimage\"},\"thumbnailUrl\":\"https:\/\/dev.chronobiology.com\/wp-content\/uploads\/2016\/06\/brain-and-psyche-14.jpg\",\"datePublished\":\"2023-12-19T16:25:29+00:00\",\"dateModified\":\"2023-12-19T16:25:30+00:00\",\"breadcrumb\":{\"@id\":\"https:\/\/dev.chronobiology.com\/da\/sundhedsmaessige-fordele-ved-kronofarmakologi\/muskuloskeletale-system\/#breadcrumb\"},\"inLanguage\":\"da-DK\",\"potentialAction\":[{\"@type\":\"ReadAction\",\"target\":[\"https:\/\/dev.chronobiology.com\/da\/sundhedsmaessige-fordele-ved-kronofarmakologi\/muskuloskeletale-system\/\"]}]},{\"@type\":\"ImageObject\",\"inLanguage\":\"da-DK\",\"@id\":\"https:\/\/dev.chronobiology.com\/da\/sundhedsmaessige-fordele-ved-kronofarmakologi\/muskuloskeletale-system\/#primaryimage\",\"url\":\"https:\/\/dev.chronobiology.com\/wp-content\/uploads\/2016\/06\/brain-and-psyche-14.jpg\",\"contentUrl\":\"https:\/\/dev.chronobiology.com\/wp-content\/uploads\/2016\/06\/brain-and-psyche-14.jpg\",\"width\":1800,\"height\":449},{\"@type\":\"BreadcrumbList\",\"@id\":\"https:\/\/dev.chronobiology.com\/da\/sundhedsmaessige-fordele-ved-kronofarmakologi\/muskuloskeletale-system\/#breadcrumb\",\"itemListElement\":[{\"@type\":\"ListItem\",\"position\":1,\"name\":\"Home\",\"item\":\"https:\/\/dev.chronobiology.com\/da\/\"},{\"@type\":\"ListItem\",\"position\":2,\"name\":\"Sundhedsm\u00e6ssige fordele ved kronofarmakologi\",\"item\":\"https:\/\/dev.chronobiology.com\/da\/sundhedsmaessige-fordele-ved-kronofarmakologi\/\"},{\"@type\":\"ListItem\",\"position\":3,\"name\":\"Muskuloskeletale system\"}]},{\"@type\":\"WebSite\",\"@id\":\"https:\/\/dev.chronobiology.com\/da\/#website\",\"url\":\"https:\/\/dev.chronobiology.com\/da\/\",\"name\":\"Chronobiology.com\",\"description\":\"\",\"publisher\":{\"@id\":\"https:\/\/dev.chronobiology.com\/da\/#organization\"},\"potentialAction\":[{\"@type\":\"SearchAction\",\"target\":{\"@type\":\"EntryPoint\",\"urlTemplate\":\"https:\/\/dev.chronobiology.com\/da\/?s={search_term_string}\"},\"query-input\":{\"@type\":\"PropertyValueSpecification\",\"valueRequired\":true,\"valueName\":\"search_term_string\"}}],\"inLanguage\":\"da-DK\"},{\"@type\":\"Organization\",\"@id\":\"https:\/\/dev.chronobiology.com\/da\/#organization\",\"name\":\"Chronobiology\",\"url\":\"https:\/\/dev.chronobiology.com\/da\/\",\"logo\":{\"@type\":\"ImageObject\",\"inLanguage\":\"da-DK\",\"@id\":\"https:\/\/dev.chronobiology.com\/da\/#\/schema\/logo\/image\/\",\"url\":\"https:\/\/www.chronobiology.com\/wp-content\/uploads\/2019\/01\/chronobiology_logo_en_r.png\",\"contentUrl\":\"https:\/\/www.chronobiology.com\/wp-content\/uploads\/2019\/01\/chronobiology_logo_en_r.png\",\"width\":375,\"height\":90,\"caption\":\"Chronobiology\"},\"image\":{\"@id\":\"https:\/\/dev.chronobiology.com\/da\/#\/schema\/logo\/image\/\"},\"sameAs\":[\"https:\/\/www.facebook.com\/chronobiology\",\"https:\/\/x.com\/chronobionews\",\"https:\/\/www.instagram.com\/chronobiology\/\",\"https:\/\/www.pinterest.com\/chronobiology\/\"]}]}<\/script>\n<!-- \/ Yoast SEO Premium plugin. -->","yoast_head_json":{"title":"Muskuloskeletale system &#8211; Chronobiology.com","robots":{"index":"index","follow":"follow","max-snippet":"max-snippet:-1","max-image-preview":"max-image-preview:large","max-video-preview":"max-video-preview:-1"},"canonical":"https:\/\/dev.chronobiology.com\/da\/sundhedsmaessige-fordele-ved-kronofarmakologi\/muskuloskeletale-system\/","og_locale":"da_DK","og_type":"article","og_title":"Muskuloskeletale system","og_description":"[vc_row full_width=&#8221;stretch_row&#8221; el_class=&#8221;banner-top&#8221; css=&#8221;.vc_custom_1479344332000{background-image: url(https:\/\/www.chronobiology.com\/wp-content\/uploads\/2016\/06\/brain-and-psyche-14.jpg?id=9166) !important;}&#8221;][vc_column][vc_custom_heading source=&#8221;post_title&#8221; font_container=&#8221;tag:h1|text_align:center&#8221; use_theme_fonts=&#8221;yes&#8221;][\/vc_column][\/vc_row][vc_row][vc_column][vc_column_text]For at vores bev\u00e6geapparat kan fungere ordentligt, har vi brug for sunde knogler, led og muskler. Forkert ern\u00e6ring, utilstr\u00e6kkelig bev\u00e6gelse og ulige fordeling af belastningen skaber en r\u00e6kke sygdomme, som kan p\u00e5virke et, to eller alle tre omr\u00e5der. Kronobiologien har l\u00e6nge erkendt, at visse stoffer, som bruges [&hellip;]","og_url":"https:\/\/dev.chronobiology.com\/da\/sundhedsmaessige-fordele-ved-kronofarmakologi\/muskuloskeletale-system\/","og_site_name":"Chronobiology.com","article_publisher":"https:\/\/www.facebook.com\/chronobiology","article_modified_time":"2023-12-19T16:25:30+00:00","og_image":[{"width":1800,"height":449,"url":"https:\/\/dev.chronobiology.com\/wp-content\/uploads\/2016\/06\/brain-and-psyche-14.jpg","type":"image\/jpeg"}],"twitter_card":"summary_large_image","twitter_site":"@chronobionews","twitter_misc":{"Estimeret l\u00e6setid":"7 minutter"},"schema":{"@context":"https:\/\/schema.org","@graph":[{"@type":"WebPage","@id":"https:\/\/dev.chronobiology.com\/da\/sundhedsmaessige-fordele-ved-kronofarmakologi\/muskuloskeletale-system\/","url":"https:\/\/dev.chronobiology.com\/da\/sundhedsmaessige-fordele-ved-kronofarmakologi\/muskuloskeletale-system\/","name":"Muskuloskeletale system &#8211; Chronobiology.com","isPartOf":{"@id":"https:\/\/dev.chronobiology.com\/da\/#website"},"primaryImageOfPage":{"@id":"https:\/\/dev.chronobiology.com\/da\/sundhedsmaessige-fordele-ved-kronofarmakologi\/muskuloskeletale-system\/#primaryimage"},"image":{"@id":"https:\/\/dev.chronobiology.com\/da\/sundhedsmaessige-fordele-ved-kronofarmakologi\/muskuloskeletale-system\/#primaryimage"},"thumbnailUrl":"https:\/\/dev.chronobiology.com\/wp-content\/uploads\/2016\/06\/brain-and-psyche-14.jpg","datePublished":"2023-12-19T16:25:29+00:00","dateModified":"2023-12-19T16:25:30+00:00","breadcrumb":{"@id":"https:\/\/dev.chronobiology.com\/da\/sundhedsmaessige-fordele-ved-kronofarmakologi\/muskuloskeletale-system\/#breadcrumb"},"inLanguage":"da-DK","potentialAction":[{"@type":"ReadAction","target":["https:\/\/dev.chronobiology.com\/da\/sundhedsmaessige-fordele-ved-kronofarmakologi\/muskuloskeletale-system\/"]}]},{"@type":"ImageObject","inLanguage":"da-DK","@id":"https:\/\/dev.chronobiology.com\/da\/sundhedsmaessige-fordele-ved-kronofarmakologi\/muskuloskeletale-system\/#primaryimage","url":"https:\/\/dev.chronobiology.com\/wp-content\/uploads\/2016\/06\/brain-and-psyche-14.jpg","contentUrl":"https:\/\/dev.chronobiology.com\/wp-content\/uploads\/2016\/06\/brain-and-psyche-14.jpg","width":1800,"height":449},{"@type":"BreadcrumbList","@id":"https:\/\/dev.chronobiology.com\/da\/sundhedsmaessige-fordele-ved-kronofarmakologi\/muskuloskeletale-system\/#breadcrumb","itemListElement":[{"@type":"ListItem","position":1,"name":"Home","item":"https:\/\/dev.chronobiology.com\/da\/"},{"@type":"ListItem","position":2,"name":"Sundhedsm\u00e6ssige fordele ved kronofarmakologi","item":"https:\/\/dev.chronobiology.com\/da\/sundhedsmaessige-fordele-ved-kronofarmakologi\/"},{"@type":"ListItem","position":3,"name":"Muskuloskeletale system"}]},{"@type":"WebSite","@id":"https:\/\/dev.chronobiology.com\/da\/#website","url":"https:\/\/dev.chronobiology.com\/da\/","name":"Chronobiology.com","description":"","publisher":{"@id":"https:\/\/dev.chronobiology.com\/da\/#organization"},"potentialAction":[{"@type":"SearchAction","target":{"@type":"EntryPoint","urlTemplate":"https:\/\/dev.chronobiology.com\/da\/?s={search_term_string}"},"query-input":{"@type":"PropertyValueSpecification","valueRequired":true,"valueName":"search_term_string"}}],"inLanguage":"da-DK"},{"@type":"Organization","@id":"https:\/\/dev.chronobiology.com\/da\/#organization","name":"Chronobiology","url":"https:\/\/dev.chronobiology.com\/da\/","logo":{"@type":"ImageObject","inLanguage":"da-DK","@id":"https:\/\/dev.chronobiology.com\/da\/#\/schema\/logo\/image\/","url":"https:\/\/www.chronobiology.com\/wp-content\/uploads\/2019\/01\/chronobiology_logo_en_r.png","contentUrl":"https:\/\/www.chronobiology.com\/wp-content\/uploads\/2019\/01\/chronobiology_logo_en_r.png","width":375,"height":90,"caption":"Chronobiology"},"image":{"@id":"https:\/\/dev.chronobiology.com\/da\/#\/schema\/logo\/image\/"},"sameAs":["https:\/\/www.facebook.com\/chronobiology","https:\/\/x.com\/chronobionews","https:\/\/www.instagram.com\/chronobiology\/","https:\/\/www.pinterest.com\/chronobiology\/"]}]}},"_links":{"self":[{"href":"https:\/\/dev.chronobiology.com\/da\/wp-json\/wp\/v2\/pages\/54935"}],"collection":[{"href":"https:\/\/dev.chronobiology.com\/da\/wp-json\/wp\/v2\/pages"}],"about":[{"href":"https:\/\/dev.chronobiology.com\/da\/wp-json\/wp\/v2\/types\/page"}],"author":[{"embeddable":true,"href":"https:\/\/dev.chronobiology.com\/da\/wp-json\/wp\/v2\/users\/11"}],"replies":[{"embeddable":true,"href":"https:\/\/dev.chronobiology.com\/da\/wp-json\/wp\/v2\/comments?post=54935"}],"version-history":[{"count":2,"href":"https:\/\/dev.chronobiology.com\/da\/wp-json\/wp\/v2\/pages\/54935\/revisions"}],"predecessor-version":[{"id":54937,"href":"https:\/\/dev.chronobiology.com\/da\/wp-json\/wp\/v2\/pages\/54935\/revisions\/54937"}],"up":[{"embeddable":true,"href":"https:\/\/dev.chronobiology.com\/da\/wp-json\/wp\/v2\/pages\/54911"}],"wp:featuredmedia":[{"embeddable":true,"href":"https:\/\/dev.chronobiology.com\/da\/wp-json\/wp\/v2\/media\/47969"}],"wp:attachment":[{"href":"https:\/\/dev.chronobiology.com\/da\/wp-json\/wp\/v2\/media?parent=54935"}],"wp:term":[{"taxonomy":"category","embeddable":true,"href":"https:\/\/dev.chronobiology.com\/da\/wp-json\/wp\/v2\/categories?post=54935"}],"curies":[{"name":"wp","href":"https:\/\/api.w.org\/{rel}","templated":true}]}}