{"id":54917,"date":"2023-12-19T07:02:50","date_gmt":"2023-12-19T15:02:50","guid":{"rendered":"https:\/\/www.chronobiology.com\/sundhedsmaessige-fordele-ved-kronofarmakologi\/det-kardiovaskulaere-system\/"},"modified":"2023-12-19T07:02:51","modified_gmt":"2023-12-19T15:02:51","slug":"det-kardiovaskulaere-system","status":"publish","type":"page","link":"https:\/\/dev.chronobiology.com\/da\/sundhedsmaessige-fordele-ved-kronofarmakologi\/det-kardiovaskulaere-system\/","title":{"rendered":"Det kardiovaskul\u00e6re system"},"content":{"rendered":"<div class=\"wpb-content-wrapper\"><p>[vc_row full_width=&#8221;stretch_row&#8221; el_class=&#8221;banner-top&#8221; css=&#8221;.vc_custom_1479345542746{background-image: url(https:\/\/www.chronobiology.com\/wp-content\/uploads\/2016\/06\/brain-and-psyche-4.jpg?id=9156) !important;}&#8221;][vc_column][vc_custom_heading source=&#8221;post_title&#8221; font_container=&#8221;tag:h1|text_align:center&#8221; use_theme_fonts=&#8221;yes&#8221;][\/vc_column][\/vc_row][vc_row][vc_column][vc_column_text]<\/p>\n<h2>Hjertet<\/h2>\n<p>Hjertet er vores vigtigste muskel. Det er det centrale organ i blodcirkulationen, som pumper omkring fem til seks liter blod gennem kroppen hvert minut, hvilket resulterer i op mod 250 millioner liter i l\u00f8bet af et liv. Hovedansvaret for denne 300 gram tunge muskel, som best\u00e5r af to pumper, der sl\u00e5r i samme rytme, er at opretholde blodcirkulationen. Hjertet sl\u00e5r omkring 70 gange hvert minut. Den h\u00f8jre pumpe har ansvaret for at forsyne lungekredsl\u00f8bet, og den venstre pumpe leverer blod gennem aorta til det systemiske kredsl\u00f8b. P\u00e5 den m\u00e5de bliver kroppens celler forsynet med n\u00e6ringsstoffer og ilt, og slutprodukterne fra cellernes stofskifte bliver fjernet. Kronobiologien har l\u00e6nge erkendt, at visse phyton\u00e6ringsstoffer, is\u00e6r dem, der stammer fra asiatisk medicin, tilbyder et naturligt alternativ til beskyttelse og st\u00f8tte af det kardiovaskul\u00e6re system. Ved hj\u00e6lp af disse v\u00e6rdifulde stoffer, som administreres p\u00e5 det rigtige tidspunkt af dagen, kan hjertesygdomme reduceres betydeligt.<\/p>\n<h2>Sygdomme i det kardiovaskul\u00e6re system<\/h2>\n<p>Hjerte-kar-sygdomme er den mest almindelige d\u00f8ds\u00e5rsag i hele verden. Vores vigtigste muskel viser slidm\u00e6rker og defekter over mange \u00e5rs brug, hvilket kan f\u00f8re til alvorlige sygdomme. Ud over alder er der andre risikofaktorer, herunder stress, rygning, alkohol, fed mad, mangel p\u00e5 motion, fedme og diabetes mellitus. Nikotin er for eksempel et neurotoksin, som f\u00e5r hjertet til at sl\u00e5 hurtigere, samtidig med at det indsn\u00e6vrer blodkarrene. Derudover fremmes dannelsen af blodpropper, hvilket \u00f8ger risikoen for trombose. Stress er ogs\u00e5 skadeligt for vores vitale organer, da det f\u00e5r kroppen til at frigive overskydende hormoner, som ogs\u00e5 kan \u00f8ge hjertefrekvensen og blodtrykket. Langvarig stress kan ogs\u00e5 for\u00e5rsage isk\u00e6mi i koronarkarrene og i v\u00e6rste fald endda udl\u00f8se et hjerteanfald. Yderligere negative p\u00e5virkninger er genetisk disposition eller virusinfektioner. Alle disse negative livsstilsfaktorer \u00f8ger risikoen for hjerte-kar-sygdomme som bl.a. \u00e5reforkalkning, forh\u00f8jet blodtryk, koronar hjertesygdom og hjerteanfald.<br \/>\n[\/vc_column_text][\/vc_column][\/vc_row][vc_row][vc_column][vc_tta_accordion color=&#8221;turquoise&#8221; c_icon=&#8221;chevron&#8221; c_position=&#8221;right&#8221; active_section=&#8221;99&#8243; no_fill=&#8221;true&#8221; collapsible_all=&#8221;true&#8221;][vc_tta_section title=&#8221;Arteriosklerose (forkalkning af arterierne)&#8221; tab_id=&#8221;1479254734422-d551dac0-4a84&#8243;][vc_row_inner css=&#8221;.vc_custom_1479386038317{background-image: url(https:\/\/www.chronobiology.com\/wp-content\/uploads\/2014\/01\/herz_1.jpg?id=11608) !important;background-position: center !important;background-repeat: no-repeat !important;background-size: cover !important;}&#8221;][vc_column_inner][vc_column_text]Arteriosklerose udvikler sig langsomt, og der g\u00e5r ofte \u00e5rtier, f\u00f8r man ser tegn p\u00e5 sygdommen. Denne sygdom er \u00e5rsagen til smalle eller lukkede arterier hos over 90 procent af patienter med kroniske kredsl\u00f8bssygdomme. Ved arteriosklerose \u00e6ndrer arteriev\u00e6ggene sig p\u00e5 grund af bet\u00e6ndelse, der f\u00f8rer til steder, der er forkalkede, hvilket betyder, at arteriediameteren bliver smallere. Dette kan p\u00e5virke enhver stor eller lille arterie. Resultatet af arteriesammentr\u00e6kningen er en reduceret blodgennemstr\u00f8mning til organerne. Det \u00f8ger ikke kun blodtrykket, men betyder ogs\u00e5, at vitale organer ofte ikke l\u00e6ngere forsynes med nok blod. Det resulterer i en alvorlig underforsyning med alle dens f\u00f8lgeskader.[\/vc_column_text][\/vc_column_inner][\/vc_row_inner][\/vc_tta_section][\/vc_tta_accordion][\/vc_column][\/vc_row][vc_row][vc_column][vc_tta_accordion color=&#8221;turquoise&#8221; c_icon=&#8221;chevron&#8221; c_position=&#8221;right&#8221; active_section=&#8221;99&#8243; no_fill=&#8221;true&#8221; collapsible_all=&#8221;true&#8221;][vc_tta_section title=&#8221;H\u00f8jt blodtryk (hypertension)&#8221; tab_id=&#8221;1479254826427-961915e4-3402&#8243;][vc_row_inner css=&#8221;.vc_custom_1479386027943{background-image: url(https:\/\/www.chronobiology.com\/wp-content\/uploads\/2014\/01\/herz_2.jpg?id=11609) !important;background-position: center !important;background-repeat: no-repeat !important;background-size: cover !important;}&#8221;][vc_column_inner][vc_column_text]Forh\u00f8jet blodtryk er en af de mest udbredte sygdomme i mange vestlige industrilande. Ved forh\u00f8jet blodtryk \u00f8ges trykket inde i blodkarrene for at sikre, at der stadig flyder nok blod gennem de forsn\u00e6vrede kar. Men dette h\u00f8je tryk forts\u00e6tter med at tilskynde til vasokonstriktion og\/eller til, at en eksisterende trombe brister, hvilket kan f\u00f8re til slagtilf\u00e6lde, hjerteanfald og andre vaskul\u00e6re sygdomme. Man skelner mellem prim\u00e6r (forh\u00f8jet blodtryk skyldes ikke andre sygdomme) og sekund\u00e6r (andre sygdomme er ansvarlige for det forh\u00f8jede blodtryk). Symptomerne p\u00e5 forh\u00f8jet blodtryk kommer som regel sent &#8211; alt efter hvilken region, der er ramt &#8211; og kan omfatte alt fra hovedpine, sp\u00e6ndinger og hjertebanken til synsforstyrrelser, kraftig svedtendens, koncentrationsbesv\u00e6r og opkastninger. Det optimale blodtryk ligger p\u00e5 120\/80 mmHg, og v\u00e6rdier, der starter ved 140\/90 mmHg, er allerede klassificeret som forh\u00f8jet blodtryk.[\/vc_column_text][\/vc_column_inner][\/vc_row_inner][\/vc_tta_section][\/vc_tta_accordion][\/vc_column][\/vc_row][vc_row][vc_column][vc_tta_accordion color=&#8221;turquoise&#8221; c_icon=&#8221;chevron&#8221; c_position=&#8221;right&#8221; active_section=&#8221;99&#8243; no_fill=&#8221;true&#8221; collapsible_all=&#8221;true&#8221;][vc_tta_section title=&#8221;Koronar hjertesygdom (CHD)&#8221; tab_id=&#8221;1479254824780-f30f967f-c8ae&#8221;][vc_row_inner css=&#8221;.vc_custom_1479386015063{background-image: url(https:\/\/www.chronobiology.com\/wp-content\/uploads\/2014\/01\/herz_3.jpg?id=11610) !important;background-position: center !important;background-repeat: no-repeat !important;background-size: cover !important;}&#8221;][vc_column_inner][vc_column_text]Denne type hjertesygdom er blandt de mest almindelige hjertesygdomme i verden. M\u00e6nd rammes oftere (30 procent) end kvinder (15 procent). Ved koronar hjertesygdom er hjertets arterier forsn\u00e6vrede, og hjertemusklen kan ikke l\u00e6ngere forsynes tilstr\u00e6kkeligt med blod. P\u00e5 grund af denne bet\u00e6ndelse opst\u00e5r der skader p\u00e5 arteriev\u00e6ggene. Fedt begynder at aflejre sig p\u00e5 arteriev\u00e6ggene. Det f\u00f8rer til forkalkning og tab af elasticitet i v\u00e6ggene, s\u00e5 arteriediameteren bliver mindre og mindre. Det kan udl\u00f8se yderligere alvorlige sygdomme som hjerteinsufficiens og hjerteanfald. Mulige symptomer er \u00e5nden\u00f8d, frygt og panik, intens svedtendens og angina pectoris (vedvarende og gennemtr\u00e6ngende smerter i brystet, som kan str\u00e5le ud til andre dele af kroppen). Dette kliniske billede er ofte forudg\u00e5et af erektil dysfunktion hos m\u00e6nd i \u00e5revis.[\/vc_column_text][\/vc_column_inner][\/vc_row_inner][\/vc_tta_section][\/vc_tta_accordion][\/vc_column][\/vc_row][vc_row][vc_column][vc_tta_accordion color=&#8221;turquoise&#8221; c_icon=&#8221;chevron&#8221; c_position=&#8221;right&#8221; active_section=&#8221;99&#8243; no_fill=&#8221;true&#8221; collapsible_all=&#8221;true&#8221;][vc_tta_section title=&#8221;Hjerteanfald&#8221; tab_id=&#8221;1479254822565-c79d4c19-8d2f&#8221;][vc_row_inner css=&#8221;.vc_custom_1479386003508{background-image: url(https:\/\/www.chronobiology.com\/wp-content\/uploads\/2014\/01\/herz_4.jpg?id=11611) !important;background-position: center !important;background-repeat: no-repeat !important;background-size: cover !important;}&#8221;][vc_column_inner][vc_column_text]I industrilandene er hjerteanfald den hyppigste d\u00f8ds\u00e5rsag. I gennemsnit overlever 300 til 400 m\u00e6nd ud af 100.000 mellem 35 og 64 \u00e5r ikke f\u00f8lgerne af et hjerteanfald. Mellem 45 og 50 \u00e5r rammes m\u00e6nd betydeligt oftere af hjerteanfald end kvinder, men selv blandt kvinder er der sket en markant stigning i de seneste \u00e5rtier. Den underliggende sygdom ved hjerteanfald er koronar hjertesygdom. Hvis der opst\u00e5r en pludselig afbrydelse af blodgennemstr\u00f8mningen i en kranspuls\u00e5re, er et hjerteanfald konsekvensen. Ofte er dette resultatet af \u00e5reforkalkning, der har udviklet sig i \u00e5revis, eller af en akut lukning p\u00e5 grund af en aflejring af blodpropper p\u00e5 dette sted. Resultatet er, at iltforsyningen til hjertemuskelv\u00e6vet ikke l\u00e6ngere er sikret, hvilket f\u00e5r det til at d\u00f8. Denne skade er uoprettelig. Mulige symptomer omfatter koldsved, vejrtr\u00e6kningsproblemer, pludselige smerter, der str\u00e5ler ud i venstre side af brystet, skulderen og resten af venstre side af kroppen, hurtig puls, f\u00f8lelse af klaustrofobi, kvalme og opkast.[\/vc_column_text][\/vc_column_inner][\/vc_row_inner][\/vc_tta_section][\/vc_tta_accordion][\/vc_column][\/vc_row][vc_row][vc_column][vc_column_text]<\/p>\n<h3>Reduktion af hjerte-kar-sygdomme gennem brug af n\u00e6ringsstoffer i tide i overensstemmelse med kronobiologiske standarder<\/h3>\n<p>Sekund\u00e6re plantestoffer som aminosyrer, enzymer og g\u00e6r kan &#8211; n\u00e5r de anvendes korrekt i henhold til kronobiologien &#8211; beskytte det kardiovaskul\u00e6re system og drastisk reducere risikoen for sygdom. Det underst\u00f8tter hjertets og kredsl\u00f8bets optimale funktioner p\u00e5 mange forskellige m\u00e5der. Effekten af disse stoffer er allerede blevet bevist i adskillige unders\u00f8gelser.<\/p>\n<p>Hjertet er udsat for massive tidsvariationer. Om natten finder der regenerative og reparative processer sted i hjerte- og karcellerne, og blodtrykket og hjertefrekvensen falder til sit laveste punkt. Om morgenen stiger blodtrykket, og hjertefrekvensen stiger igen for at klare dagens opgaver. De naturlige variationer mellem dag og nat med hensyn til frekvensen af hjerteslag, blodtryk og str\u00f8mningshastighed (eller blodets &#8220;tykkelse&#8221;) er absolut vigtige for det kardiovaskul\u00e6re systems optimale funktion. Hvis disse rytmer \u00e6ndres &#8211; hvad enten det skyldes indre \u00e5rsager eller indtagelse af visse stoffer &#8211; kan det f\u00e5 dramatiske konsekvenser. Derfor er det yderst vigtigt, at stoffer indtages p\u00e5 det rigtige tidspunkt af dagen for at underst\u00f8tte dette system optimalt. En kronobiologisk opdeling i morgen- og aftenstoffer tager h\u00f8jde for det kardiovaskul\u00e6re systems variationer og sikrer, at disse stoffer udvikler deres virkning p\u00e5 det rigtige tidspunkt af dagen, hvilket g\u00f8r det muligt at opn\u00e5 den optimale effekt p\u00e5 helbredet.<\/p>\n<p><strong>Stoffer til om morgenen (aktiverende effekt):<\/strong><\/p>\n<ul>\n<li>L-karnitin<\/li>\n<li>Alfa-liponsyre<\/li>\n<li>Calcium<\/li>\n<li>Coenzym Q-10<\/li>\n<li>L-Arginin HCI<\/li>\n<li>Lycopen<\/li>\n<li>Vitamin B6<\/li>\n<li>Druekerneekstrakt<\/li>\n<li>R\u00f8de g\u00e6rris<\/li>\n<\/ul>\n<p><strong>Stoffer til om aftenen (regenerativ effekt):<\/strong><\/p>\n<ul>\n<li>Biotin<\/li>\n<li>Folsyre<\/li>\n<li>L-Cystein HCI<\/li>\n<li>L-Prolin<\/li>\n<li>L-Lysin HCI<\/li>\n<li>Magnesium<\/li>\n<li>Niacin<\/li>\n<li>Vitamin B1, B2, B5, B12<\/li>\n<li>Nattokinase<\/li>\n<\/ul>\n<p>[\/vc_column_text][\/vc_column][\/vc_row]<\/p>\n<\/div>","protected":false},"excerpt":{"rendered":"<p>[vc_row full_width=&#8221;stretch_row&#8221; el_class=&#8221;banner-top&#8221; css=&#8221;.vc_custom_1479345542746{background-image: url(https:\/\/www.chronobiology.com\/wp-content\/uploads\/2016\/06\/brain-and-psyche-4.jpg?id=9156) !important;}&#8221;][vc_column][vc_custom_heading source=&#8221;post_title&#8221; font_container=&#8221;tag:h1|text_align:center&#8221; use_theme_fonts=&#8221;yes&#8221;][\/vc_column][\/vc_row][vc_row][vc_column][vc_column_text] Hjertet Hjertet er vores vigtigste muskel. Det er det centrale organ i blodcirkulationen, som pumper omkring fem til seks liter blod gennem kroppen hvert minut, hvilket resulterer i op mod 250 millioner liter i l\u00f8bet af et liv. Hovedansvaret for denne 300 gram tunge muskel, som [&hellip;]<\/p>\n","protected":false},"author":11,"featured_media":47929,"parent":54911,"menu_order":0,"comment_status":"closed","ping_status":"closed","template":"","meta":{"_acf_changed":false,"_genesis_hide_title":false,"_genesis_hide_breadcrumbs":false,"_genesis_hide_singular_image":false,"_genesis_hide_footer_widgets":false,"_genesis_custom_body_class":"","_genesis_custom_post_class":"","_genesis_layout":"full-width-content","footnotes":""},"categories":[],"class_list":{"0":"post-54917","1":"page","2":"type-page","3":"status-publish","4":"has-post-thumbnail","6":"entry"},"acf":[],"yoast_head":"<!-- This site is optimized with the Yoast SEO Premium plugin v23.4 (Yoast SEO v23.4) - https:\/\/yoast.com\/wordpress\/plugins\/seo\/ -->\n<title>Det kardiovaskul\u00e6re system &#8211; Chronobiology.com<\/title>\n<meta name=\"robots\" content=\"index, follow, max-snippet:-1, max-image-preview:large, max-video-preview:-1\" \/>\n<link rel=\"canonical\" href=\"https:\/\/dev.chronobiology.com\/da\/sundhedsmaessige-fordele-ved-kronofarmakologi\/det-kardiovaskulaere-system\/\" \/>\n<meta property=\"og:locale\" content=\"da_DK\" \/>\n<meta property=\"og:type\" content=\"article\" \/>\n<meta property=\"og:title\" content=\"Det kardiovaskul\u00e6re system\" \/>\n<meta property=\"og:description\" content=\"[vc_row full_width=&#8221;stretch_row&#8221; el_class=&#8221;banner-top&#8221; css=&#8221;.vc_custom_1479345542746{background-image: url(https:\/\/www.chronobiology.com\/wp-content\/uploads\/2016\/06\/brain-and-psyche-4.jpg?id=9156) !important;}&#8221;][vc_column][vc_custom_heading source=&#8221;post_title&#8221; font_container=&#8221;tag:h1|text_align:center&#8221; use_theme_fonts=&#8221;yes&#8221;][\/vc_column][\/vc_row][vc_row][vc_column][vc_column_text] Hjertet Hjertet er vores vigtigste muskel. Det er det centrale organ i blodcirkulationen, som pumper omkring fem til seks liter blod gennem kroppen hvert minut, hvilket resulterer i op mod 250 millioner liter i l\u00f8bet af et liv. Hovedansvaret for denne 300 gram tunge muskel, som [&hellip;]\" \/>\n<meta property=\"og:url\" content=\"https:\/\/dev.chronobiology.com\/da\/sundhedsmaessige-fordele-ved-kronofarmakologi\/det-kardiovaskulaere-system\/\" \/>\n<meta property=\"og:site_name\" content=\"Chronobiology.com\" \/>\n<meta property=\"article:publisher\" content=\"https:\/\/www.facebook.com\/chronobiology\" \/>\n<meta property=\"article:modified_time\" content=\"2023-12-19T15:02:51+00:00\" \/>\n<meta property=\"og:image\" content=\"https:\/\/dev.chronobiology.com\/wp-content\/uploads\/2016\/06\/brain-and-psyche-4.jpg\" \/>\n\t<meta property=\"og:image:width\" content=\"1800\" \/>\n\t<meta property=\"og:image:height\" content=\"449\" \/>\n\t<meta property=\"og:image:type\" content=\"image\/jpeg\" \/>\n<meta name=\"twitter:card\" content=\"summary_large_image\" \/>\n<meta name=\"twitter:site\" content=\"@chronobionews\" \/>\n<meta name=\"twitter:label1\" content=\"Estimeret l\u00e6setid\" \/>\n\t<meta name=\"twitter:data1\" content=\"8 minutter\" \/>\n<script type=\"application\/ld+json\" class=\"yoast-schema-graph\">{\"@context\":\"https:\/\/schema.org\",\"@graph\":[{\"@type\":\"WebPage\",\"@id\":\"https:\/\/dev.chronobiology.com\/da\/sundhedsmaessige-fordele-ved-kronofarmakologi\/det-kardiovaskulaere-system\/\",\"url\":\"https:\/\/dev.chronobiology.com\/da\/sundhedsmaessige-fordele-ved-kronofarmakologi\/det-kardiovaskulaere-system\/\",\"name\":\"Det kardiovaskul\u00e6re system &#8211; Chronobiology.com\",\"isPartOf\":{\"@id\":\"https:\/\/dev.chronobiology.com\/da\/#website\"},\"primaryImageOfPage\":{\"@id\":\"https:\/\/dev.chronobiology.com\/da\/sundhedsmaessige-fordele-ved-kronofarmakologi\/det-kardiovaskulaere-system\/#primaryimage\"},\"image\":{\"@id\":\"https:\/\/dev.chronobiology.com\/da\/sundhedsmaessige-fordele-ved-kronofarmakologi\/det-kardiovaskulaere-system\/#primaryimage\"},\"thumbnailUrl\":\"https:\/\/dev.chronobiology.com\/wp-content\/uploads\/2016\/06\/brain-and-psyche-4.jpg\",\"datePublished\":\"2023-12-19T15:02:50+00:00\",\"dateModified\":\"2023-12-19T15:02:51+00:00\",\"breadcrumb\":{\"@id\":\"https:\/\/dev.chronobiology.com\/da\/sundhedsmaessige-fordele-ved-kronofarmakologi\/det-kardiovaskulaere-system\/#breadcrumb\"},\"inLanguage\":\"da-DK\",\"potentialAction\":[{\"@type\":\"ReadAction\",\"target\":[\"https:\/\/dev.chronobiology.com\/da\/sundhedsmaessige-fordele-ved-kronofarmakologi\/det-kardiovaskulaere-system\/\"]}]},{\"@type\":\"ImageObject\",\"inLanguage\":\"da-DK\",\"@id\":\"https:\/\/dev.chronobiology.com\/da\/sundhedsmaessige-fordele-ved-kronofarmakologi\/det-kardiovaskulaere-system\/#primaryimage\",\"url\":\"https:\/\/dev.chronobiology.com\/wp-content\/uploads\/2016\/06\/brain-and-psyche-4.jpg\",\"contentUrl\":\"https:\/\/dev.chronobiology.com\/wp-content\/uploads\/2016\/06\/brain-and-psyche-4.jpg\",\"width\":1800,\"height\":449},{\"@type\":\"BreadcrumbList\",\"@id\":\"https:\/\/dev.chronobiology.com\/da\/sundhedsmaessige-fordele-ved-kronofarmakologi\/det-kardiovaskulaere-system\/#breadcrumb\",\"itemListElement\":[{\"@type\":\"ListItem\",\"position\":1,\"name\":\"Home\",\"item\":\"https:\/\/dev.chronobiology.com\/da\/\"},{\"@type\":\"ListItem\",\"position\":2,\"name\":\"Sundhedsm\u00e6ssige fordele ved kronofarmakologi\",\"item\":\"https:\/\/dev.chronobiology.com\/da\/sundhedsmaessige-fordele-ved-kronofarmakologi\/\"},{\"@type\":\"ListItem\",\"position\":3,\"name\":\"Det kardiovaskul\u00e6re system\"}]},{\"@type\":\"WebSite\",\"@id\":\"https:\/\/dev.chronobiology.com\/da\/#website\",\"url\":\"https:\/\/dev.chronobiology.com\/da\/\",\"name\":\"Chronobiology.com\",\"description\":\"\",\"publisher\":{\"@id\":\"https:\/\/dev.chronobiology.com\/da\/#organization\"},\"potentialAction\":[{\"@type\":\"SearchAction\",\"target\":{\"@type\":\"EntryPoint\",\"urlTemplate\":\"https:\/\/dev.chronobiology.com\/da\/?s={search_term_string}\"},\"query-input\":{\"@type\":\"PropertyValueSpecification\",\"valueRequired\":true,\"valueName\":\"search_term_string\"}}],\"inLanguage\":\"da-DK\"},{\"@type\":\"Organization\",\"@id\":\"https:\/\/dev.chronobiology.com\/da\/#organization\",\"name\":\"Chronobiology\",\"url\":\"https:\/\/dev.chronobiology.com\/da\/\",\"logo\":{\"@type\":\"ImageObject\",\"inLanguage\":\"da-DK\",\"@id\":\"https:\/\/dev.chronobiology.com\/da\/#\/schema\/logo\/image\/\",\"url\":\"https:\/\/www.chronobiology.com\/wp-content\/uploads\/2019\/01\/chronobiology_logo_en_r.png\",\"contentUrl\":\"https:\/\/www.chronobiology.com\/wp-content\/uploads\/2019\/01\/chronobiology_logo_en_r.png\",\"width\":375,\"height\":90,\"caption\":\"Chronobiology\"},\"image\":{\"@id\":\"https:\/\/dev.chronobiology.com\/da\/#\/schema\/logo\/image\/\"},\"sameAs\":[\"https:\/\/www.facebook.com\/chronobiology\",\"https:\/\/x.com\/chronobionews\",\"https:\/\/www.instagram.com\/chronobiology\/\",\"https:\/\/www.pinterest.com\/chronobiology\/\"]}]}<\/script>\n<!-- \/ Yoast SEO Premium plugin. -->","yoast_head_json":{"title":"Det kardiovaskul\u00e6re system &#8211; Chronobiology.com","robots":{"index":"index","follow":"follow","max-snippet":"max-snippet:-1","max-image-preview":"max-image-preview:large","max-video-preview":"max-video-preview:-1"},"canonical":"https:\/\/dev.chronobiology.com\/da\/sundhedsmaessige-fordele-ved-kronofarmakologi\/det-kardiovaskulaere-system\/","og_locale":"da_DK","og_type":"article","og_title":"Det kardiovaskul\u00e6re system","og_description":"[vc_row full_width=&#8221;stretch_row&#8221; el_class=&#8221;banner-top&#8221; css=&#8221;.vc_custom_1479345542746{background-image: url(https:\/\/www.chronobiology.com\/wp-content\/uploads\/2016\/06\/brain-and-psyche-4.jpg?id=9156) !important;}&#8221;][vc_column][vc_custom_heading source=&#8221;post_title&#8221; font_container=&#8221;tag:h1|text_align:center&#8221; use_theme_fonts=&#8221;yes&#8221;][\/vc_column][\/vc_row][vc_row][vc_column][vc_column_text] Hjertet Hjertet er vores vigtigste muskel. Det er det centrale organ i blodcirkulationen, som pumper omkring fem til seks liter blod gennem kroppen hvert minut, hvilket resulterer i op mod 250 millioner liter i l\u00f8bet af et liv. Hovedansvaret for denne 300 gram tunge muskel, som [&hellip;]","og_url":"https:\/\/dev.chronobiology.com\/da\/sundhedsmaessige-fordele-ved-kronofarmakologi\/det-kardiovaskulaere-system\/","og_site_name":"Chronobiology.com","article_publisher":"https:\/\/www.facebook.com\/chronobiology","article_modified_time":"2023-12-19T15:02:51+00:00","og_image":[{"width":1800,"height":449,"url":"https:\/\/dev.chronobiology.com\/wp-content\/uploads\/2016\/06\/brain-and-psyche-4.jpg","type":"image\/jpeg"}],"twitter_card":"summary_large_image","twitter_site":"@chronobionews","twitter_misc":{"Estimeret l\u00e6setid":"8 minutter"},"schema":{"@context":"https:\/\/schema.org","@graph":[{"@type":"WebPage","@id":"https:\/\/dev.chronobiology.com\/da\/sundhedsmaessige-fordele-ved-kronofarmakologi\/det-kardiovaskulaere-system\/","url":"https:\/\/dev.chronobiology.com\/da\/sundhedsmaessige-fordele-ved-kronofarmakologi\/det-kardiovaskulaere-system\/","name":"Det kardiovaskul\u00e6re system &#8211; Chronobiology.com","isPartOf":{"@id":"https:\/\/dev.chronobiology.com\/da\/#website"},"primaryImageOfPage":{"@id":"https:\/\/dev.chronobiology.com\/da\/sundhedsmaessige-fordele-ved-kronofarmakologi\/det-kardiovaskulaere-system\/#primaryimage"},"image":{"@id":"https:\/\/dev.chronobiology.com\/da\/sundhedsmaessige-fordele-ved-kronofarmakologi\/det-kardiovaskulaere-system\/#primaryimage"},"thumbnailUrl":"https:\/\/dev.chronobiology.com\/wp-content\/uploads\/2016\/06\/brain-and-psyche-4.jpg","datePublished":"2023-12-19T15:02:50+00:00","dateModified":"2023-12-19T15:02:51+00:00","breadcrumb":{"@id":"https:\/\/dev.chronobiology.com\/da\/sundhedsmaessige-fordele-ved-kronofarmakologi\/det-kardiovaskulaere-system\/#breadcrumb"},"inLanguage":"da-DK","potentialAction":[{"@type":"ReadAction","target":["https:\/\/dev.chronobiology.com\/da\/sundhedsmaessige-fordele-ved-kronofarmakologi\/det-kardiovaskulaere-system\/"]}]},{"@type":"ImageObject","inLanguage":"da-DK","@id":"https:\/\/dev.chronobiology.com\/da\/sundhedsmaessige-fordele-ved-kronofarmakologi\/det-kardiovaskulaere-system\/#primaryimage","url":"https:\/\/dev.chronobiology.com\/wp-content\/uploads\/2016\/06\/brain-and-psyche-4.jpg","contentUrl":"https:\/\/dev.chronobiology.com\/wp-content\/uploads\/2016\/06\/brain-and-psyche-4.jpg","width":1800,"height":449},{"@type":"BreadcrumbList","@id":"https:\/\/dev.chronobiology.com\/da\/sundhedsmaessige-fordele-ved-kronofarmakologi\/det-kardiovaskulaere-system\/#breadcrumb","itemListElement":[{"@type":"ListItem","position":1,"name":"Home","item":"https:\/\/dev.chronobiology.com\/da\/"},{"@type":"ListItem","position":2,"name":"Sundhedsm\u00e6ssige fordele ved kronofarmakologi","item":"https:\/\/dev.chronobiology.com\/da\/sundhedsmaessige-fordele-ved-kronofarmakologi\/"},{"@type":"ListItem","position":3,"name":"Det kardiovaskul\u00e6re system"}]},{"@type":"WebSite","@id":"https:\/\/dev.chronobiology.com\/da\/#website","url":"https:\/\/dev.chronobiology.com\/da\/","name":"Chronobiology.com","description":"","publisher":{"@id":"https:\/\/dev.chronobiology.com\/da\/#organization"},"potentialAction":[{"@type":"SearchAction","target":{"@type":"EntryPoint","urlTemplate":"https:\/\/dev.chronobiology.com\/da\/?s={search_term_string}"},"query-input":{"@type":"PropertyValueSpecification","valueRequired":true,"valueName":"search_term_string"}}],"inLanguage":"da-DK"},{"@type":"Organization","@id":"https:\/\/dev.chronobiology.com\/da\/#organization","name":"Chronobiology","url":"https:\/\/dev.chronobiology.com\/da\/","logo":{"@type":"ImageObject","inLanguage":"da-DK","@id":"https:\/\/dev.chronobiology.com\/da\/#\/schema\/logo\/image\/","url":"https:\/\/www.chronobiology.com\/wp-content\/uploads\/2019\/01\/chronobiology_logo_en_r.png","contentUrl":"https:\/\/www.chronobiology.com\/wp-content\/uploads\/2019\/01\/chronobiology_logo_en_r.png","width":375,"height":90,"caption":"Chronobiology"},"image":{"@id":"https:\/\/dev.chronobiology.com\/da\/#\/schema\/logo\/image\/"},"sameAs":["https:\/\/www.facebook.com\/chronobiology","https:\/\/x.com\/chronobionews","https:\/\/www.instagram.com\/chronobiology\/","https:\/\/www.pinterest.com\/chronobiology\/"]}]}},"_links":{"self":[{"href":"https:\/\/dev.chronobiology.com\/da\/wp-json\/wp\/v2\/pages\/54917"}],"collection":[{"href":"https:\/\/dev.chronobiology.com\/da\/wp-json\/wp\/v2\/pages"}],"about":[{"href":"https:\/\/dev.chronobiology.com\/da\/wp-json\/wp\/v2\/types\/page"}],"author":[{"embeddable":true,"href":"https:\/\/dev.chronobiology.com\/da\/wp-json\/wp\/v2\/users\/11"}],"replies":[{"embeddable":true,"href":"https:\/\/dev.chronobiology.com\/da\/wp-json\/wp\/v2\/comments?post=54917"}],"version-history":[{"count":2,"href":"https:\/\/dev.chronobiology.com\/da\/wp-json\/wp\/v2\/pages\/54917\/revisions"}],"predecessor-version":[{"id":54919,"href":"https:\/\/dev.chronobiology.com\/da\/wp-json\/wp\/v2\/pages\/54917\/revisions\/54919"}],"up":[{"embeddable":true,"href":"https:\/\/dev.chronobiology.com\/da\/wp-json\/wp\/v2\/pages\/54911"}],"wp:featuredmedia":[{"embeddable":true,"href":"https:\/\/dev.chronobiology.com\/da\/wp-json\/wp\/v2\/media\/47929"}],"wp:attachment":[{"href":"https:\/\/dev.chronobiology.com\/da\/wp-json\/wp\/v2\/media?parent=54917"}],"wp:term":[{"taxonomy":"category","embeddable":true,"href":"https:\/\/dev.chronobiology.com\/da\/wp-json\/wp\/v2\/categories?post=54917"}],"curies":[{"name":"wp","href":"https:\/\/api.w.org\/{rel}","templated":true}]}}