{"id":54911,"date":"2023-12-19T06:47:23","date_gmt":"2023-12-19T14:47:23","guid":{"rendered":"https:\/\/www.chronobiology.com\/sundhedsmaessige-fordele-ved-kronofarmakologi\/"},"modified":"2023-12-19T06:47:26","modified_gmt":"2023-12-19T14:47:26","slug":"sundhedsmaessige-fordele-ved-kronofarmakologi","status":"publish","type":"page","link":"https:\/\/dev.chronobiology.com\/da\/sundhedsmaessige-fordele-ved-kronofarmakologi\/","title":{"rendered":"Sundhedsm\u00e6ssige fordele ved kronofarmakologi"},"content":{"rendered":"<div class=\"wpb-content-wrapper\"><p>[vc_row full_width=&#8221;stretch_row&#8221; css=&#8221;.vc_custom_1481873941643{background-image: url(https:\/\/www.chronobiology.com\/wp-content\/uploads\/2015\/01\/chronopharmakologie-2.jpg?id=9256) !important;background-position: center !important;background-repeat: no-repeat !important;background-size: cover !important;}&#8221; el_class=&#8221;banner-top&#8221;][vc_column][vc_custom_heading source=&#8221;post_title&#8221; font_container=&#8221;tag:h1|text_align:center&#8221; use_theme_fonts=&#8221;yes&#8221;][\/vc_column][\/vc_row][vc_row][vc_column][vc_column_text]<\/p>\n<h1>Kronofarmakologi: Den rigtige formulering p\u00e5 det rigtige tidspunkt<\/h1>\n<p>Hvor hurtigt eller effektivt et biologisk stof absorberes og har en virkning efter indtagelse, afh\u00e6nger i h\u00f8j grad af ford\u00f8jelseskanalens aktivitet. Hvis et stof skal have en effekt i et m\u00e5lorgan p\u00e5 et bestemt tidspunkt, skal det n\u00e5 frem til leveren i tide. Men denne passage gennem ford\u00f8jelseskanalen sker ikke altid med samme hastighed. For eksempel er blodtilf\u00f8rslen til maven og tarmene h\u00f8j om morgenen, men relativt lav omkring frokosttid. Dette aspekt tages i betragtning i kronobiologiske formuleringer, som gives om morgenen, ved sengetid eller er forsynet med en slags tidsl\u00e5s. Denne nye medicinske forst\u00e5else kan hj\u00e6lpe med at undg\u00e5 at g\u00f8re det rigtige p\u00e5 det forkerte tidspunkt. Hvilket stof har sin maksimale effekt om morgenen? Hvilket stof optages bedst ved sengetid?<\/p>\n<p>Hvilke stoffer er kompatible med hinanden? Hvilke af dem skal tages sammen for overhovedet at v\u00e6re effektive? Hvilke biologiske stoffer kan blokere virkningen af andre? Kronoterapi st\u00f8tter kroppen pr\u00e6cis p\u00e5 det tidspunkt, hvor den maksimale effekt kan opn\u00e5s. Det er s\u00e5dan, vi \u00f8ger effektiviteten. Det er s\u00e5dan, vi reducerer u\u00f8nskede bivirkninger. For mange stoffer kender kronobiologien allerede det mest effektive tidspunkt. Der findes en r\u00e6kke moderne formuleringer, som er virkelig smarte. De indeholder specifikke mikro-biosubstanser til hele dagen og tages m\u00e5ske kun \u00e9n gang dagligt. En tidsl\u00e5s eller de enkelte stoffers forskellige virkningshastigheder sikrer, at de relevante virkninger udl\u00f8ses \u00e9n efter \u00e9n i henhold til en d\u00f8gnrytme og varer til langt ud p\u00e5 natten.<\/p>\n<h1>Sundhedsm\u00e6ssige fordele<\/h1>\n<p>[\/vc_column_text][vc_row_inner el_class=&#8221;benefits_box&#8221;][vc_column_inner width=&#8221;1\/4&#8243;][just_icon icon_type=&#8221;custom&#8221; icon_img=&#8221;id^11575|url^https:\/\/www.chronobiology.com\/wp-content\/uploads\/2014\/05\/dermatology_ic.png|caption^null|alt^null|title^dermatology_ic|description^null&#8221; img_width=&#8221;120&#8243; icon_link=&#8221;url:https%3A%2F%2Fwww.chronobiology.com%2Fhealth-benefits-of-chronopharmacology%2Fdermatology%2F|||&#8221;][vc_custom_heading text=&#8221;Dermatologi&#8221; font_container=&#8221;tag:h4|text_align:center&#8221; use_theme_fonts=&#8221;yes&#8221; link=&#8221;url:https%3A%2F%2Fwww.chronobiology.com%2Fhealth-benefits-of-chronopharmacology%2Fdermatology%2F|&#8221;][ult_createlink title=&#8221;L\u00e6s mere&#8221; btn_link=&#8221;url:https%3A%2F%2Fwww.chronobiology.com%2Fhealth-benefits-of-chronopharmacology%2Fdermatology%2F|||&#8221; text_color=&#8221;#085cbc&#8221; text_hovercolor=&#8221;#085cbc&#8221;][\/vc_column_inner][vc_column_inner width=&#8221;1\/4&#8243;][just_icon icon_type=&#8221;custom&#8221; icon_img=&#8221;id^11588|url^https:\/\/www.chronobiology.com\/wp-content\/uploads\/2014\/05\/cardio_ic.png|caption^null|alt^null|title^cardio_ic|description^null&#8221; img_width=&#8221;94&#8243; icon_link=&#8221;url:https%3A%2F%2Fwww.chronobiology.com%2Fhealth-benefits-of-chronopharmacology%2Fcardiovascular-system%2F|||&#8221;][vc_custom_heading text=&#8221;Det kardiovaskul\u00e6re system&#8221; font_container=&#8221;tag:h4|text_align:center&#8221; use_theme_fonts=&#8221;yes&#8221; link=&#8221;url:https%3A%2F%2Fwww.chronobiology.com%2Fhealth-benefits-of-chronopharmacology%2Fcardiovascular-system%2F|&#8221;][ult_createlink title=&#8221;L\u00e6s mere&#8221; btn_link=&#8221;url:https%3A%2F%2Fwww.chronobiology.com%2Fhealth-benefits-of-chronopharmacology%2Fcardiovascular-system%2F|||&#8221; text_color=&#8221;#085cbc&#8221; text_hovercolor=&#8221;#085cbc&#8221;][\/vc_column_inner][vc_column_inner width=&#8221;1\/4&#8243;][just_icon icon_type=&#8221;custom&#8221; icon_img=&#8221;id^11589|url^https:\/\/www.chronobiology.com\/wp-content\/uploads\/2014\/05\/muscul_ic.png|caption^null|alt^null|title^muscul_ic|description^null&#8221; img_width=&#8221;62&#8243; icon_link=&#8221;url:https%3A%2F%2Fwww.chronobiology.com%2Fhealth-benefits-of-chronopharmacology%2Fmusculoskeletal-system%2F|||&#8221;][vc_custom_heading text=&#8221;Muskuloskeletale system&#8221; font_container=&#8221;tag:h4|text_align:center&#8221; use_theme_fonts=&#8221;yes&#8221; link=&#8221;url:https%3A%2F%2Fwww.chronobiology.com%2Fhealth-benefits-of-chronopharmacology%2Fmusculoskeletal-system%2F|&#8221;][ult_createlink title=&#8221;L\u00e6s mere&#8221; btn_link=&#8221;url:https%3A%2F%2Fwww.chronobiology.com%2Fhealth-benefits-of-chronopharmacology%2Fmusculoskeletal-system%2F|||&#8221; text_color=&#8221;#085cbc&#8221; text_hovercolor=&#8221;#085cbc&#8221;][\/vc_column_inner][vc_column_inner width=&#8221;1\/4&#8243;][just_icon icon_type=&#8221;custom&#8221; icon_img=&#8221;id^11590|url^https:\/\/www.chronobiology.com\/wp-content\/uploads\/2014\/05\/cell_icon.png|caption^null|alt^null|title^cell_icon|description^null&#8221; img_width=&#8221;89&#8243; icon_link=&#8221;url:https%3A%2F%2Fwww.chronobiology.com%2Fhealth-benefits-of-chronopharmacology%2Fhealthy-cell-protection%2F|||&#8221;][vc_custom_heading text=&#8221;Beskyttelse af sunde celler&#8221; font_container=&#8221;tag:h4|text_align:center&#8221; use_theme_fonts=&#8221;yes&#8221; link=&#8221;url:https%3A%2F%2Fwww.chronobiology.com%2Fhealth-benefits-of-chronopharmacology%2Fhealthy-cell-protection%2F|&#8221;][ult_createlink title=&#8221;L\u00e6s mere&#8221; btn_link=&#8221;url:https%3A%2F%2Fwww.chronobiology.com%2Fhealth-benefits-of-chronopharmacology%2Fhealthy-cell-protection%2F|||&#8221; text_color=&#8221;#085cbc&#8221; text_hovercolor=&#8221;#085cbc&#8221;][\/vc_column_inner][\/vc_row_inner][vc_row_inner el_class=&#8221;benefits_box&#8221;][vc_column_inner width=&#8221;1\/4&#8243;][just_icon icon_type=&#8221;custom&#8221; icon_img=&#8221;id^11595|url^https:\/\/www.chronobiology.com\/wp-content\/uploads\/2014\/05\/metabolism_ic.png|caption^null|alt^null|title^metabolism_ic|description^null&#8221; img_width=&#8221;90&#8243; icon_link=&#8221;url:https%3A%2F%2Fwww.chronobiology.com%2Fhealth-benefits-of-chronopharmacology%2Fmetabolism%2F|||&#8221;][vc_custom_heading text=&#8221;Metabolisme&#8221; font_container=&#8221;tag:h4|text_align:center&#8221; use_theme_fonts=&#8221;yes&#8221; link=&#8221;url:https%3A%2F%2Fwww.chronobiology.com%2Fhealth-benefits-of-chronopharmacology%2Fmetabolism%2F|&#8221;][ult_createlink title=&#8221;L\u00e6s mere&#8221; btn_link=&#8221;url:https%3A%2F%2Fwww.chronobiology.com%2Fhealth-benefits-of-chronopharmacology%2Fmetabolism%2F|||&#8221; text_color=&#8221;#085cbc&#8221; text_hovercolor=&#8221;#085cbc&#8221;][\/vc_column_inner][vc_column_inner width=&#8221;1\/4&#8243;][just_icon icon_type=&#8221;custom&#8221; icon_img=&#8221;id^11597|url^https:\/\/www.chronobiology.com\/wp-content\/uploads\/2014\/05\/men_ic.png|caption^null|alt^null|title^men_ic|description^null&#8221; img_width=&#8221;76&#8243; icon_link=&#8221;url:https%3A%2F%2Fwww.chronobiology.com%2Fhealth-benefits-of-chronopharmacology%2Fmens-health%2F|||&#8221;][vc_custom_heading text=&#8221;M\u00e6nds helbred&#8221; font_container=&#8221;tag:h4|text_align:center&#8221; use_theme_fonts=&#8221;yes&#8221; link=&#8221;url:https%3A%2F%2Fwww.chronobiology.com%2Fhealth-benefits-of-chronopharmacology%2Fmens-health%2F|&#8221;][ult_createlink title=&#8221;L\u00e6s mere&#8221; btn_link=&#8221;url:https%3A%2F%2Fwww.chronobiology.com%2Fhealth-benefits-of-chronopharmacology%2Fmens-health%2F|||&#8221; text_color=&#8221;#085cbc&#8221; text_hovercolor=&#8221;#085cbc&#8221;][\/vc_column_inner][vc_column_inner width=&#8221;1\/4&#8243;][just_icon icon_type=&#8221;custom&#8221; icon_img=&#8221;id^11598|url^https:\/\/www.chronobiology.com\/wp-content\/uploads\/2014\/05\/woman_ic.png|caption^null|alt^null|title^woman_ic|description^null&#8221; img_width=&#8221;90&#8243; icon_link=&#8221;url:https%3A%2F%2Fwww.chronobiology.com%2Fhealth-benefits-of-chronopharmacology%2Fwomens-health%2F|||&#8221;][vc_custom_heading text=&#8221;M\u00e6nds helbred&#8221; font_container=&#8221;tag:h4|text_align:center&#8221; use_theme_fonts=&#8221;yes&#8221; link=&#8221;url:https%3A%2F%2Fwww.chronobiology.com%2Fhealth-benefits-of-chronopharmacology%2Fwomens-health%2F|&#8221;][ult_createlink title=&#8221;L\u00e6s mere&#8221; btn_link=&#8221;url:https%3A%2F%2Fwww.chronobiology.com%2Fhealth-benefits-of-chronopharmacology%2Fwomens-health%2F|||&#8221; text_color=&#8221;#085cbc&#8221; text_hovercolor=&#8221;#085cbc&#8221;][\/vc_column_inner][vc_column_inner width=&#8221;1\/4&#8243;][just_icon icon_type=&#8221;custom&#8221; icon_img=&#8221;id^11596|url^https:\/\/www.chronobiology.com\/wp-content\/uploads\/2014\/05\/brain_ic.png|caption^null|alt^null|title^brain_ic|description^null&#8221; img_width=&#8221;76&#8243; icon_link=&#8221;url:https%3A%2F%2Fwww.chronobiology.com%2Fhealth-benefits-of-chronopharmacology%2Fmental-health%2F|||&#8221;][vc_custom_heading text=&#8221;M\u00e6nds helbred&#8221; font_container=&#8221;tag:h4|text_align:center&#8221; use_theme_fonts=&#8221;yes&#8221; link=&#8221;url:https%3A%2F%2Fwww.chronobiology.com%2Fhealth-benefits-of-chronopharmacology%2Fmental-health%2F|&#8221;][ult_createlink title=&#8221;L\u00e6s mere&#8221; btn_link=&#8221;url:https%3A%2F%2Fwww.chronobiology.com%2Fhealth-benefits-of-chronopharmacology%2Fmental-health%2F|||&#8221; text_color=&#8221;#085cbc&#8221; text_hovercolor=&#8221;#085cbc&#8221;][\/vc_column_inner][\/vc_row_inner][\/vc_column][\/vc_row]<\/p>\n<\/div>","protected":false},"excerpt":{"rendered":"<p>[vc_row full_width=&#8221;stretch_row&#8221; css=&#8221;.vc_custom_1481873941643{background-image: url(https:\/\/www.chronobiology.com\/wp-content\/uploads\/2015\/01\/chronopharmakologie-2.jpg?id=9256) !important;background-position: center !important;background-repeat: no-repeat !important;background-size: cover !important;}&#8221; el_class=&#8221;banner-top&#8221;][vc_column][vc_custom_heading source=&#8221;post_title&#8221; font_container=&#8221;tag:h1|text_align:center&#8221; use_theme_fonts=&#8221;yes&#8221;][\/vc_column][\/vc_row][vc_row][vc_column][vc_column_text] Kronofarmakologi: Den rigtige formulering p\u00e5 det rigtige tidspunkt Hvor hurtigt eller effektivt et biologisk stof absorberes og har en virkning efter indtagelse, afh\u00e6nger i h\u00f8j grad af ford\u00f8jelseskanalens aktivitet. Hvis et stof skal have en effekt i et m\u00e5lorgan p\u00e5 [&hellip;]<\/p>\n","protected":false},"author":11,"featured_media":47997,"parent":0,"menu_order":0,"comment_status":"open","ping_status":"closed","template":"","meta":{"_acf_changed":false,"_genesis_hide_title":false,"_genesis_hide_breadcrumbs":false,"_genesis_hide_singular_image":false,"_genesis_hide_footer_widgets":false,"_genesis_custom_body_class":"","_genesis_custom_post_class":"","_genesis_layout":"full-width-content","footnotes":""},"categories":[390,381,399,391,384,385,395,379,400,401,398,397,402,394,393,392,403,396,386],"class_list":{"0":"post-54911","1":"page","2":"type-page","3":"status-publish","4":"has-post-thumbnail","6":"category-cellulaer-sundhed","7":"category-cellulite-da","8":"category-chronodiet-da","9":"category-energi-da","10":"category-haar-negle","11":"category-hjertesundhed","12":"category-hud-da","13":"category-knogler-led","14":"category-kraeftforskning","15":"category-kronotype","16":"category-kvinders-sundhed","17":"category-maends-sundhed","18":"category-melatonin-da","19":"category-mental-sundhed","20":"category-metabolisme-da","21":"category-oejne","22":"category-skifteholdsarbejde","23":"category-soevn","24":"category-tarmflora-da","25":"entry"},"acf":[],"yoast_head":"<!-- This site is optimized with the Yoast SEO Premium plugin v23.4 (Yoast SEO v23.4) - https:\/\/yoast.com\/wordpress\/plugins\/seo\/ -->\n<title>Sundhedsm\u00e6ssige fordele ved kronofarmakologi &#8211; Chronobiology.com<\/title>\n<meta name=\"robots\" content=\"index, follow, max-snippet:-1, max-image-preview:large, max-video-preview:-1\" \/>\n<link rel=\"canonical\" href=\"https:\/\/dev.chronobiology.com\/da\/sundhedsmaessige-fordele-ved-kronofarmakologi\/\" \/>\n<meta property=\"og:locale\" content=\"da_DK\" \/>\n<meta property=\"og:type\" content=\"article\" \/>\n<meta property=\"og:title\" content=\"Sundhedsm\u00e6ssige fordele ved kronofarmakologi\" \/>\n<meta property=\"og:description\" content=\"[vc_row full_width=&#8221;stretch_row&#8221; css=&#8221;.vc_custom_1481873941643{background-image: url(https:\/\/www.chronobiology.com\/wp-content\/uploads\/2015\/01\/chronopharmakologie-2.jpg?id=9256) !important;background-position: center !important;background-repeat: no-repeat !important;background-size: cover !important;}&#8221; el_class=&#8221;banner-top&#8221;][vc_column][vc_custom_heading source=&#8221;post_title&#8221; font_container=&#8221;tag:h1|text_align:center&#8221; use_theme_fonts=&#8221;yes&#8221;][\/vc_column][\/vc_row][vc_row][vc_column][vc_column_text] Kronofarmakologi: Den rigtige formulering p\u00e5 det rigtige tidspunkt Hvor hurtigt eller effektivt et biologisk stof absorberes og har en virkning efter indtagelse, afh\u00e6nger i h\u00f8j grad af ford\u00f8jelseskanalens aktivitet. Hvis et stof skal have en effekt i et m\u00e5lorgan p\u00e5 [&hellip;]\" \/>\n<meta property=\"og:url\" content=\"https:\/\/dev.chronobiology.com\/da\/sundhedsmaessige-fordele-ved-kronofarmakologi\/\" \/>\n<meta property=\"og:site_name\" content=\"Chronobiology.com\" \/>\n<meta property=\"article:publisher\" content=\"https:\/\/www.facebook.com\/chronobiology\" \/>\n<meta property=\"article:modified_time\" content=\"2023-12-19T14:47:26+00:00\" \/>\n<meta property=\"og:image\" content=\"https:\/\/dev.chronobiology.com\/wp-content\/uploads\/2015\/01\/chronopharmakologie-2.jpg\" \/>\n\t<meta property=\"og:image:width\" content=\"1800\" \/>\n\t<meta property=\"og:image:height\" content=\"449\" \/>\n\t<meta property=\"og:image:type\" content=\"image\/jpeg\" \/>\n<meta name=\"twitter:card\" content=\"summary_large_image\" \/>\n<meta name=\"twitter:site\" content=\"@chronobionews\" \/>\n<meta name=\"twitter:label1\" content=\"Estimeret l\u00e6setid\" \/>\n\t<meta name=\"twitter:data1\" content=\"6 minutter\" \/>\n<script type=\"application\/ld+json\" class=\"yoast-schema-graph\">{\"@context\":\"https:\/\/schema.org\",\"@graph\":[{\"@type\":\"WebPage\",\"@id\":\"https:\/\/dev.chronobiology.com\/da\/sundhedsmaessige-fordele-ved-kronofarmakologi\/\",\"url\":\"https:\/\/dev.chronobiology.com\/da\/sundhedsmaessige-fordele-ved-kronofarmakologi\/\",\"name\":\"Sundhedsm\u00e6ssige fordele ved kronofarmakologi &#8211; Chronobiology.com\",\"isPartOf\":{\"@id\":\"https:\/\/dev.chronobiology.com\/da\/#website\"},\"primaryImageOfPage\":{\"@id\":\"https:\/\/dev.chronobiology.com\/da\/sundhedsmaessige-fordele-ved-kronofarmakologi\/#primaryimage\"},\"image\":{\"@id\":\"https:\/\/dev.chronobiology.com\/da\/sundhedsmaessige-fordele-ved-kronofarmakologi\/#primaryimage\"},\"thumbnailUrl\":\"https:\/\/dev.chronobiology.com\/wp-content\/uploads\/2015\/01\/chronopharmakologie-2.jpg\",\"datePublished\":\"2023-12-19T14:47:23+00:00\",\"dateModified\":\"2023-12-19T14:47:26+00:00\",\"breadcrumb\":{\"@id\":\"https:\/\/dev.chronobiology.com\/da\/sundhedsmaessige-fordele-ved-kronofarmakologi\/#breadcrumb\"},\"inLanguage\":\"da-DK\",\"potentialAction\":[{\"@type\":\"ReadAction\",\"target\":[\"https:\/\/dev.chronobiology.com\/da\/sundhedsmaessige-fordele-ved-kronofarmakologi\/\"]}]},{\"@type\":\"ImageObject\",\"inLanguage\":\"da-DK\",\"@id\":\"https:\/\/dev.chronobiology.com\/da\/sundhedsmaessige-fordele-ved-kronofarmakologi\/#primaryimage\",\"url\":\"https:\/\/dev.chronobiology.com\/wp-content\/uploads\/2015\/01\/chronopharmakologie-2.jpg\",\"contentUrl\":\"https:\/\/dev.chronobiology.com\/wp-content\/uploads\/2015\/01\/chronopharmakologie-2.jpg\",\"width\":1800,\"height\":449},{\"@type\":\"BreadcrumbList\",\"@id\":\"https:\/\/dev.chronobiology.com\/da\/sundhedsmaessige-fordele-ved-kronofarmakologi\/#breadcrumb\",\"itemListElement\":[{\"@type\":\"ListItem\",\"position\":1,\"name\":\"Home\",\"item\":\"https:\/\/dev.chronobiology.com\/da\/\"},{\"@type\":\"ListItem\",\"position\":2,\"name\":\"Sundhedsm\u00e6ssige fordele ved kronofarmakologi\"}]},{\"@type\":\"WebSite\",\"@id\":\"https:\/\/dev.chronobiology.com\/da\/#website\",\"url\":\"https:\/\/dev.chronobiology.com\/da\/\",\"name\":\"Chronobiology.com\",\"description\":\"\",\"publisher\":{\"@id\":\"https:\/\/dev.chronobiology.com\/da\/#organization\"},\"potentialAction\":[{\"@type\":\"SearchAction\",\"target\":{\"@type\":\"EntryPoint\",\"urlTemplate\":\"https:\/\/dev.chronobiology.com\/da\/?s={search_term_string}\"},\"query-input\":{\"@type\":\"PropertyValueSpecification\",\"valueRequired\":true,\"valueName\":\"search_term_string\"}}],\"inLanguage\":\"da-DK\"},{\"@type\":\"Organization\",\"@id\":\"https:\/\/dev.chronobiology.com\/da\/#organization\",\"name\":\"Chronobiology\",\"url\":\"https:\/\/dev.chronobiology.com\/da\/\",\"logo\":{\"@type\":\"ImageObject\",\"inLanguage\":\"da-DK\",\"@id\":\"https:\/\/dev.chronobiology.com\/da\/#\/schema\/logo\/image\/\",\"url\":\"https:\/\/www.chronobiology.com\/wp-content\/uploads\/2019\/01\/chronobiology_logo_en_r.png\",\"contentUrl\":\"https:\/\/www.chronobiology.com\/wp-content\/uploads\/2019\/01\/chronobiology_logo_en_r.png\",\"width\":375,\"height\":90,\"caption\":\"Chronobiology\"},\"image\":{\"@id\":\"https:\/\/dev.chronobiology.com\/da\/#\/schema\/logo\/image\/\"},\"sameAs\":[\"https:\/\/www.facebook.com\/chronobiology\",\"https:\/\/x.com\/chronobionews\",\"https:\/\/www.instagram.com\/chronobiology\/\",\"https:\/\/www.pinterest.com\/chronobiology\/\"]}]}<\/script>\n<!-- \/ Yoast SEO Premium plugin. -->","yoast_head_json":{"title":"Sundhedsm\u00e6ssige fordele ved kronofarmakologi &#8211; Chronobiology.com","robots":{"index":"index","follow":"follow","max-snippet":"max-snippet:-1","max-image-preview":"max-image-preview:large","max-video-preview":"max-video-preview:-1"},"canonical":"https:\/\/dev.chronobiology.com\/da\/sundhedsmaessige-fordele-ved-kronofarmakologi\/","og_locale":"da_DK","og_type":"article","og_title":"Sundhedsm\u00e6ssige fordele ved kronofarmakologi","og_description":"[vc_row full_width=&#8221;stretch_row&#8221; css=&#8221;.vc_custom_1481873941643{background-image: url(https:\/\/www.chronobiology.com\/wp-content\/uploads\/2015\/01\/chronopharmakologie-2.jpg?id=9256) !important;background-position: center !important;background-repeat: no-repeat !important;background-size: cover !important;}&#8221; el_class=&#8221;banner-top&#8221;][vc_column][vc_custom_heading source=&#8221;post_title&#8221; font_container=&#8221;tag:h1|text_align:center&#8221; use_theme_fonts=&#8221;yes&#8221;][\/vc_column][\/vc_row][vc_row][vc_column][vc_column_text] Kronofarmakologi: Den rigtige formulering p\u00e5 det rigtige tidspunkt Hvor hurtigt eller effektivt et biologisk stof absorberes og har en virkning efter indtagelse, afh\u00e6nger i h\u00f8j grad af ford\u00f8jelseskanalens aktivitet. Hvis et stof skal have en effekt i et m\u00e5lorgan p\u00e5 [&hellip;]","og_url":"https:\/\/dev.chronobiology.com\/da\/sundhedsmaessige-fordele-ved-kronofarmakologi\/","og_site_name":"Chronobiology.com","article_publisher":"https:\/\/www.facebook.com\/chronobiology","article_modified_time":"2023-12-19T14:47:26+00:00","og_image":[{"width":1800,"height":449,"url":"https:\/\/dev.chronobiology.com\/wp-content\/uploads\/2015\/01\/chronopharmakologie-2.jpg","type":"image\/jpeg"}],"twitter_card":"summary_large_image","twitter_site":"@chronobionews","twitter_misc":{"Estimeret l\u00e6setid":"6 minutter"},"schema":{"@context":"https:\/\/schema.org","@graph":[{"@type":"WebPage","@id":"https:\/\/dev.chronobiology.com\/da\/sundhedsmaessige-fordele-ved-kronofarmakologi\/","url":"https:\/\/dev.chronobiology.com\/da\/sundhedsmaessige-fordele-ved-kronofarmakologi\/","name":"Sundhedsm\u00e6ssige fordele ved kronofarmakologi &#8211; Chronobiology.com","isPartOf":{"@id":"https:\/\/dev.chronobiology.com\/da\/#website"},"primaryImageOfPage":{"@id":"https:\/\/dev.chronobiology.com\/da\/sundhedsmaessige-fordele-ved-kronofarmakologi\/#primaryimage"},"image":{"@id":"https:\/\/dev.chronobiology.com\/da\/sundhedsmaessige-fordele-ved-kronofarmakologi\/#primaryimage"},"thumbnailUrl":"https:\/\/dev.chronobiology.com\/wp-content\/uploads\/2015\/01\/chronopharmakologie-2.jpg","datePublished":"2023-12-19T14:47:23+00:00","dateModified":"2023-12-19T14:47:26+00:00","breadcrumb":{"@id":"https:\/\/dev.chronobiology.com\/da\/sundhedsmaessige-fordele-ved-kronofarmakologi\/#breadcrumb"},"inLanguage":"da-DK","potentialAction":[{"@type":"ReadAction","target":["https:\/\/dev.chronobiology.com\/da\/sundhedsmaessige-fordele-ved-kronofarmakologi\/"]}]},{"@type":"ImageObject","inLanguage":"da-DK","@id":"https:\/\/dev.chronobiology.com\/da\/sundhedsmaessige-fordele-ved-kronofarmakologi\/#primaryimage","url":"https:\/\/dev.chronobiology.com\/wp-content\/uploads\/2015\/01\/chronopharmakologie-2.jpg","contentUrl":"https:\/\/dev.chronobiology.com\/wp-content\/uploads\/2015\/01\/chronopharmakologie-2.jpg","width":1800,"height":449},{"@type":"BreadcrumbList","@id":"https:\/\/dev.chronobiology.com\/da\/sundhedsmaessige-fordele-ved-kronofarmakologi\/#breadcrumb","itemListElement":[{"@type":"ListItem","position":1,"name":"Home","item":"https:\/\/dev.chronobiology.com\/da\/"},{"@type":"ListItem","position":2,"name":"Sundhedsm\u00e6ssige fordele ved kronofarmakologi"}]},{"@type":"WebSite","@id":"https:\/\/dev.chronobiology.com\/da\/#website","url":"https:\/\/dev.chronobiology.com\/da\/","name":"Chronobiology.com","description":"","publisher":{"@id":"https:\/\/dev.chronobiology.com\/da\/#organization"},"potentialAction":[{"@type":"SearchAction","target":{"@type":"EntryPoint","urlTemplate":"https:\/\/dev.chronobiology.com\/da\/?s={search_term_string}"},"query-input":{"@type":"PropertyValueSpecification","valueRequired":true,"valueName":"search_term_string"}}],"inLanguage":"da-DK"},{"@type":"Organization","@id":"https:\/\/dev.chronobiology.com\/da\/#organization","name":"Chronobiology","url":"https:\/\/dev.chronobiology.com\/da\/","logo":{"@type":"ImageObject","inLanguage":"da-DK","@id":"https:\/\/dev.chronobiology.com\/da\/#\/schema\/logo\/image\/","url":"https:\/\/www.chronobiology.com\/wp-content\/uploads\/2019\/01\/chronobiology_logo_en_r.png","contentUrl":"https:\/\/www.chronobiology.com\/wp-content\/uploads\/2019\/01\/chronobiology_logo_en_r.png","width":375,"height":90,"caption":"Chronobiology"},"image":{"@id":"https:\/\/dev.chronobiology.com\/da\/#\/schema\/logo\/image\/"},"sameAs":["https:\/\/www.facebook.com\/chronobiology","https:\/\/x.com\/chronobionews","https:\/\/www.instagram.com\/chronobiology\/","https:\/\/www.pinterest.com\/chronobiology\/"]}]}},"_links":{"self":[{"href":"https:\/\/dev.chronobiology.com\/da\/wp-json\/wp\/v2\/pages\/54911"}],"collection":[{"href":"https:\/\/dev.chronobiology.com\/da\/wp-json\/wp\/v2\/pages"}],"about":[{"href":"https:\/\/dev.chronobiology.com\/da\/wp-json\/wp\/v2\/types\/page"}],"author":[{"embeddable":true,"href":"https:\/\/dev.chronobiology.com\/da\/wp-json\/wp\/v2\/users\/11"}],"replies":[{"embeddable":true,"href":"https:\/\/dev.chronobiology.com\/da\/wp-json\/wp\/v2\/comments?post=54911"}],"version-history":[{"count":2,"href":"https:\/\/dev.chronobiology.com\/da\/wp-json\/wp\/v2\/pages\/54911\/revisions"}],"predecessor-version":[{"id":54913,"href":"https:\/\/dev.chronobiology.com\/da\/wp-json\/wp\/v2\/pages\/54911\/revisions\/54913"}],"wp:featuredmedia":[{"embeddable":true,"href":"https:\/\/dev.chronobiology.com\/da\/wp-json\/wp\/v2\/media\/47997"}],"wp:attachment":[{"href":"https:\/\/dev.chronobiology.com\/da\/wp-json\/wp\/v2\/media?parent=54911"}],"wp:term":[{"taxonomy":"category","embeddable":true,"href":"https:\/\/dev.chronobiology.com\/da\/wp-json\/wp\/v2\/categories?post=54911"}],"curies":[{"name":"wp","href":"https:\/\/api.w.org\/{rel}","templated":true}]}}