{"id":54762,"date":"2023-11-22T07:08:04","date_gmt":"2023-11-22T15:08:04","guid":{"rendered":"https:\/\/www.chronobiology.com\/chrononutrition\/fordelene-ved-at-faste\/"},"modified":"2023-11-22T07:08:06","modified_gmt":"2023-11-22T15:08:06","slug":"fordelene-ved-at-faste","status":"publish","type":"page","link":"https:\/\/dev.chronobiology.com\/da\/chrononutrition\/fordelene-ved-at-faste\/","title":{"rendered":"Fordelene ved at faste"},"content":{"rendered":"<div class=\"wpb-content-wrapper\"><p>[vc_row full_width=&#8221;stretch_row&#8221; el_class=&#8221;banner-top&#8221; css=&#8221;.vc_custom_1567493268001{background-image: url(https:\/\/www.chronobiology.com\/wp-content\/uploads\/2019\/09\/the-benefits-of-fasting.jpg?id=30248) !important;}&#8221;][vc_column][vc_custom_heading source=&#8221;post_title&#8221; font_container=&#8221;tag:h1|text_align:center&#8221; use_theme_fonts=&#8221;yes&#8221;][\/vc_column][\/vc_row][vc_row][vc_column][vc_column_text]<\/p>\n<h2>Hvad er faste?<\/h2>\n<p>Faste er en af de \u00e6ldste praksisser i verden og har v\u00e6ret brugt i tusinder af \u00e5r af sundhedsm\u00e6ssige og religi\u00f8se \u00e5rsager. I mellemtiden er det blevet en ny sundhedstrend at opgive mad p\u00e5 bestemte tidspunkter. Der findes forskellige former for faste, fra kortvarig kaloriebegr\u00e6nsning (12-24 timer) til l\u00e6ngere faste. Men alle typer har \u00e9n ting til f\u00e6lles: Kroppen er ber\u00f8vet mad l\u00e6nge nok til at \u00e6ndre sit stofskifte. I stedet for at forbr\u00e6nde glukose for at br\u00f8df\u00f8de cellerne, forbr\u00e6nder kroppen fedt for at producere ketoner. Det \u00e6ndrer den biokemiske funktion af vores celler.<br \/>\nMange af fortidens kost- og ern\u00e6ringstendenser har fokuseret p\u00e5, hvad man b\u00f8r spise. S\u00e5kaldt terapeutisk faste tillader for eksempel kun v\u00e6sker som te, gr\u00f8ntsagsbouillon eller fortyndet juice i en bestemt periode, mens alkalisk faste kun tillader frugt og gr\u00f8ntsager.<\/p>\n<p><strong>Intermitterende faste: Bevidst afholdenhed fra mad p\u00e5 bestemte tidspunkter<\/strong><\/p>\n<p>Intermitterende faste (ogs\u00e5 kendt som intervalfaste) fokuserer mindre p\u00e5, hvad du spiser, og mere p\u00e5, HVORN\u00c5R du skal spise. Det indeb\u00e6rer, at man indtager kalorier i kortere, veldefinerede tidsperioder. Den grundl\u00e6ggende pr\u00e6mis for periodisk faste er at begr\u00e6nse f\u00f8deindtaget til en bestemt tidsperiode og undg\u00e5 at spise uden for denne periode, samtidig med at man opretholder tilstr\u00e6kkelige n\u00e6ringsniveauer. I virkeligheden kan de, der praktiserer periodisk faste, spise, hvad de vil, inden for rimelighedens gr\u00e6nser. Det er ikke n\u00f8dvendigt at give afkald p\u00e5 noget, men man skal spise med m\u00e5de og med et specifikt form\u00e5l.<\/p>\n<p><strong>Forskellige metoder til periodisk faste:<\/strong><\/p>\n<p>Variant 16:8:<\/p>\n<p>Den mest kendte form for periodisk faste er 16:8-versionen. Den giver dig mulighed for at spise i en periode p\u00e5 otte timer, f\u00f8r du faster i de resterende 16 timer. I praksis kan din dagsplan se s\u00e5dan ud: morgenmad kl. 8, frokost omkring kl. 12 og dagens sidste m\u00e5ltid kl. 16. Det er vigtigt at huske, at det sidste m\u00e5ltid skal indtages mindst otte timer f\u00f8r midnat. Det er en sk\u00e5nsom m\u00e5de at tabe sig p\u00e5, uden at man beh\u00f8ver at opgive bestemte f\u00f8devarer. Andre fordele: Man taber kun fedt, ikke muskelmasse. Denne variant er relativt let at integrere i dagligdagen og undg\u00e5r den velkendte yoyo-effekt og sultfornemmelser. Men for at opn\u00e5 langsigtet succes er den n\u00f8dvendige disciplin og den rigtige timing vigtig.<\/p>\n<p>Annullering af middagen:<\/p>\n<p>Andre mulige rytmer er 18:6 og 20:4, som indeb\u00e6rer faste i henholdsvis 18 eller 20 timer. Du beh\u00f8ver dog ikke at spise tre m\u00e5ltider om dagen, du kan n\u00f8jes med to eller endda kun et. En version uden aftensmad, ogs\u00e5 kendt som &#8220;dinner canceling&#8221;, er en anden s\u00e6rdeles effektiv mulighed. Morgenmad er det eneste m\u00e5ltid, du aldrig b\u00f8r springe over.<\/p>\n<p>5:2-metoden:<\/p>\n<p>En anden popul\u00e6r fastemetode best\u00e5r i at spise normalt fem dage om ugen og kun indtage en lille m\u00e6ngde mad de resterende to dage. Reglen er, at kvinder ikke m\u00e5 spise mere end 500 kalorier om dagen og m\u00e6nd ikke mere end 600. Fordelen ved denne metode er, at den er relativt velegnet til daglig brug, og at man ikke beh\u00f8ver at ofre noget s\u00e6rligt. Unders\u00f8gelser har vist, at denne metode reducerer forh\u00f8jet blodtryk og forbedrer kolesterolniveauet. Men v\u00e6r forsigtig: Selv om man tillader sm\u00e5 aflad p\u00e5 normale dage, b\u00f8r man ikke feste i det uendelige. En sund og afbalanceret kost er vigtig! En anden ulempe er, at man p\u00e5 fastedage skal v\u00e6re i stand til at indtage meget f\u00e5 kalorier, hvilket kan v\u00e6re noget af en udfordring. Denne metode anbefales ikke til folk med tidligere sygdomme. Det er vigtigt at f\u00f8lge en fastedag med mindst \u00e9n dag, hvor man spiser, for at undg\u00e5 sultstress.<\/p>\n<p>Spis-stop-spis:<\/p>\n<p>Grundl\u00e6ggende fungerer denne metode p\u00e5 samme m\u00e5de som 5:2-metoden, men med Eat-Stop-Eat faster man i 24 timer (ikke l\u00e6ngere) to dage om ugen (ikke l\u00e6ngere). I mods\u00e6tning til de andre metoder er det ikke tilladt at indtage kalorier p\u00e5 fastedagene, men man kan drikke vand, us\u00f8det te og sort kaffe. Det antages, at hver 24 timers faste giver et v\u00e6gttab p\u00e5 mellem 0,65 og 3 kg.<\/p>\n<p>ADF &#8211; Alternate day fasting (ADF):<\/p>\n<p>En anden periodisk fastemetode er at have en fastedag om ugen, hvor man ikke spiser noget fast f\u00f8de. Alternate day fasting (ADF) &#8211; hvor du faster en dag, spiser den n\u00e6ste og s\u00e5 videre &#8211; er ogs\u00e5 popul\u00e6r og effektiv. Et andet vigtigt punkt er, at man kun spiser tre m\u00e5ltider om dagen (morgenmad, frokost og aftensmad) p\u00e5 dage, hvor man ikke faster, og at man ikke snacker ind imellem.<\/p>\n<h5>De sundhedsm\u00e6ssige fordele ved faste<\/h5>\n<p>I mods\u00e6tning til vores forf\u00e6dre er det at spise i dag mere end bare et element\u00e6rt krav for at stille sulten: Nydelsen er i fokus, n\u00e5r vi spiser sammen med familie eller venner, men vi fork\u00e6ler ogs\u00e5 (alt for) ofte os selv med et stykke chokolade som bel\u00f8nning eller en pose chips, n\u00e5r vi er stressede. Vi er ogs\u00e5 hurtige til at snuppe en snack uden at t\u00e6nke over det, n\u00e5r vi er bare en lille smule sultne. For lad os v\u00e6re \u00e6rlige, hvorn\u00e5r har din mave sidst virkelig &#8220;rumlet&#8221;?<\/p>\n<p>&#8220;Vi spiser os selv ihjel&#8221;, som den russiske l\u00e6ge Galina Shatalova skrev i sin bog af samme navn. Og faktisk har overdreven spisning og d\u00e5rlig kost og livsstil for\u00e5rsaget eller \u00f8get risikoen for mange civilisationssygdomme, herunder hjerte-kar-sygdomme, diabetes, kr\u00e6ft og mange flere. Selv et lidt h\u00f8jt BMI (body mass index) kan for\u00e5rsage en af disse sygdomme. Den bedste forebyggende foranstaltning er regelm\u00e6ssige fasteperioder p\u00e5 mindst 16 timer. Det resulterer i en r\u00e6kke sundhedsm\u00e6ssige fordele, som er videnskabeligt bevist.[\/vc_column_text][\/vc_column][\/vc_row][vc_row][vc_column][vc_tta_accordion color=&#8221;turquoise&#8221; c_icon=&#8221;chevron&#8221; c_position=&#8221;right&#8221; active_section=&#8221;99&#8243; no_fill=&#8221;true&#8221; collapsible_all=&#8221;true&#8221;][vc_tta_section title=&#8221;Cellefornyelse, rensning og regenerering&#8221; tab_id=&#8221;1479159301199-fd863768-f6af4b3d-fdde&#8221;][vc_row_inner css=&#8221;.vc_custom_1479250961333{background-image: url(https:\/\/www.chronobiology.com\/wp-content\/uploads\/2013\/04\/about_1.jpg?id=11471) !important;}&#8221;][vc_column_inner][vc_column_text]<\/p>\n<p>S\u00e5 hvorfor har man brug for en spisepause p\u00e5 omkring 16 timer i periodisk faste? Fordi det tager s\u00e5 lang tid at udl\u00f8se det, der kaldes autofagi, kroppens interne renselsesproces. Dette har mange positive fordele for helbredet og menneskekroppen, da den selvrensende proces tager alt det &#8220;affald&#8221;, som maden bringer ind i vores krop, og genbruger noget af det. Cellerne repareres, oxidativt stress reduceres, og inflammation mindskes. Det reducerer ogs\u00e5 risikoen for kr\u00e6ft. Denne vigtige regenereringsfase starter dog f\u00f8rst efter 16 timers faste. Desuden m\u00e5 du i pauserne mellem m\u00e5ltiderne kun drikke us\u00f8dede drikke som vand, sort kaffe uden sukker eller gr\u00f8n te. Selv en slurk frugtjuice vil forstyrre processen!<\/p>\n<p>Kort sagt er fastefasen en del af kroppens eget detoxprogram og renser alle kroppens celler, hvilket har en gavnlig effekt p\u00e5 mange organer og kroniske sygdomme. Autofagi har ogs\u00e5 en indvirkning p\u00e5 aldringsprocessen, s\u00e5 faste er en rigtig ungdomskilde &#8211; forudsat at halvdelen af fastetiden, dvs. de f\u00f8rste otte timer, ligger f\u00f8r midnat.<\/p>\n<p>Disse oplysninger om autofagi blev f\u00f8rst opdaget for relativt nylig, prim\u00e6rt takket v\u00e6re den japanske cellebiolog Yoshinori Ohsumis arbejde, som indbragte ham Nobelprisen i medicin i 2016.<\/p>\n<p>[\/vc_column_text][\/vc_column_inner][\/vc_row_inner][\/vc_tta_section][\/vc_tta_accordion][vc_tta_accordion color=&#8221;turquoise&#8221; c_icon=&#8221;chevron&#8221; c_position=&#8221;right&#8221; active_section=&#8221;99&#8243; no_fill=&#8221;true&#8221; collapsible_all=&#8221;true&#8221;][vc_tta_section title=&#8221;Fremmer en sund v\u00e6gt&#8221; tab_id=&#8221;1479160006396-6adcefe5-9e7b4b3d-fdde&#8221;][vc_row_inner css=&#8221;.vc_custom_1567493383240{background-image: url(https:\/\/www.chronobiology.com\/wp-content\/uploads\/2013\/04\/about_2.jpg?id=11494) !important;background-position: center !important;background-repeat: no-repeat !important;background-size: cover !important;}&#8221;][vc_column_inner][vc_column_text]<\/p>\n<p>V\u00e6gttab er nok en af de mest almindelige grunde til, at intervalfaste er s\u00e5 popul\u00e6rt. Folk, der f\u00f8lger denne type di\u00e6t, taber sig hurtigere og har tendens til at holde v\u00e6gten i l\u00e6ngere tid, forudsat at de f\u00f8lger den. Intermitterende faste \u00f8ger kroppens evne til at udnytte energi fra lagrede fedtreserver og fremmer dermed fedtforbr\u00e6ndingen. Det \u00f8ger faktisk udskillelsen af HGH, et hormon, der er involveret i fedttab, muskelv\u00e6kst og foryngelse. Da man kan spise stort set hvad som helst, oplever man ikke den u\u00f8nskede yoyo-effekt, som mange slankekure medf\u00f8rer. Desuden: Periodisk faste angriber specifikt mavefedt. S\u00e5kaldt visceralt fedt kan blive kronisk bet\u00e6ndt over tid og aktivt forstyrre stofskiftet.<\/p>\n<p>[\/vc_column_text][\/vc_column_inner][\/vc_row_inner][\/vc_tta_section][\/vc_tta_accordion][vc_tta_accordion color=&#8221;turquoise&#8221; c_icon=&#8221;chevron&#8221; c_position=&#8221;right&#8221; active_section=&#8221;99&#8243; no_fill=&#8221;true&#8221; collapsible_all=&#8221;true&#8221;][vc_tta_section title=&#8221;Forebygger stofskifte-, hjerte- og hjernesygdomme&#8221; tab_id=&#8221;1479160183267-5834ce69-6e6c4b3d-fdde&#8221;][vc_row_inner css=&#8221;.vc_custom_1567493354044{background-image: url(https:\/\/www.chronobiology.com\/wp-content\/uploads\/2019\/09\/the-benefits-of-fasting.jpg?id=30248) !important;background-position: center !important;background-repeat: no-repeat !important;background-size: cover !important;}&#8221;][vc_column_inner][vc_column_text]Intermitterende faste forbedrer insulinf\u00f8lsomheden, hvilket reducerer blodsukkerniveauet og risikoen for at udvikle diabetes. Unders\u00f8gelser viser, at selv korte perioder med kaloriebegr\u00e6nsning \u00e6ndrer sammens\u00e6tningen af tarmens mikrobiom, med en klar overv\u00e6gt af gavnlige bakterier. Disse bakterier producerer til geng\u00e6ld hormoner, der kommunikerer med hjernen og underst\u00f8tter stofskiftet p\u00e5 celleniveau. Forskning tyder ogs\u00e5 p\u00e5, at intervalfaste bremser ophobningen af fedt i bugspytkirtlen, som driver insulinproduktionen. Det \u00f8ger risikoen for at udvikle diabetes.<\/p>\n<p>Intermitterende faste har ogs\u00e5 en positiv effekt p\u00e5 hjertesundheden, da det reducerer kolesterolniveauet og dermed s\u00e6nker risikoen for at udvikle hjertesygdomme. Blodtryk og allerede forh\u00f8jede blodfedtniveauer kan ogs\u00e5 normaliseres ved faste, viser unders\u00f8gelser. Desuden mener man, at et begr\u00e6nset f\u00f8deindtag bremser aldringen af blodkarrene og reducerer risikoen for \u00e5reforkalkning.<\/p>\n<p>Endelig kan hjernen ogs\u00e5 drage fordel af periodisk faste. Unders\u00f8gelser viser positive effekter, is\u00e6r p\u00e5 langtidshukommelsen. For eksempel har forskere fundet ud af, at periodisk faste er forbundet med udviklingen af nye neuroner i den voksne hippocampus, hvilket kan hj\u00e6lpe med at bremse aldersrelateret kognitiv tilbagegang hos voksne.<\/p>\n<p>[\/vc_column_text][\/vc_column_inner][\/vc_row_inner][\/vc_tta_section][\/vc_tta_accordion][vc_tta_accordion color=&#8221;turquoise&#8221; c_icon=&#8221;chevron&#8221; c_position=&#8221;right&#8221; active_section=&#8221;99&#8243; no_fill=&#8221;true&#8221; collapsible_all=&#8221;true&#8221;][vc_tta_section title=&#8221;Har anti-ageing-effekter&#8221; tab_id=&#8221;1479160006396-6adcefe5-9e7b4b3d-fdde&#8221;][vc_row_inner css=&#8221;.vc_custom_1567493383240{background-image: url(https:\/\/www.chronobiology.com\/wp-content\/uploads\/2013\/04\/about_2.jpg?id=11494) !important;background-position: center !important;background-repeat: no-repeat !important;background-size: cover !important;}&#8221;][vc_column_inner][vc_column_text]<\/p>\n<p>En anden fordel ved faste er dens positive indvirkning p\u00e5 aldringsprocessen, s\u00e5 den g\u00e5r langsommere. For eksempel har unders\u00f8gelser vist, at uregelm\u00e6ssige m\u00e5ltider og sene m\u00e5ltider betyder, at huden er l\u00e6ngere tid om at regenerere eller &#8220;reparere&#8221; eventuelle skader. G\u00f8r din hud en stor tjeneste og spring aftenens festm\u00e5ltider over!<\/p>\n<p>Dyrefors\u00f8g har ogs\u00e5 vist, at regelm\u00e6ssig faste i mindst 16 timer kan reducere aldringsprocessen med en tredjedel. Interessant nok havde det en betydeligt mere positiv effekt at springe aftensmaden over end at udelade morgenmaden, selv om man stadig fastede i 16 timer.[\/vc_column_text][\/vc_column_inner][\/vc_row_inner][\/vc_tta_section][\/vc_tta_accordion][vc_tta_accordion color=&#8221;turquoise&#8221; c_icon=&#8221;chevron&#8221; c_position=&#8221;right&#8221; active_section=&#8221;99&#8243; no_fill=&#8221;true&#8221; collapsible_all=&#8221;true&#8221;][vc_tta_section title=&#8221;Forbedrer det mentale velbefindende&#8221; tab_id=&#8221;1479160183267-5834ce69-6e6c4b3d-fdde&#8221;][vc_row_inner css=&#8221;.vc_custom_1567493354044{background-image: url(https:\/\/www.chronobiology.com\/wp-content\/uploads\/2019\/09\/the-benefits-of-fasting.jpg?id=30248) !important;background-position: center !important;background-repeat: no-repeat !important;background-size: cover !important;}&#8221;][vc_column_inner][vc_column_text]Mange mennesker, der faster regelm\u00e6ssigt, f\u00f8ler sig mere aktive, dygtige og tilfredse &#8211; og ikke kun fordi de kommer t\u00e6ttere p\u00e5 deres m\u00e5lv\u00e6gt for hver dag, der g\u00e5r. Fasten udl\u00f8ser ogs\u00e5 en biokemisk reaktion, der p\u00e5virker vores psyke, fordi 16 timers faste, der for det meste varer natten over, \u00f8ger koncentrationen af lykkehormonet serotonin. Det sker takket v\u00e6re de s\u00e5kaldte ketoner, som produceres, n\u00e5r kroppen nedbryder overskydende energireserver. Disse ketonstoffer stimulerer ogs\u00e5 nervecellerne og udl\u00f8ser \u00f8gede m\u00e6ngder af neurotransmittere som serotonin tidligt om morgenen.[\/vc_column_text][\/vc_column_inner][\/vc_row_inner][\/vc_tta_section][\/vc_tta_accordion][\/vc_column][\/vc_row]<\/p>\n<\/div>","protected":false},"excerpt":{"rendered":"<p>[vc_row full_width=&#8221;stretch_row&#8221; el_class=&#8221;banner-top&#8221; css=&#8221;.vc_custom_1567493268001{background-image: url(https:\/\/www.chronobiology.com\/wp-content\/uploads\/2019\/09\/the-benefits-of-fasting.jpg?id=30248) !important;}&#8221;][vc_column][vc_custom_heading source=&#8221;post_title&#8221; font_container=&#8221;tag:h1|text_align:center&#8221; use_theme_fonts=&#8221;yes&#8221;][\/vc_column][\/vc_row][vc_row][vc_column][vc_column_text] Hvad er faste? Faste er en af de \u00e6ldste praksisser i verden og har v\u00e6ret brugt i tusinder af \u00e5r af sundhedsm\u00e6ssige og religi\u00f8se \u00e5rsager. I mellemtiden er det blevet en ny sundhedstrend at opgive mad p\u00e5 bestemte tidspunkter. Der findes forskellige former for faste, fra [&hellip;]<\/p>\n","protected":false},"author":15,"featured_media":0,"parent":54744,"menu_order":0,"comment_status":"closed","ping_status":"closed","template":"","meta":{"_acf_changed":false,"_genesis_hide_title":false,"_genesis_hide_breadcrumbs":false,"_genesis_hide_singular_image":false,"_genesis_hide_footer_widgets":false,"_genesis_custom_body_class":"","_genesis_custom_post_class":"","_genesis_layout":"","footnotes":""},"categories":[],"class_list":{"0":"post-54762","1":"page","2":"type-page","3":"status-publish","5":"entry","6":"has-post-thumbnail"},"acf":[],"yoast_head":"<!-- This site is optimized with the Yoast SEO Premium plugin v23.4 (Yoast SEO v23.4) - https:\/\/yoast.com\/wordpress\/plugins\/seo\/ -->\n<title>Fordelene ved at faste &#8211; Chronobiology.com<\/title>\n<meta name=\"robots\" content=\"index, follow, max-snippet:-1, max-image-preview:large, max-video-preview:-1\" \/>\n<link rel=\"canonical\" href=\"https:\/\/dev.chronobiology.com\/da\/chrononutrition\/fordelene-ved-at-faste\/\" \/>\n<meta property=\"og:locale\" content=\"da_DK\" \/>\n<meta property=\"og:type\" content=\"article\" \/>\n<meta property=\"og:title\" content=\"Fordelene ved at faste\" \/>\n<meta property=\"og:description\" content=\"[vc_row full_width=&#8221;stretch_row&#8221; el_class=&#8221;banner-top&#8221; css=&#8221;.vc_custom_1567493268001{background-image: url(https:\/\/www.chronobiology.com\/wp-content\/uploads\/2019\/09\/the-benefits-of-fasting.jpg?id=30248) !important;}&#8221;][vc_column][vc_custom_heading source=&#8221;post_title&#8221; font_container=&#8221;tag:h1|text_align:center&#8221; use_theme_fonts=&#8221;yes&#8221;][\/vc_column][\/vc_row][vc_row][vc_column][vc_column_text] Hvad er faste? Faste er en af de \u00e6ldste praksisser i verden og har v\u00e6ret brugt i tusinder af \u00e5r af sundhedsm\u00e6ssige og religi\u00f8se \u00e5rsager. I mellemtiden er det blevet en ny sundhedstrend at opgive mad p\u00e5 bestemte tidspunkter. Der findes forskellige former for faste, fra [&hellip;]\" \/>\n<meta property=\"og:url\" content=\"https:\/\/dev.chronobiology.com\/da\/chrononutrition\/fordelene-ved-at-faste\/\" \/>\n<meta property=\"og:site_name\" content=\"Chronobiology.com\" \/>\n<meta property=\"article:publisher\" content=\"https:\/\/www.facebook.com\/chronobiology\" \/>\n<meta property=\"article:modified_time\" content=\"2023-11-22T15:08:06+00:00\" \/>\n<meta name=\"twitter:card\" content=\"summary_large_image\" \/>\n<meta name=\"twitter:site\" content=\"@chronobionews\" \/>\n<meta name=\"twitter:label1\" content=\"Estimeret l\u00e6setid\" \/>\n\t<meta name=\"twitter:data1\" content=\"11 minutter\" \/>\n<script type=\"application\/ld+json\" class=\"yoast-schema-graph\">{\"@context\":\"https:\/\/schema.org\",\"@graph\":[{\"@type\":\"WebPage\",\"@id\":\"https:\/\/dev.chronobiology.com\/da\/chrononutrition\/fordelene-ved-at-faste\/\",\"url\":\"https:\/\/dev.chronobiology.com\/da\/chrononutrition\/fordelene-ved-at-faste\/\",\"name\":\"Fordelene ved at faste &#8211; Chronobiology.com\",\"isPartOf\":{\"@id\":\"https:\/\/dev.chronobiology.com\/da\/#website\"},\"datePublished\":\"2023-11-22T15:08:04+00:00\",\"dateModified\":\"2023-11-22T15:08:06+00:00\",\"breadcrumb\":{\"@id\":\"https:\/\/dev.chronobiology.com\/da\/chrononutrition\/fordelene-ved-at-faste\/#breadcrumb\"},\"inLanguage\":\"da-DK\",\"potentialAction\":[{\"@type\":\"ReadAction\",\"target\":[\"https:\/\/dev.chronobiology.com\/da\/chrononutrition\/fordelene-ved-at-faste\/\"]}]},{\"@type\":\"BreadcrumbList\",\"@id\":\"https:\/\/dev.chronobiology.com\/da\/chrononutrition\/fordelene-ved-at-faste\/#breadcrumb\",\"itemListElement\":[{\"@type\":\"ListItem\",\"position\":1,\"name\":\"Home\",\"item\":\"https:\/\/dev.chronobiology.com\/da\/\"},{\"@type\":\"ListItem\",\"position\":2,\"name\":\"Chrononutrition\u2122\",\"item\":\"https:\/\/dev.chronobiology.com\/da\/chrononutrition\/\"},{\"@type\":\"ListItem\",\"position\":3,\"name\":\"Fordelene ved at faste\"}]},{\"@type\":\"WebSite\",\"@id\":\"https:\/\/dev.chronobiology.com\/da\/#website\",\"url\":\"https:\/\/dev.chronobiology.com\/da\/\",\"name\":\"Chronobiology.com\",\"description\":\"\",\"publisher\":{\"@id\":\"https:\/\/dev.chronobiology.com\/da\/#organization\"},\"potentialAction\":[{\"@type\":\"SearchAction\",\"target\":{\"@type\":\"EntryPoint\",\"urlTemplate\":\"https:\/\/dev.chronobiology.com\/da\/?s={search_term_string}\"},\"query-input\":{\"@type\":\"PropertyValueSpecification\",\"valueRequired\":true,\"valueName\":\"search_term_string\"}}],\"inLanguage\":\"da-DK\"},{\"@type\":\"Organization\",\"@id\":\"https:\/\/dev.chronobiology.com\/da\/#organization\",\"name\":\"Chronobiology\",\"url\":\"https:\/\/dev.chronobiology.com\/da\/\",\"logo\":{\"@type\":\"ImageObject\",\"inLanguage\":\"da-DK\",\"@id\":\"https:\/\/dev.chronobiology.com\/da\/#\/schema\/logo\/image\/\",\"url\":\"https:\/\/www.chronobiology.com\/wp-content\/uploads\/2019\/01\/chronobiology_logo_en_r.png\",\"contentUrl\":\"https:\/\/www.chronobiology.com\/wp-content\/uploads\/2019\/01\/chronobiology_logo_en_r.png\",\"width\":375,\"height\":90,\"caption\":\"Chronobiology\"},\"image\":{\"@id\":\"https:\/\/dev.chronobiology.com\/da\/#\/schema\/logo\/image\/\"},\"sameAs\":[\"https:\/\/www.facebook.com\/chronobiology\",\"https:\/\/x.com\/chronobionews\",\"https:\/\/www.instagram.com\/chronobiology\/\",\"https:\/\/www.pinterest.com\/chronobiology\/\"]}]}<\/script>\n<!-- \/ Yoast SEO Premium plugin. -->","yoast_head_json":{"title":"Fordelene ved at faste &#8211; Chronobiology.com","robots":{"index":"index","follow":"follow","max-snippet":"max-snippet:-1","max-image-preview":"max-image-preview:large","max-video-preview":"max-video-preview:-1"},"canonical":"https:\/\/dev.chronobiology.com\/da\/chrononutrition\/fordelene-ved-at-faste\/","og_locale":"da_DK","og_type":"article","og_title":"Fordelene ved at faste","og_description":"[vc_row full_width=&#8221;stretch_row&#8221; el_class=&#8221;banner-top&#8221; css=&#8221;.vc_custom_1567493268001{background-image: url(https:\/\/www.chronobiology.com\/wp-content\/uploads\/2019\/09\/the-benefits-of-fasting.jpg?id=30248) !important;}&#8221;][vc_column][vc_custom_heading source=&#8221;post_title&#8221; font_container=&#8221;tag:h1|text_align:center&#8221; use_theme_fonts=&#8221;yes&#8221;][\/vc_column][\/vc_row][vc_row][vc_column][vc_column_text] Hvad er faste? Faste er en af de \u00e6ldste praksisser i verden og har v\u00e6ret brugt i tusinder af \u00e5r af sundhedsm\u00e6ssige og religi\u00f8se \u00e5rsager. I mellemtiden er det blevet en ny sundhedstrend at opgive mad p\u00e5 bestemte tidspunkter. Der findes forskellige former for faste, fra [&hellip;]","og_url":"https:\/\/dev.chronobiology.com\/da\/chrononutrition\/fordelene-ved-at-faste\/","og_site_name":"Chronobiology.com","article_publisher":"https:\/\/www.facebook.com\/chronobiology","article_modified_time":"2023-11-22T15:08:06+00:00","twitter_card":"summary_large_image","twitter_site":"@chronobionews","twitter_misc":{"Estimeret l\u00e6setid":"11 minutter"},"schema":{"@context":"https:\/\/schema.org","@graph":[{"@type":"WebPage","@id":"https:\/\/dev.chronobiology.com\/da\/chrononutrition\/fordelene-ved-at-faste\/","url":"https:\/\/dev.chronobiology.com\/da\/chrononutrition\/fordelene-ved-at-faste\/","name":"Fordelene ved at faste &#8211; Chronobiology.com","isPartOf":{"@id":"https:\/\/dev.chronobiology.com\/da\/#website"},"datePublished":"2023-11-22T15:08:04+00:00","dateModified":"2023-11-22T15:08:06+00:00","breadcrumb":{"@id":"https:\/\/dev.chronobiology.com\/da\/chrononutrition\/fordelene-ved-at-faste\/#breadcrumb"},"inLanguage":"da-DK","potentialAction":[{"@type":"ReadAction","target":["https:\/\/dev.chronobiology.com\/da\/chrononutrition\/fordelene-ved-at-faste\/"]}]},{"@type":"BreadcrumbList","@id":"https:\/\/dev.chronobiology.com\/da\/chrononutrition\/fordelene-ved-at-faste\/#breadcrumb","itemListElement":[{"@type":"ListItem","position":1,"name":"Home","item":"https:\/\/dev.chronobiology.com\/da\/"},{"@type":"ListItem","position":2,"name":"Chrononutrition\u2122","item":"https:\/\/dev.chronobiology.com\/da\/chrononutrition\/"},{"@type":"ListItem","position":3,"name":"Fordelene ved at faste"}]},{"@type":"WebSite","@id":"https:\/\/dev.chronobiology.com\/da\/#website","url":"https:\/\/dev.chronobiology.com\/da\/","name":"Chronobiology.com","description":"","publisher":{"@id":"https:\/\/dev.chronobiology.com\/da\/#organization"},"potentialAction":[{"@type":"SearchAction","target":{"@type":"EntryPoint","urlTemplate":"https:\/\/dev.chronobiology.com\/da\/?s={search_term_string}"},"query-input":{"@type":"PropertyValueSpecification","valueRequired":true,"valueName":"search_term_string"}}],"inLanguage":"da-DK"},{"@type":"Organization","@id":"https:\/\/dev.chronobiology.com\/da\/#organization","name":"Chronobiology","url":"https:\/\/dev.chronobiology.com\/da\/","logo":{"@type":"ImageObject","inLanguage":"da-DK","@id":"https:\/\/dev.chronobiology.com\/da\/#\/schema\/logo\/image\/","url":"https:\/\/www.chronobiology.com\/wp-content\/uploads\/2019\/01\/chronobiology_logo_en_r.png","contentUrl":"https:\/\/www.chronobiology.com\/wp-content\/uploads\/2019\/01\/chronobiology_logo_en_r.png","width":375,"height":90,"caption":"Chronobiology"},"image":{"@id":"https:\/\/dev.chronobiology.com\/da\/#\/schema\/logo\/image\/"},"sameAs":["https:\/\/www.facebook.com\/chronobiology","https:\/\/x.com\/chronobionews","https:\/\/www.instagram.com\/chronobiology\/","https:\/\/www.pinterest.com\/chronobiology\/"]}]}},"_links":{"self":[{"href":"https:\/\/dev.chronobiology.com\/da\/wp-json\/wp\/v2\/pages\/54762"}],"collection":[{"href":"https:\/\/dev.chronobiology.com\/da\/wp-json\/wp\/v2\/pages"}],"about":[{"href":"https:\/\/dev.chronobiology.com\/da\/wp-json\/wp\/v2\/types\/page"}],"author":[{"embeddable":true,"href":"https:\/\/dev.chronobiology.com\/da\/wp-json\/wp\/v2\/users\/15"}],"replies":[{"embeddable":true,"href":"https:\/\/dev.chronobiology.com\/da\/wp-json\/wp\/v2\/comments?post=54762"}],"version-history":[{"count":2,"href":"https:\/\/dev.chronobiology.com\/da\/wp-json\/wp\/v2\/pages\/54762\/revisions"}],"predecessor-version":[{"id":54764,"href":"https:\/\/dev.chronobiology.com\/da\/wp-json\/wp\/v2\/pages\/54762\/revisions\/54764"}],"up":[{"embeddable":true,"href":"https:\/\/dev.chronobiology.com\/da\/wp-json\/wp\/v2\/pages\/54744"}],"wp:attachment":[{"href":"https:\/\/dev.chronobiology.com\/da\/wp-json\/wp\/v2\/media?parent=54762"}],"wp:term":[{"taxonomy":"category","embeddable":true,"href":"https:\/\/dev.chronobiology.com\/da\/wp-json\/wp\/v2\/categories?post=54762"}],"curies":[{"name":"wp","href":"https:\/\/api.w.org\/{rel}","templated":true}]}}