{"id":54756,"date":"2023-11-22T06:53:46","date_gmt":"2023-11-22T14:53:46","guid":{"rendered":"https:\/\/www.chronobiology.com\/chrononutrition\/fingrene-vaek-fra-snacks\/"},"modified":"2023-11-22T06:53:48","modified_gmt":"2023-11-22T14:53:48","slug":"fingrene-vaek-fra-snacks","status":"publish","type":"page","link":"https:\/\/dev.chronobiology.com\/da\/chrononutrition\/fingrene-vaek-fra-snacks\/","title":{"rendered":"Fingrene v\u00e6k fra snacks"},"content":{"rendered":"<div class=\"wpb-content-wrapper\"><p>[vc_row full_width=&#8221;stretch_row&#8221; el_class=&#8221;banner-top&#8221; css=&#8221;.vc_custom_1567494990319{background-image: url(https:\/\/www.chronobiology.com\/wp-content\/uploads\/2019\/09\/hands-off-the-snacks.jpg?id=30328) !important;}&#8221;][vc_column][vc_custom_heading source=&#8221;post_title&#8221; font_container=&#8221;tag:h1|text_align:center&#8221; use_theme_fonts=&#8221;yes&#8221;][\/vc_column][\/vc_row][vc_row][vc_column][vc_column_text]Hvis du konstant snacker mellem m\u00e5ltiderne, kommer insulinniveauet aldrig ned fra sit h\u00f8jdepunkt &#8211; og du vil hurtigt kunne m\u00e6rke det p\u00e5 v\u00e6gten. Det har is\u00e6r alvorlige konsekvenser, hvis du ikke kan holde dig fra k\u00f8leskabet natten over eller regelm\u00e6ssigt spiser aftensm\u00e5ltider, der indeholder mange kulhydrater som nudler eller kartofler.<\/p>\n<p>P\u00e5 dette tidspunkt af dagen er kroppens vigtigste stofskifteprocesser nemlig sat p\u00e5 v\u00e5geblus, f.eks. kortisol, som er ansvarlig for fedtforbr\u00e6ndingen. Hvis du spiser en pose chips foran fjernsynet eller en chokoladebar inden sengetid, vil dit insulinniveau stige, og ghrelin og leptin vil blive bragt helt ud af deres normale rytme. Det p\u00e5virker ogs\u00e5 din s\u00f8vn: Sover du bedre og f\u00f8ler dig mere udhvilet efter en tidlig, let middag eller efter en snackfest sent om aftenen?<\/p>\n<p>Konstant h\u00f8je insulinniveauer kan ogs\u00e5 f\u00e5 vores kroppe til at v\u00e6nne sig til denne tilstand, hvilket i v\u00e6rste fald fremmer udviklingen af diabetes og dens komplikationer. Desuden har nylige unders\u00f8gelser vist, at menneskekroppen har en indbygget hukommelse. Hvis du konstant griber ud efter snacks mellem m\u00e5ltiderne, husker din krop det og kr\u00e6ver mad p\u00e5 samme tidspunkt den f\u00f8lgende dag, hvilket skaber en ond cirkel.<\/p>\n<p>S\u00e5 hvad med det r\u00e5d, du h\u00f8rer om at spise fem sm\u00e5 m\u00e5ltider om dagen? Det er et d\u00e5rligt r\u00e5d! Hvis insulinniveauet holdes h\u00f8jt uden for myldretiden, bliver vores fedtdepoter konstant fyldt op. Resultatet &#8211; som \u00e5rene g\u00e5r, bliver vi federe og federe. T\u00e6nk over det: At tage et kilo p\u00e5 i l\u00f8bet af et \u00e5r virker ikke af meget i f\u00f8rste omgang, men det betyder ti kilo ekstra v\u00e6gt p\u00e5 et \u00e5rti![\/vc_column_text][\/vc_column][\/vc_row]<\/p>\n<\/div>","protected":false},"excerpt":{"rendered":"<p>[vc_row full_width=&#8221;stretch_row&#8221; el_class=&#8221;banner-top&#8221; css=&#8221;.vc_custom_1567494990319{background-image: url(https:\/\/www.chronobiology.com\/wp-content\/uploads\/2019\/09\/hands-off-the-snacks.jpg?id=30328) !important;}&#8221;][vc_column][vc_custom_heading source=&#8221;post_title&#8221; font_container=&#8221;tag:h1|text_align:center&#8221; use_theme_fonts=&#8221;yes&#8221;][\/vc_column][\/vc_row][vc_row][vc_column][vc_column_text]Hvis du konstant snacker mellem m\u00e5ltiderne, kommer insulinniveauet aldrig ned fra sit h\u00f8jdepunkt &#8211; og du vil hurtigt kunne m\u00e6rke det p\u00e5 v\u00e6gten. Det har is\u00e6r alvorlige konsekvenser, hvis du ikke kan holde dig fra k\u00f8leskabet natten over eller regelm\u00e6ssigt spiser aftensm\u00e5ltider, der indeholder mange kulhydrater som [&hellip;]<\/p>\n","protected":false},"author":15,"featured_media":0,"parent":54744,"menu_order":0,"comment_status":"closed","ping_status":"closed","template":"","meta":{"_acf_changed":false,"_genesis_hide_title":false,"_genesis_hide_breadcrumbs":false,"_genesis_hide_singular_image":false,"_genesis_hide_footer_widgets":false,"_genesis_custom_body_class":"","_genesis_custom_post_class":"","_genesis_layout":"","footnotes":""},"categories":[],"class_list":{"0":"post-54756","1":"page","2":"type-page","3":"status-publish","5":"entry","6":"has-post-thumbnail"},"acf":[],"yoast_head":"<!-- This site is optimized with the Yoast SEO Premium plugin v23.4 (Yoast SEO v23.4) - https:\/\/yoast.com\/wordpress\/plugins\/seo\/ -->\n<title>Fingrene v\u00e6k fra snacks &#8211; Chronobiology.com<\/title>\n<meta name=\"robots\" content=\"index, follow, max-snippet:-1, max-image-preview:large, max-video-preview:-1\" \/>\n<link rel=\"canonical\" href=\"https:\/\/dev.chronobiology.com\/da\/chrononutrition\/fingrene-vaek-fra-snacks\/\" \/>\n<meta property=\"og:locale\" content=\"da_DK\" \/>\n<meta property=\"og:type\" content=\"article\" \/>\n<meta property=\"og:title\" content=\"Fingrene v\u00e6k fra snacks\" \/>\n<meta property=\"og:description\" content=\"[vc_row full_width=&#8221;stretch_row&#8221; el_class=&#8221;banner-top&#8221; css=&#8221;.vc_custom_1567494990319{background-image: url(https:\/\/www.chronobiology.com\/wp-content\/uploads\/2019\/09\/hands-off-the-snacks.jpg?id=30328) !important;}&#8221;][vc_column][vc_custom_heading source=&#8221;post_title&#8221; font_container=&#8221;tag:h1|text_align:center&#8221; use_theme_fonts=&#8221;yes&#8221;][\/vc_column][\/vc_row][vc_row][vc_column][vc_column_text]Hvis du konstant snacker mellem m\u00e5ltiderne, kommer insulinniveauet aldrig ned fra sit h\u00f8jdepunkt &#8211; og du vil hurtigt kunne m\u00e6rke det p\u00e5 v\u00e6gten. Det har is\u00e6r alvorlige konsekvenser, hvis du ikke kan holde dig fra k\u00f8leskabet natten over eller regelm\u00e6ssigt spiser aftensm\u00e5ltider, der indeholder mange kulhydrater som [&hellip;]\" \/>\n<meta property=\"og:url\" content=\"https:\/\/dev.chronobiology.com\/da\/chrononutrition\/fingrene-vaek-fra-snacks\/\" \/>\n<meta property=\"og:site_name\" content=\"Chronobiology.com\" \/>\n<meta property=\"article:publisher\" content=\"https:\/\/www.facebook.com\/chronobiology\" \/>\n<meta property=\"article:modified_time\" content=\"2023-11-22T14:53:48+00:00\" \/>\n<meta name=\"twitter:card\" content=\"summary_large_image\" \/>\n<meta name=\"twitter:site\" content=\"@chronobionews\" \/>\n<meta name=\"twitter:label1\" content=\"Estimeret l\u00e6setid\" \/>\n\t<meta name=\"twitter:data1\" content=\"2 minutter\" \/>\n<script type=\"application\/ld+json\" class=\"yoast-schema-graph\">{\"@context\":\"https:\/\/schema.org\",\"@graph\":[{\"@type\":\"WebPage\",\"@id\":\"https:\/\/dev.chronobiology.com\/da\/chrononutrition\/fingrene-vaek-fra-snacks\/\",\"url\":\"https:\/\/dev.chronobiology.com\/da\/chrononutrition\/fingrene-vaek-fra-snacks\/\",\"name\":\"Fingrene v\u00e6k fra snacks &#8211; Chronobiology.com\",\"isPartOf\":{\"@id\":\"https:\/\/dev.chronobiology.com\/da\/#website\"},\"datePublished\":\"2023-11-22T14:53:46+00:00\",\"dateModified\":\"2023-11-22T14:53:48+00:00\",\"breadcrumb\":{\"@id\":\"https:\/\/dev.chronobiology.com\/da\/chrononutrition\/fingrene-vaek-fra-snacks\/#breadcrumb\"},\"inLanguage\":\"da-DK\",\"potentialAction\":[{\"@type\":\"ReadAction\",\"target\":[\"https:\/\/dev.chronobiology.com\/da\/chrononutrition\/fingrene-vaek-fra-snacks\/\"]}]},{\"@type\":\"BreadcrumbList\",\"@id\":\"https:\/\/dev.chronobiology.com\/da\/chrononutrition\/fingrene-vaek-fra-snacks\/#breadcrumb\",\"itemListElement\":[{\"@type\":\"ListItem\",\"position\":1,\"name\":\"Home\",\"item\":\"https:\/\/dev.chronobiology.com\/da\/\"},{\"@type\":\"ListItem\",\"position\":2,\"name\":\"Chrononutrition\u2122\",\"item\":\"https:\/\/dev.chronobiology.com\/da\/chrononutrition\/\"},{\"@type\":\"ListItem\",\"position\":3,\"name\":\"Fingrene v\u00e6k fra snacks\"}]},{\"@type\":\"WebSite\",\"@id\":\"https:\/\/dev.chronobiology.com\/da\/#website\",\"url\":\"https:\/\/dev.chronobiology.com\/da\/\",\"name\":\"Chronobiology.com\",\"description\":\"\",\"publisher\":{\"@id\":\"https:\/\/dev.chronobiology.com\/da\/#organization\"},\"potentialAction\":[{\"@type\":\"SearchAction\",\"target\":{\"@type\":\"EntryPoint\",\"urlTemplate\":\"https:\/\/dev.chronobiology.com\/da\/?s={search_term_string}\"},\"query-input\":{\"@type\":\"PropertyValueSpecification\",\"valueRequired\":true,\"valueName\":\"search_term_string\"}}],\"inLanguage\":\"da-DK\"},{\"@type\":\"Organization\",\"@id\":\"https:\/\/dev.chronobiology.com\/da\/#organization\",\"name\":\"Chronobiology\",\"url\":\"https:\/\/dev.chronobiology.com\/da\/\",\"logo\":{\"@type\":\"ImageObject\",\"inLanguage\":\"da-DK\",\"@id\":\"https:\/\/dev.chronobiology.com\/da\/#\/schema\/logo\/image\/\",\"url\":\"https:\/\/www.chronobiology.com\/wp-content\/uploads\/2019\/01\/chronobiology_logo_en_r.png\",\"contentUrl\":\"https:\/\/www.chronobiology.com\/wp-content\/uploads\/2019\/01\/chronobiology_logo_en_r.png\",\"width\":375,\"height\":90,\"caption\":\"Chronobiology\"},\"image\":{\"@id\":\"https:\/\/dev.chronobiology.com\/da\/#\/schema\/logo\/image\/\"},\"sameAs\":[\"https:\/\/www.facebook.com\/chronobiology\",\"https:\/\/x.com\/chronobionews\",\"https:\/\/www.instagram.com\/chronobiology\/\",\"https:\/\/www.pinterest.com\/chronobiology\/\"]}]}<\/script>\n<!-- \/ Yoast SEO Premium plugin. -->","yoast_head_json":{"title":"Fingrene v\u00e6k fra snacks &#8211; Chronobiology.com","robots":{"index":"index","follow":"follow","max-snippet":"max-snippet:-1","max-image-preview":"max-image-preview:large","max-video-preview":"max-video-preview:-1"},"canonical":"https:\/\/dev.chronobiology.com\/da\/chrononutrition\/fingrene-vaek-fra-snacks\/","og_locale":"da_DK","og_type":"article","og_title":"Fingrene v\u00e6k fra snacks","og_description":"[vc_row full_width=&#8221;stretch_row&#8221; el_class=&#8221;banner-top&#8221; css=&#8221;.vc_custom_1567494990319{background-image: url(https:\/\/www.chronobiology.com\/wp-content\/uploads\/2019\/09\/hands-off-the-snacks.jpg?id=30328) !important;}&#8221;][vc_column][vc_custom_heading source=&#8221;post_title&#8221; font_container=&#8221;tag:h1|text_align:center&#8221; use_theme_fonts=&#8221;yes&#8221;][\/vc_column][\/vc_row][vc_row][vc_column][vc_column_text]Hvis du konstant snacker mellem m\u00e5ltiderne, kommer insulinniveauet aldrig ned fra sit h\u00f8jdepunkt &#8211; og du vil hurtigt kunne m\u00e6rke det p\u00e5 v\u00e6gten. Det har is\u00e6r alvorlige konsekvenser, hvis du ikke kan holde dig fra k\u00f8leskabet natten over eller regelm\u00e6ssigt spiser aftensm\u00e5ltider, der indeholder mange kulhydrater som [&hellip;]","og_url":"https:\/\/dev.chronobiology.com\/da\/chrononutrition\/fingrene-vaek-fra-snacks\/","og_site_name":"Chronobiology.com","article_publisher":"https:\/\/www.facebook.com\/chronobiology","article_modified_time":"2023-11-22T14:53:48+00:00","twitter_card":"summary_large_image","twitter_site":"@chronobionews","twitter_misc":{"Estimeret l\u00e6setid":"2 minutter"},"schema":{"@context":"https:\/\/schema.org","@graph":[{"@type":"WebPage","@id":"https:\/\/dev.chronobiology.com\/da\/chrononutrition\/fingrene-vaek-fra-snacks\/","url":"https:\/\/dev.chronobiology.com\/da\/chrononutrition\/fingrene-vaek-fra-snacks\/","name":"Fingrene v\u00e6k fra snacks &#8211; Chronobiology.com","isPartOf":{"@id":"https:\/\/dev.chronobiology.com\/da\/#website"},"datePublished":"2023-11-22T14:53:46+00:00","dateModified":"2023-11-22T14:53:48+00:00","breadcrumb":{"@id":"https:\/\/dev.chronobiology.com\/da\/chrononutrition\/fingrene-vaek-fra-snacks\/#breadcrumb"},"inLanguage":"da-DK","potentialAction":[{"@type":"ReadAction","target":["https:\/\/dev.chronobiology.com\/da\/chrononutrition\/fingrene-vaek-fra-snacks\/"]}]},{"@type":"BreadcrumbList","@id":"https:\/\/dev.chronobiology.com\/da\/chrononutrition\/fingrene-vaek-fra-snacks\/#breadcrumb","itemListElement":[{"@type":"ListItem","position":1,"name":"Home","item":"https:\/\/dev.chronobiology.com\/da\/"},{"@type":"ListItem","position":2,"name":"Chrononutrition\u2122","item":"https:\/\/dev.chronobiology.com\/da\/chrononutrition\/"},{"@type":"ListItem","position":3,"name":"Fingrene v\u00e6k fra snacks"}]},{"@type":"WebSite","@id":"https:\/\/dev.chronobiology.com\/da\/#website","url":"https:\/\/dev.chronobiology.com\/da\/","name":"Chronobiology.com","description":"","publisher":{"@id":"https:\/\/dev.chronobiology.com\/da\/#organization"},"potentialAction":[{"@type":"SearchAction","target":{"@type":"EntryPoint","urlTemplate":"https:\/\/dev.chronobiology.com\/da\/?s={search_term_string}"},"query-input":{"@type":"PropertyValueSpecification","valueRequired":true,"valueName":"search_term_string"}}],"inLanguage":"da-DK"},{"@type":"Organization","@id":"https:\/\/dev.chronobiology.com\/da\/#organization","name":"Chronobiology","url":"https:\/\/dev.chronobiology.com\/da\/","logo":{"@type":"ImageObject","inLanguage":"da-DK","@id":"https:\/\/dev.chronobiology.com\/da\/#\/schema\/logo\/image\/","url":"https:\/\/www.chronobiology.com\/wp-content\/uploads\/2019\/01\/chronobiology_logo_en_r.png","contentUrl":"https:\/\/www.chronobiology.com\/wp-content\/uploads\/2019\/01\/chronobiology_logo_en_r.png","width":375,"height":90,"caption":"Chronobiology"},"image":{"@id":"https:\/\/dev.chronobiology.com\/da\/#\/schema\/logo\/image\/"},"sameAs":["https:\/\/www.facebook.com\/chronobiology","https:\/\/x.com\/chronobionews","https:\/\/www.instagram.com\/chronobiology\/","https:\/\/www.pinterest.com\/chronobiology\/"]}]}},"_links":{"self":[{"href":"https:\/\/dev.chronobiology.com\/da\/wp-json\/wp\/v2\/pages\/54756"}],"collection":[{"href":"https:\/\/dev.chronobiology.com\/da\/wp-json\/wp\/v2\/pages"}],"about":[{"href":"https:\/\/dev.chronobiology.com\/da\/wp-json\/wp\/v2\/types\/page"}],"author":[{"embeddable":true,"href":"https:\/\/dev.chronobiology.com\/da\/wp-json\/wp\/v2\/users\/15"}],"replies":[{"embeddable":true,"href":"https:\/\/dev.chronobiology.com\/da\/wp-json\/wp\/v2\/comments?post=54756"}],"version-history":[{"count":2,"href":"https:\/\/dev.chronobiology.com\/da\/wp-json\/wp\/v2\/pages\/54756\/revisions"}],"predecessor-version":[{"id":54758,"href":"https:\/\/dev.chronobiology.com\/da\/wp-json\/wp\/v2\/pages\/54756\/revisions\/54758"}],"up":[{"embeddable":true,"href":"https:\/\/dev.chronobiology.com\/da\/wp-json\/wp\/v2\/pages\/54744"}],"wp:attachment":[{"href":"https:\/\/dev.chronobiology.com\/da\/wp-json\/wp\/v2\/media?parent=54756"}],"wp:term":[{"taxonomy":"category","embeddable":true,"href":"https:\/\/dev.chronobiology.com\/da\/wp-json\/wp\/v2\/categories?post=54756"}],"curies":[{"name":"wp","href":"https:\/\/api.w.org\/{rel}","templated":true}]}}