{"id":54753,"date":"2023-11-22T06:51:02","date_gmt":"2023-11-22T14:51:02","guid":{"rendered":"https:\/\/www.chronobiology.com\/chrononutrition\/fyldende-protein\/"},"modified":"2023-11-22T06:51:04","modified_gmt":"2023-11-22T14:51:04","slug":"fyldende-protein","status":"publish","type":"page","link":"https:\/\/dev.chronobiology.com\/da\/chrononutrition\/fyldende-protein\/","title":{"rendered":"Fyldende protein"},"content":{"rendered":"<div class=\"wpb-content-wrapper\"><p>[vc_row full_width=&#8221;stretch_row&#8221; el_class=&#8221;banner-top&#8221; css=&#8221;.vc_custom_1567494117077{background-image: url(https:\/\/www.chronobiology.com\/wp-content\/uploads\/2019\/09\/filling-protein.jpg?id=30284) !important;}&#8221;][vc_column][vc_custom_heading source=&#8221;post_title&#8221; font_container=&#8221;tag:h1|text_align:center&#8221; use_theme_fonts=&#8221;yes&#8221;][\/vc_column][\/vc_row][vc_row][vc_column][vc_column_text]Protein er meget vigtigt i kronobiologien, fordi proteiner er vigtige byggesten for hormoner, muskler og enzymer. De holder ogs\u00e5 insulinniveauet relativt lavt efter m\u00e5ltiderne og giver os en hurtig m\u00e6thedsfornemmelse, som du m\u00e5ske allerede ved &#8211; to gode grunde til at spise et proteinrigt m\u00e5ltid om aftenen. 30 % af din daglige kost b\u00f8r ideelt set komme fra proteinrige f\u00f8devarer som k\u00f8d, fisk, \u00e6g og mejeriprodukter.<\/p>\n<p>Pr\u00f8v at undg\u00e5 animalsk protein om morgenen, og tilf\u00f8j det i stedet til din frokost. Du kan spise et \u00e6g til morgenmad i ny og n\u00e6 (f.eks. en eller to gange om ugen), men proteinrige m\u00e5ltider er bedst om aftenen: Vi garanterer, at du snart vil holde op med at savne kulhydrattilbeh\u00f8r til din aftensmad. Proteiner hj\u00e6lper dig ogs\u00e5 med at f\u00f8le dig m\u00e6t i mange timer og f\u00e5r dig til at sove bedre, mens sulten f\u00f8rst vender tilbage om morgenen.[\/vc_column_text][\/vc_column][\/vc_row]<\/p>\n<\/div>","protected":false},"excerpt":{"rendered":"<p>[vc_row full_width=&#8221;stretch_row&#8221; el_class=&#8221;banner-top&#8221; css=&#8221;.vc_custom_1567494117077{background-image: url(https:\/\/www.chronobiology.com\/wp-content\/uploads\/2019\/09\/filling-protein.jpg?id=30284) !important;}&#8221;][vc_column][vc_custom_heading source=&#8221;post_title&#8221; font_container=&#8221;tag:h1|text_align:center&#8221; use_theme_fonts=&#8221;yes&#8221;][\/vc_column][\/vc_row][vc_row][vc_column][vc_column_text]Protein er meget vigtigt i kronobiologien, fordi proteiner er vigtige byggesten for hormoner, muskler og enzymer. De holder ogs\u00e5 insulinniveauet relativt lavt efter m\u00e5ltiderne og giver os en hurtig m\u00e6thedsfornemmelse, som du m\u00e5ske allerede ved &#8211; to gode grunde til at spise et proteinrigt m\u00e5ltid om aftenen. [&hellip;]<\/p>\n","protected":false},"author":15,"featured_media":0,"parent":54744,"menu_order":0,"comment_status":"closed","ping_status":"closed","template":"","meta":{"_acf_changed":false,"_genesis_hide_title":false,"_genesis_hide_breadcrumbs":false,"_genesis_hide_singular_image":false,"_genesis_hide_footer_widgets":false,"_genesis_custom_body_class":"","_genesis_custom_post_class":"","_genesis_layout":"","footnotes":""},"categories":[],"class_list":{"0":"post-54753","1":"page","2":"type-page","3":"status-publish","5":"entry","6":"has-post-thumbnail"},"acf":[],"yoast_head":"<!-- This site is optimized with the Yoast SEO Premium plugin v23.4 (Yoast SEO v23.4) - https:\/\/yoast.com\/wordpress\/plugins\/seo\/ -->\n<title>Fyldende protein &#8211; Chronobiology.com<\/title>\n<meta name=\"robots\" content=\"index, follow, max-snippet:-1, max-image-preview:large, max-video-preview:-1\" \/>\n<link rel=\"canonical\" href=\"https:\/\/dev.chronobiology.com\/da\/chrononutrition\/fyldende-protein\/\" \/>\n<meta property=\"og:locale\" content=\"da_DK\" \/>\n<meta property=\"og:type\" content=\"article\" \/>\n<meta property=\"og:title\" content=\"Fyldende protein\" \/>\n<meta property=\"og:description\" content=\"[vc_row full_width=&#8221;stretch_row&#8221; el_class=&#8221;banner-top&#8221; css=&#8221;.vc_custom_1567494117077{background-image: url(https:\/\/www.chronobiology.com\/wp-content\/uploads\/2019\/09\/filling-protein.jpg?id=30284) !important;}&#8221;][vc_column][vc_custom_heading source=&#8221;post_title&#8221; font_container=&#8221;tag:h1|text_align:center&#8221; use_theme_fonts=&#8221;yes&#8221;][\/vc_column][\/vc_row][vc_row][vc_column][vc_column_text]Protein er meget vigtigt i kronobiologien, fordi proteiner er vigtige byggesten for hormoner, muskler og enzymer. De holder ogs\u00e5 insulinniveauet relativt lavt efter m\u00e5ltiderne og giver os en hurtig m\u00e6thedsfornemmelse, som du m\u00e5ske allerede ved &#8211; to gode grunde til at spise et proteinrigt m\u00e5ltid om aftenen. [&hellip;]\" \/>\n<meta property=\"og:url\" content=\"https:\/\/dev.chronobiology.com\/da\/chrononutrition\/fyldende-protein\/\" \/>\n<meta property=\"og:site_name\" content=\"Chronobiology.com\" \/>\n<meta property=\"article:publisher\" content=\"https:\/\/www.facebook.com\/chronobiology\" \/>\n<meta property=\"article:modified_time\" content=\"2023-11-22T14:51:04+00:00\" \/>\n<meta name=\"twitter:card\" content=\"summary_large_image\" \/>\n<meta name=\"twitter:site\" content=\"@chronobionews\" \/>\n<meta name=\"twitter:label1\" content=\"Estimeret l\u00e6setid\" \/>\n\t<meta name=\"twitter:data1\" content=\"1 minut\" \/>\n<script type=\"application\/ld+json\" class=\"yoast-schema-graph\">{\"@context\":\"https:\/\/schema.org\",\"@graph\":[{\"@type\":\"WebPage\",\"@id\":\"https:\/\/dev.chronobiology.com\/da\/chrononutrition\/fyldende-protein\/\",\"url\":\"https:\/\/dev.chronobiology.com\/da\/chrononutrition\/fyldende-protein\/\",\"name\":\"Fyldende protein &#8211; Chronobiology.com\",\"isPartOf\":{\"@id\":\"https:\/\/dev.chronobiology.com\/da\/#website\"},\"datePublished\":\"2023-11-22T14:51:02+00:00\",\"dateModified\":\"2023-11-22T14:51:04+00:00\",\"breadcrumb\":{\"@id\":\"https:\/\/dev.chronobiology.com\/da\/chrononutrition\/fyldende-protein\/#breadcrumb\"},\"inLanguage\":\"da-DK\",\"potentialAction\":[{\"@type\":\"ReadAction\",\"target\":[\"https:\/\/dev.chronobiology.com\/da\/chrononutrition\/fyldende-protein\/\"]}]},{\"@type\":\"BreadcrumbList\",\"@id\":\"https:\/\/dev.chronobiology.com\/da\/chrononutrition\/fyldende-protein\/#breadcrumb\",\"itemListElement\":[{\"@type\":\"ListItem\",\"position\":1,\"name\":\"Home\",\"item\":\"https:\/\/dev.chronobiology.com\/da\/\"},{\"@type\":\"ListItem\",\"position\":2,\"name\":\"Chrononutrition\u2122\",\"item\":\"https:\/\/dev.chronobiology.com\/da\/chrononutrition\/\"},{\"@type\":\"ListItem\",\"position\":3,\"name\":\"Fyldende protein\"}]},{\"@type\":\"WebSite\",\"@id\":\"https:\/\/dev.chronobiology.com\/da\/#website\",\"url\":\"https:\/\/dev.chronobiology.com\/da\/\",\"name\":\"Chronobiology.com\",\"description\":\"\",\"publisher\":{\"@id\":\"https:\/\/dev.chronobiology.com\/da\/#organization\"},\"potentialAction\":[{\"@type\":\"SearchAction\",\"target\":{\"@type\":\"EntryPoint\",\"urlTemplate\":\"https:\/\/dev.chronobiology.com\/da\/?s={search_term_string}\"},\"query-input\":{\"@type\":\"PropertyValueSpecification\",\"valueRequired\":true,\"valueName\":\"search_term_string\"}}],\"inLanguage\":\"da-DK\"},{\"@type\":\"Organization\",\"@id\":\"https:\/\/dev.chronobiology.com\/da\/#organization\",\"name\":\"Chronobiology\",\"url\":\"https:\/\/dev.chronobiology.com\/da\/\",\"logo\":{\"@type\":\"ImageObject\",\"inLanguage\":\"da-DK\",\"@id\":\"https:\/\/dev.chronobiology.com\/da\/#\/schema\/logo\/image\/\",\"url\":\"https:\/\/www.chronobiology.com\/wp-content\/uploads\/2019\/01\/chronobiology_logo_en_r.png\",\"contentUrl\":\"https:\/\/www.chronobiology.com\/wp-content\/uploads\/2019\/01\/chronobiology_logo_en_r.png\",\"width\":375,\"height\":90,\"caption\":\"Chronobiology\"},\"image\":{\"@id\":\"https:\/\/dev.chronobiology.com\/da\/#\/schema\/logo\/image\/\"},\"sameAs\":[\"https:\/\/www.facebook.com\/chronobiology\",\"https:\/\/x.com\/chronobionews\",\"https:\/\/www.instagram.com\/chronobiology\/\",\"https:\/\/www.pinterest.com\/chronobiology\/\"]}]}<\/script>\n<!-- \/ Yoast SEO Premium plugin. -->","yoast_head_json":{"title":"Fyldende protein &#8211; Chronobiology.com","robots":{"index":"index","follow":"follow","max-snippet":"max-snippet:-1","max-image-preview":"max-image-preview:large","max-video-preview":"max-video-preview:-1"},"canonical":"https:\/\/dev.chronobiology.com\/da\/chrononutrition\/fyldende-protein\/","og_locale":"da_DK","og_type":"article","og_title":"Fyldende protein","og_description":"[vc_row full_width=&#8221;stretch_row&#8221; el_class=&#8221;banner-top&#8221; css=&#8221;.vc_custom_1567494117077{background-image: url(https:\/\/www.chronobiology.com\/wp-content\/uploads\/2019\/09\/filling-protein.jpg?id=30284) !important;}&#8221;][vc_column][vc_custom_heading source=&#8221;post_title&#8221; font_container=&#8221;tag:h1|text_align:center&#8221; use_theme_fonts=&#8221;yes&#8221;][\/vc_column][\/vc_row][vc_row][vc_column][vc_column_text]Protein er meget vigtigt i kronobiologien, fordi proteiner er vigtige byggesten for hormoner, muskler og enzymer. De holder ogs\u00e5 insulinniveauet relativt lavt efter m\u00e5ltiderne og giver os en hurtig m\u00e6thedsfornemmelse, som du m\u00e5ske allerede ved &#8211; to gode grunde til at spise et proteinrigt m\u00e5ltid om aftenen. [&hellip;]","og_url":"https:\/\/dev.chronobiology.com\/da\/chrononutrition\/fyldende-protein\/","og_site_name":"Chronobiology.com","article_publisher":"https:\/\/www.facebook.com\/chronobiology","article_modified_time":"2023-11-22T14:51:04+00:00","twitter_card":"summary_large_image","twitter_site":"@chronobionews","twitter_misc":{"Estimeret l\u00e6setid":"1 minut"},"schema":{"@context":"https:\/\/schema.org","@graph":[{"@type":"WebPage","@id":"https:\/\/dev.chronobiology.com\/da\/chrononutrition\/fyldende-protein\/","url":"https:\/\/dev.chronobiology.com\/da\/chrononutrition\/fyldende-protein\/","name":"Fyldende protein &#8211; Chronobiology.com","isPartOf":{"@id":"https:\/\/dev.chronobiology.com\/da\/#website"},"datePublished":"2023-11-22T14:51:02+00:00","dateModified":"2023-11-22T14:51:04+00:00","breadcrumb":{"@id":"https:\/\/dev.chronobiology.com\/da\/chrononutrition\/fyldende-protein\/#breadcrumb"},"inLanguage":"da-DK","potentialAction":[{"@type":"ReadAction","target":["https:\/\/dev.chronobiology.com\/da\/chrononutrition\/fyldende-protein\/"]}]},{"@type":"BreadcrumbList","@id":"https:\/\/dev.chronobiology.com\/da\/chrononutrition\/fyldende-protein\/#breadcrumb","itemListElement":[{"@type":"ListItem","position":1,"name":"Home","item":"https:\/\/dev.chronobiology.com\/da\/"},{"@type":"ListItem","position":2,"name":"Chrononutrition\u2122","item":"https:\/\/dev.chronobiology.com\/da\/chrononutrition\/"},{"@type":"ListItem","position":3,"name":"Fyldende protein"}]},{"@type":"WebSite","@id":"https:\/\/dev.chronobiology.com\/da\/#website","url":"https:\/\/dev.chronobiology.com\/da\/","name":"Chronobiology.com","description":"","publisher":{"@id":"https:\/\/dev.chronobiology.com\/da\/#organization"},"potentialAction":[{"@type":"SearchAction","target":{"@type":"EntryPoint","urlTemplate":"https:\/\/dev.chronobiology.com\/da\/?s={search_term_string}"},"query-input":{"@type":"PropertyValueSpecification","valueRequired":true,"valueName":"search_term_string"}}],"inLanguage":"da-DK"},{"@type":"Organization","@id":"https:\/\/dev.chronobiology.com\/da\/#organization","name":"Chronobiology","url":"https:\/\/dev.chronobiology.com\/da\/","logo":{"@type":"ImageObject","inLanguage":"da-DK","@id":"https:\/\/dev.chronobiology.com\/da\/#\/schema\/logo\/image\/","url":"https:\/\/www.chronobiology.com\/wp-content\/uploads\/2019\/01\/chronobiology_logo_en_r.png","contentUrl":"https:\/\/www.chronobiology.com\/wp-content\/uploads\/2019\/01\/chronobiology_logo_en_r.png","width":375,"height":90,"caption":"Chronobiology"},"image":{"@id":"https:\/\/dev.chronobiology.com\/da\/#\/schema\/logo\/image\/"},"sameAs":["https:\/\/www.facebook.com\/chronobiology","https:\/\/x.com\/chronobionews","https:\/\/www.instagram.com\/chronobiology\/","https:\/\/www.pinterest.com\/chronobiology\/"]}]}},"_links":{"self":[{"href":"https:\/\/dev.chronobiology.com\/da\/wp-json\/wp\/v2\/pages\/54753"}],"collection":[{"href":"https:\/\/dev.chronobiology.com\/da\/wp-json\/wp\/v2\/pages"}],"about":[{"href":"https:\/\/dev.chronobiology.com\/da\/wp-json\/wp\/v2\/types\/page"}],"author":[{"embeddable":true,"href":"https:\/\/dev.chronobiology.com\/da\/wp-json\/wp\/v2\/users\/15"}],"replies":[{"embeddable":true,"href":"https:\/\/dev.chronobiology.com\/da\/wp-json\/wp\/v2\/comments?post=54753"}],"version-history":[{"count":2,"href":"https:\/\/dev.chronobiology.com\/da\/wp-json\/wp\/v2\/pages\/54753\/revisions"}],"predecessor-version":[{"id":54755,"href":"https:\/\/dev.chronobiology.com\/da\/wp-json\/wp\/v2\/pages\/54753\/revisions\/54755"}],"up":[{"embeddable":true,"href":"https:\/\/dev.chronobiology.com\/da\/wp-json\/wp\/v2\/pages\/54744"}],"wp:attachment":[{"href":"https:\/\/dev.chronobiology.com\/da\/wp-json\/wp\/v2\/media?parent=54753"}],"wp:term":[{"taxonomy":"category","embeddable":true,"href":"https:\/\/dev.chronobiology.com\/da\/wp-json\/wp\/v2\/categories?post=54753"}],"curies":[{"name":"wp","href":"https:\/\/api.w.org\/{rel}","templated":true}]}}