{"id":54736,"date":"2023-11-22T05:48:39","date_gmt":"2023-11-22T13:48:39","guid":{"rendered":"https:\/\/www.chronobiology.com\/forside\/"},"modified":"2024-01-03T14:55:03","modified_gmt":"2024-01-03T22:55:03","slug":"forside","status":"publish","type":"page","link":"https:\/\/dev.chronobiology.com\/da\/","title":{"rendered":"Forside"},"content":{"rendered":"<div class=\"wpb-content-wrapper\"><p>[vc_row full_width=&#8221;stretch_row&#8221; el_class=&#8221;home-top&#8221; css=&#8221;.vc_custom_1481849859307{background-image: url(https:\/\/www.chronobiology.com\/wp-content\/uploads\/2013\/04\/home_bg_2.jpg?id=11558) !important;background-position: center !important;background-repeat: no-repeat !important;background-size: cover !important;}&#8221;][vc_column][vc_column_text]<\/p>\n<h1 style=\"text-align: center;\"><strong>KRONOBIOLOGI<\/strong><\/h1>\n<h2 style=\"text-align: center;\"><strong>Denne side er dedikeret til kronobiologiens historie, dens resultater og udvikling.<\/strong><\/h2>\n<p>[\/vc_column_text][vc_column_text]<div class=\"latest_news\"><div class=\"wrap\"><div class=\"singleNews\"><a href=\"https:\/\/dev.chronobiology.com\/da\/brug-ikke-skaerme-i-sengen-for-at-faa-bedre-soevn\/\"><img decoding=\"async\" src=\"https:\/\/dev.chronobiology.com\/wp-content\/uploads\/2024\/09\/lll-1-358x200.png\" alt=\"Brug ikke sk\u00e6rme i sengen for at f\u00e5 bedre s\u00f8vn\"><\/a><h4><a href=\"https:\/\/dev.chronobiology.com\/da\/brug-ikke-skaerme-i-sengen-for-at-faa-bedre-soevn\/\">Brug ikke sk\u00e6rme i sengen for at f\u00e5 bedre s\u00f8vn<\/a><\/h4><p>En unders\u00f8gelse fra University of Otago har vist, at det i mods\u00e6tning til, hvad mange tr...<a class=\"more_link\" href=\"https:\/\/dev.chronobiology.com\/da\/brug-ikke-skaerme-i-sengen-for-at-faa-bedre-soevn\/\"> <\/a><\/p><\/div><div class=\"singleNews\"><a href=\"https:\/\/dev.chronobiology.com\/da\/forskere-tester-et-nyt-laegemiddel-der-er-designet-til-at-lindre-hjertesvigt-og-soevnapnoe\/\"><img decoding=\"async\" src=\"https:\/\/dev.chronobiology.com\/wp-content\/uploads\/2023\/04\/Shutterstock_1663310782-358x200.jpg\" alt=\"Forskere tester et nyt l\u00e6gemiddel, der er designet til at lindre hjertesvigt og s\u00f8vnapn\u00f8\"><\/a><h4><a href=\"https:\/\/dev.chronobiology.com\/da\/forskere-tester-et-nyt-laegemiddel-der-er-designet-til-at-lindre-hjertesvigt-og-soevnapnoe\/\">Forskere tester et nyt l\u00e6gemiddel, der er designet til at lindre hjertesvigt og s\u00f8vnapn\u00f8<\/a><\/h4><p>Hjertesvigt er en almindelig tilstand.\nI Europa lider mere end 10 millioner mennesker af h...<a class=\"more_link\" href=\"https:\/\/dev.chronobiology.com\/da\/forskere-tester-et-nyt-laegemiddel-der-er-designet-til-at-lindre-hjertesvigt-og-soevnapnoe\/\"> <\/a><\/p><\/div><div class=\"singleNews\"><a href=\"https:\/\/dev.chronobiology.com\/da\/ny-forskning-viser-at-tandscreeninger-kan-vaere-foerste-forsvarslinje-mod-doedelige-soevnforstyrrelser\/\"><img decoding=\"async\" src=\"https:\/\/dev.chronobiology.com\/wp-content\/uploads\/2024\/09\/ayayay-358x200.png\" alt=\"Ny forskning viser, at tandscreeninger kan v\u00e6re f\u00f8rste forsvarslinje mod d\u00f8delige s\u00f8vnforstyrrelser\"><\/a><h4><a href=\"https:\/\/dev.chronobiology.com\/da\/ny-forskning-viser-at-tandscreeninger-kan-vaere-foerste-forsvarslinje-mod-doedelige-soevnforstyrrelser\/\">Ny forskning viser, at tandscreeninger kan v\u00e6re f\u00f8rste forsvarslinje mod d\u00f8delige s\u00f8vnforstyrrelser<\/a><\/h4><p>En patient falder i s\u00f8vn i tandl\u00e6gestolen p\u00e5 trods af frygten for et kommende indgreb. ...<a class=\"more_link\" href=\"https:\/\/dev.chronobiology.com\/da\/ny-forskning-viser-at-tandscreeninger-kan-vaere-foerste-forsvarslinje-mod-doedelige-soevnforstyrrelser\/\"> <\/a><\/p><\/div><\/div><\/div>[\/vc_column_text][\/vc_column][\/vc_row][vc_row][vc_column width=&#8221;3\/4&#8243;][vc_column_text]<\/p>\n<article class=\"post-3056 page type-page status-publish entry\">\n<div class=\"entry-content\">\n<h2>LIVETS RYTME<\/h2>\n<\/div>\n<\/article>\n<p>[\/vc_column_text][vc_raw_html]PGRpdiBjbGFzcz0icmh5dGhtX29mX2xpZmUiPg0KICA8ZGl2IGNsYXNzPSJjbG9ja3MiPg0KCTxjYW52YXMgaWQ9ImNhbnZhcyIgd2lkdGg9IjIwMCIgaGVpZ2h0PSIyMDAiPjxwPjxmb250Pjxmb250PllvdXIgYnJvd3NlciBkb2VzIG5vdCBzdXBwb3J0IHRoZSBDQU5WQVMgZWxlbWVudCBhbGFzITwvZm9udD48L2ZvbnQ+PC9wPjwvY2FudmFzPg0KICAgIDwvZGl2Pg0KPC9kaXY+DQogPHRhYmxlIGNsYXNzPSJyaHl0aG0tbW9iIj4NCgkJCQk8dHI+DQoJCQkJCTx0ZCBjbGFzcz0icmh5dGhtLWJsdWUiPjEgYS5tLjwvdGQ+DQoJCQkJCTx0ZD5EcmVhbSB0aW1lPC90ZD4NCgkJCQk8L3RyPg0KCQkJCTx0cj4NCgkJCQkJPHRkIGNsYXNzPSJyaHl0aG0tYmx1ZSI+MiBhLm0uPC90ZD4NCgkJCQkJPHRkPkFsbCBzeXN0ZW1zIGluIHJlZ2VuZXJhdGlvbiBtb2RlIGV4Y2VwdCBsaXZlciBhbmQgc2tpbjwvdGQ+DQoJCQkJPC90cj4NCgkJCQk8dHI+DQoJCQkJCTx0ZCBjbGFzcz0icmh5dGhtLWJsdWUiPjMgYS5tLjwvdGQ+DQoJCQkJCTx0ZD5JbnRlbnNpdmUgc2xlZXAgcGhhc2U8L3RkPg0KCQkJCTwvdHI+DQoJCQkJPHRyPg0KCQkJCQk8dGQgY2xhc3M9InJoeXRobS1ibHVlIj40IGEubS48L3RkPg0KCQkJCQk8dGQ+THVuZ3MgbW9zdCBhY3RpdmU8L3RkPg0KCQkJCTwvdHI+DQoJCQkJPHRyPg0KCQkJCQk8dGQgY2xhc3M9InJoeXRobS1ibHVlIj41IGEubS48L3RkPg0KCQkJCQk8dGQ+S2lkbmV5IGZ1bmN0aW9uIGF0IGxvd2VzdCBwb2ludDwvdGQ+DQoJCQkJPC90cj4NCgkJCQk8dHI+DQoJCQkJCTx0ZCBjbGFzcz0icmh5dGhtLXJlZCI+NiBhLm0uPC90ZD4NCgkJCQkJPHRkPlRoZSBib2R5J3Mgc3lzdGVtcyBhd2FrZW48L3RkPg0KCQkJCTwvdHI+DQoJCQkJPHRyPg0KCQkJCQk8dGQgY2xhc3M9InJoeXRobS1yZWQiPjctOSBhLm0uPC90ZD4NCgkJCQkJPHRkPkhvcm1vbmVzIGF0IHRoZWlyIHBlYWs8L3RkPg0KCQkJCTwvdHI+DQoJCQkJPHRyPg0KCQkJCQk8dGQgY2xhc3M9InJoeXRobS1yZWQiPjgtOSBhLm0uPC90ZD4NCgkJCQkJPHRkPkhpZ2hlc3QgcGFpbiB0aHJlc2hvbGQ8L3RkPg0KCQkJCTwvdHI+DQoJCQkJPHRyPg0KCQkJCQk8dGQgY2xhc3M9InJoeXRobS1yZWQiPjEwIGEubS4gLSAxMiBub29uPC90ZD4NCgkJCQkJPHRkPkZ1bGx5IGZpdCBhbmQgd2lkZSBhd2FrZSwgYnJhaW4gbW9zdCBlZmZpY2llbnQ8L3RkPg0KCQkJCTwvdHI+DQoJCQkJPHRyPg0KCQkJCQk8dGQgY2xhc3M9InJoeXRobS1yZWQiPjEyIG5vb248L3RkPg0KCQkJCQk8dGQ+VGltZSB0byBlYXQgZGlnZXN0aW9uIGluIHRvcCBnZWFyPC90ZD4NCgkJCQk8L3RyPg0KCQkJCTx0cj4NCgkJCQkJPHRkIGNsYXNzPSJyaHl0aG0tcmVkIj4xLTIgcC5tLjwvdGQ+DQoJCQkJCTx0ZD5BZnRlcm5vb24gbG93LCB0aW1lIGZvciBhIG5hcDwvdGQ+DQoJCQkJPC90cj4NCgkJCQk8dHI+DQoJCQkJCTx0ZCBjbGFzcz0icmh5dGhtLXJlZCI+My00IHAubS48L3RkPg0KCQkJCQk8dGQ+TmV3IHVwc3dpbmc6cGhhc2Ugb2YgbGVhcm5pbmcgJiBsb2duIHRlcm0gbWVtb3J5PC90ZD4NCgkJCQk8L3RyPg0KCQkJCTx0cj4NCgkJCQkJPHRkIGNsYXNzPSJyaHl0aG0tcmVkIj41LTYgcC5tLjwvdGQ+DQoJCQkJCTx0ZD5TZWNvbmQgcGVhaywgYmVzdCB0aW1lIGZvciBtYW51YWwgd29yazwvdGQ+DQoJCQkJPC90cj4NCgkJCQk8dHI+DQoJCQkJCTx0ZCBjbGFzcz0icmh5dGhtLWJsdWUiPjYtOSBwLm0uPC90ZD4NCgkJCQkJPHRkPlJlZ2VuZXJhdGlvbiBhbmQgcmVsYXhhdGlvbiwgb3B0aW1hbCBzZW5zZSBvZiBzbWVsbCBhbmQgdGFzdGU8L3RkPg0KCQkJCTwvdHI+DQoJCQkJPHRyPg0KCQkJCQk8dGQgY2xhc3M9InJoeXRobS1ibHVlIj45IHAubS48L3RkPg0KCQkJCQk8dGQ+U3RvbWFjaCByZXN0cyAtIHRpbWUgdG8gc3RvcCBlYXRpbmc8L3RkPg0KCQkJCTwvdHI+DQoJCQkJPHRyPg0KCQkJCQk8dGQgY2xhc3M9InJoeXRobS1ibHVlIj4xMSBwLm0uPC90ZD4NCgkJCQkJPHRkPlRpbWUgZm9yIGJlZDwvdGQ+DQoJCQkJPC90cj4NCgkJCQk8dHI+DQoJCQkJCTx0ZCBjbGFzcz0icmh5dGhtLWJsdWUiPjExIHAubSAtIDEgYS5tLjwvdGQ+DQoJCQkJCTx0ZD5DcmVhdGl2aXR5IGF0IGl0cyBwZWFrPC90ZD4NCgkJCQk8L3RyPg0KCQkJICAgPC90YWJsZT4=[\/vc_raw_html][vc_column_text]<\/p>\n<h3>OM KRONOBIOLOGI<\/h3>\n<p>Denne hjemmeside er dedikeret til kronobiologiens historie, resultater og fremskridt.<\/p>\n<p>Kronobiologi er et felt inden for biologien, der studerer, hvordan vores krops naturlige cyklusser &#8211; mentale, fysiske og f\u00f8lelsesm\u00e6ssige &#8211; p\u00e5virkes af solens og m\u00e5nens rytmer. For eksempel er den cirkadiske rytme, en 24-timers cyklus af fysiologiske processer, der sker i hele menneskekroppen, en vigtig cyklus i studiet af kronobiologi.[\/vc_column_text][\/vc_column][vc_column width=&#8221;1\/4&#8243; el_class=&#8221;sidebar&#8221;][vc_wp_custommenu title=&#8221;Sundhedsm\u00e6ssige fordele ved kronofarmakologi&#8221; nav_menu=&#8221;24&#8243;][\/vc_column][\/vc_row]<\/p>\n<\/div>","protected":false},"excerpt":{"rendered":"<p>[vc_row full_width=&#8221;stretch_row&#8221; el_class=&#8221;home-top&#8221; css=&#8221;.vc_custom_1481849859307{background-image: url(https:\/\/www.chronobiology.com\/wp-content\/uploads\/2013\/04\/home_bg_2.jpg?id=11558) !important;background-position: center !important;background-repeat: no-repeat !important;background-size: cover !important;}&#8221;][vc_column][vc_column_text] KRONOBIOLOGI Denne side er dedikeret til kronobiologiens historie, dens resultater og udvikling. [\/vc_column_text][vc_column_text][\/vc_column_text][\/vc_column][\/vc_row][vc_row][vc_column width=&#8221;3\/4&#8243;][vc_column_text] LIVETS RYTME [\/vc_column_text][vc_raw_html]PGRpdiBjbGFzcz0icmh5dGhtX29mX2xpZmUiPg0KICA8ZGl2IGNsYXNzPSJjbG9ja3MiPg0KCTxjYW52YXMgaWQ9ImNhbnZhcyIgd2lkdGg9IjIwMCIgaGVpZ2h0PSIyMDAiPjxwPjxmb250Pjxmb250PllvdXIgYnJvd3NlciBkb2VzIG5vdCBzdXBwb3J0IHRoZSBDQU5WQVMgZWxlbWVudCBhbGFzITwvZm9udD48L2ZvbnQ+PC9wPjwvY2FudmFzPg0KICAgIDwvZGl2Pg0KPC9kaXY+DQogPHRhYmxlIGNsYXNzPSJyaHl0aG0tbW9iIj4NCgkJCQk8dHI+DQoJCQkJCTx0ZCBjbGFzcz0icmh5dGhtLWJsdWUiPjEgYS5tLjwvdGQ+DQoJCQkJCTx0ZD5EcmVhbSB0aW1lPC90ZD4NCgkJCQk8L3RyPg0KCQkJCTx0cj4NCgkJCQkJPHRkIGNsYXNzPSJyaHl0aG0tYmx1ZSI+MiBhLm0uPC90ZD4NCgkJCQkJPHRkPkFsbCBzeXN0ZW1zIGluIHJlZ2VuZXJhdGlvbiBtb2RlIGV4Y2VwdCBsaXZlciBhbmQgc2tpbjwvdGQ+DQoJCQkJPC90cj4NCgkJCQk8dHI+DQoJCQkJCTx0ZCBjbGFzcz0icmh5dGhtLWJsdWUiPjMgYS5tLjwvdGQ+DQoJCQkJCTx0ZD5JbnRlbnNpdmUgc2xlZXAgcGhhc2U8L3RkPg0KCQkJCTwvdHI+DQoJCQkJPHRyPg0KCQkJCQk8dGQgY2xhc3M9InJoeXRobS1ibHVlIj40IGEubS48L3RkPg0KCQkJCQk8dGQ+THVuZ3MgbW9zdCBhY3RpdmU8L3RkPg0KCQkJCTwvdHI+DQoJCQkJPHRyPg0KCQkJCQk8dGQgY2xhc3M9InJoeXRobS1ibHVlIj41IGEubS48L3RkPg0KCQkJCQk8dGQ+S2lkbmV5IGZ1bmN0aW9uIGF0IGxvd2VzdCBwb2ludDwvdGQ+DQoJCQkJPC90cj4NCgkJCQk8dHI+DQoJCQkJCTx0ZCBjbGFzcz0icmh5dGhtLXJlZCI+NiBhLm0uPC90ZD4NCgkJCQkJPHRkPlRoZSBib2R5J3Mgc3lzdGVtcyBhd2FrZW48L3RkPg0KCQkJCTwvdHI+DQoJCQkJPHRyPg0KCQkJCQk8dGQgY2xhc3M9InJoeXRobS1yZWQiPjctOSBhLm0uPC90ZD4NCgkJCQkJPHRkPkhvcm1vbmVzIGF0IHRoZWlyIHBlYWs8L3RkPg0KCQkJCTwvdHI+DQoJCQkJPHRyPg0KCQkJCQk8dGQgY2xhc3M9InJoeXRobS1yZWQiPjgtOSBhLm0uPC90ZD4NCgkJCQkJPHRkPkhpZ2hlc3QgcGFpbiB0aHJlc2hvbGQ8L3RkPg0KCQkJCTwvdHI+DQoJCQkJPHRyPg0KCQkJCQk8dGQgY2xhc3M9InJoeXRobS1yZWQiPjEwIGEubS4gLSAxMiBub29uPC90ZD4NCgkJCQkJPHRkPkZ1bGx5IGZpdCBhbmQgd2lkZSBhd2FrZSwgYnJhaW4gbW9zdCBlZmZpY2llbnQ8L3RkPg0KCQkJCTwvdHI+DQoJCQkJPHRyPg0KCQkJCQk8dGQgY2xhc3M9InJoeXRobS1yZWQiPjEyIG5vb248L3RkPg0KCQkJCQk8dGQ+VGltZSB0byBlYXQgZGlnZXN0aW9uIGluIHRvcCBnZWFyPC90ZD4NCgkJCQk8L3RyPg0KCQkJCTx0cj4NCgkJCQkJPHRkIGNsYXNzPSJyaHl0aG0tcmVkIj4xLTIgcC5tLjwvdGQ+DQoJCQkJCTx0ZD5BZnRlcm5vb24gbG93LCB0aW1lIGZvciBhIG5hcDwvdGQ+DQoJCQkJPC90cj4NCgkJCQk8dHI+DQoJCQkJCTx0ZCBjbGFzcz0icmh5dGhtLXJlZCI+My00IHAubS48L3RkPg0KCQkJCQk8dGQ+TmV3IHVwc3dpbmc6cGhhc2Ugb2YgbGVhcm5pbmcgJiBsb2duIHRlcm0gbWVtb3J5PC90ZD4NCgkJCQk8L3RyPg0KCQkJCTx0cj4NCgkJCQkJPHRkIGNsYXNzPSJyaHl0aG0tcmVkIj41LTYgcC5tLjwvdGQ+DQoJCQkJCTx0ZD5TZWNvbmQgcGVhaywgYmVzdCB0aW1lIGZvciBtYW51YWwgd29yazwvdGQ+DQoJCQkJPC90cj4NCgkJCQk8dHI+DQoJCQkJCTx0ZCBjbGFzcz0icmh5dGhtLWJsdWUiPjYtOSBwLm0uPC90ZD4NCgkJCQkJPHRkPlJlZ2VuZXJhdGlvbiBhbmQgcmVsYXhhdGlvbiwgb3B0aW1hbCBzZW5zZSBvZiBzbWVsbCBhbmQgdGFzdGU8L3RkPg0KCQkJCTwvdHI+DQoJCQkJPHRyPg0KCQkJCQk8dGQgY2xhc3M9InJoeXRobS1ibHVlIj45IHAubS48L3RkPg0KCQkJCQk8dGQ+U3RvbWFjaCByZXN0cyAtIHRpbWUgdG8gc3RvcCBlYXRpbmc8L3RkPg0KCQkJCTwvdHI+DQoJCQkJPHRyPg0KCQkJCQk8dGQgY2xhc3M9InJoeXRobS1ibHVlIj4xMSBwLm0uPC90ZD4NCgkJCQkJPHRkPlRpbWUgZm9yIGJlZDwvdGQ+DQoJCQkJPC90cj4NCgkJCQk8dHI+DQoJCQkJCTx0ZCBjbGFzcz0icmh5dGhtLWJsdWUiPjExIHAubSAtIDEgYS5tLjwvdGQ+DQoJCQkJCTx0ZD5DcmVhdGl2aXR5IGF0IGl0cyBwZWFrPC90ZD4NCgkJCQk8L3RyPg0KCQkJICAgPC90YWJsZT4=[\/vc_raw_html][vc_column_text] OM KRONOBIOLOGI Denne hjemmeside er dedikeret til kronobiologiens historie, resultater og fremskridt. Kronobiologi er et felt inden for biologien, der studerer, hvordan vores krops naturlige cyklusser [&hellip;]<\/p>\n","protected":false},"author":11,"featured_media":0,"parent":0,"menu_order":0,"comment_status":"open","ping_status":"closed","template":"","meta":{"_acf_changed":false,"_genesis_hide_title":false,"_genesis_hide_breadcrumbs":false,"_genesis_hide_singular_image":false,"_genesis_hide_footer_widgets":false,"_genesis_custom_body_class":"","_genesis_custom_post_class":"","_genesis_layout":"full-width-content","footnotes":""},"categories":[],"class_list":{"0":"post-54736","1":"page","2":"type-page","3":"status-publish","5":"entry","6":"has-post-thumbnail"},"acf":[],"yoast_head":"<!-- This site is optimized with the Yoast SEO Premium plugin v23.4 (Yoast SEO v23.4) - https:\/\/yoast.com\/wordpress\/plugins\/seo\/ -->\n<title>Kronobiologi - Kronobiologiens historie, resultater og udvikling<\/title>\n<meta name=\"robots\" content=\"index, follow, max-snippet:-1, max-image-preview:large, max-video-preview:-1\" \/>\n<link rel=\"canonical\" href=\"https:\/\/dev.chronobiology.com\/da\/\" \/>\n<meta property=\"og:locale\" content=\"da_DK\" \/>\n<meta property=\"og:type\" content=\"article\" \/>\n<meta property=\"og:title\" content=\"Forside\" \/>\n<meta property=\"og:description\" content=\"[vc_row full_width=&#8221;stretch_row&#8221; el_class=&#8221;home-top&#8221; css=&#8221;.vc_custom_1481849859307{background-image: url(https:\/\/www.chronobiology.com\/wp-content\/uploads\/2013\/04\/home_bg_2.jpg?id=11558) !important;background-position: center !important;background-repeat: no-repeat !important;background-size: cover !important;}&#8221;][vc_column][vc_column_text] KRONOBIOLOGI Denne side er dedikeret til kronobiologiens historie, dens resultater og udvikling. [\/vc_column_text][vc_column_text][\/vc_column_text][\/vc_column][\/vc_row][vc_row][vc_column width=&#8221;3\/4&#8243;][vc_column_text] LIVETS RYTME [\/vc_column_text][vc_raw_html]PGRpdiBjbGFzcz0icmh5dGhtX29mX2xpZmUiPg0KICA8ZGl2IGNsYXNzPSJjbG9ja3MiPg0KCTxjYW52YXMgaWQ9ImNhbnZhcyIgd2lkdGg9IjIwMCIgaGVpZ2h0PSIyMDAiPjxwPjxmb250Pjxmb250PllvdXIgYnJvd3NlciBkb2VzIG5vdCBzdXBwb3J0IHRoZSBDQU5WQVMgZWxlbWVudCBhbGFzITwvZm9udD48L2ZvbnQ+PC9wPjwvY2FudmFzPg0KICAgIDwvZGl2Pg0KPC9kaXY+DQogPHRhYmxlIGNsYXNzPSJyaHl0aG0tbW9iIj4NCgkJCQk8dHI+DQoJCQkJCTx0ZCBjbGFzcz0icmh5dGhtLWJsdWUiPjEgYS5tLjwvdGQ+DQoJCQkJCTx0ZD5EcmVhbSB0aW1lPC90ZD4NCgkJCQk8L3RyPg0KCQkJCTx0cj4NCgkJCQkJPHRkIGNsYXNzPSJyaHl0aG0tYmx1ZSI+MiBhLm0uPC90ZD4NCgkJCQkJPHRkPkFsbCBzeXN0ZW1zIGluIHJlZ2VuZXJhdGlvbiBtb2RlIGV4Y2VwdCBsaXZlciBhbmQgc2tpbjwvdGQ+DQoJCQkJPC90cj4NCgkJCQk8dHI+DQoJCQkJCTx0ZCBjbGFzcz0icmh5dGhtLWJsdWUiPjMgYS5tLjwvdGQ+DQoJCQkJCTx0ZD5JbnRlbnNpdmUgc2xlZXAgcGhhc2U8L3RkPg0KCQkJCTwvdHI+DQoJCQkJPHRyPg0KCQkJCQk8dGQgY2xhc3M9InJoeXRobS1ibHVlIj40IGEubS48L3RkPg0KCQkJCQk8dGQ+THVuZ3MgbW9zdCBhY3RpdmU8L3RkPg0KCQkJCTwvdHI+DQoJCQkJPHRyPg0KCQkJCQk8dGQgY2xhc3M9InJoeXRobS1ibHVlIj41IGEubS48L3RkPg0KCQkJCQk8dGQ+S2lkbmV5IGZ1bmN0aW9uIGF0IGxvd2VzdCBwb2ludDwvdGQ+DQoJCQkJPC90cj4NCgkJCQk8dHI+DQoJCQkJCTx0ZCBjbGFzcz0icmh5dGhtLXJlZCI+NiBhLm0uPC90ZD4NCgkJCQkJPHRkPlRoZSBib2R5J3Mgc3lzdGVtcyBhd2FrZW48L3RkPg0KCQkJCTwvdHI+DQoJCQkJPHRyPg0KCQkJCQk8dGQgY2xhc3M9InJoeXRobS1yZWQiPjctOSBhLm0uPC90ZD4NCgkJCQkJPHRkPkhvcm1vbmVzIGF0IHRoZWlyIHBlYWs8L3RkPg0KCQkJCTwvdHI+DQoJCQkJPHRyPg0KCQkJCQk8dGQgY2xhc3M9InJoeXRobS1yZWQiPjgtOSBhLm0uPC90ZD4NCgkJCQkJPHRkPkhpZ2hlc3QgcGFpbiB0aHJlc2hvbGQ8L3RkPg0KCQkJCTwvdHI+DQoJCQkJPHRyPg0KCQkJCQk8dGQgY2xhc3M9InJoeXRobS1yZWQiPjEwIGEubS4gLSAxMiBub29uPC90ZD4NCgkJCQkJPHRkPkZ1bGx5IGZpdCBhbmQgd2lkZSBhd2FrZSwgYnJhaW4gbW9zdCBlZmZpY2llbnQ8L3RkPg0KCQkJCTwvdHI+DQoJCQkJPHRyPg0KCQkJCQk8dGQgY2xhc3M9InJoeXRobS1yZWQiPjEyIG5vb248L3RkPg0KCQkJCQk8dGQ+VGltZSB0byBlYXQgZGlnZXN0aW9uIGluIHRvcCBnZWFyPC90ZD4NCgkJCQk8L3RyPg0KCQkJCTx0cj4NCgkJCQkJPHRkIGNsYXNzPSJyaHl0aG0tcmVkIj4xLTIgcC5tLjwvdGQ+DQoJCQkJCTx0ZD5BZnRlcm5vb24gbG93LCB0aW1lIGZvciBhIG5hcDwvdGQ+DQoJCQkJPC90cj4NCgkJCQk8dHI+DQoJCQkJCTx0ZCBjbGFzcz0icmh5dGhtLXJlZCI+My00IHAubS48L3RkPg0KCQkJCQk8dGQ+TmV3IHVwc3dpbmc6cGhhc2Ugb2YgbGVhcm5pbmcgJiBsb2duIHRlcm0gbWVtb3J5PC90ZD4NCgkJCQk8L3RyPg0KCQkJCTx0cj4NCgkJCQkJPHRkIGNsYXNzPSJyaHl0aG0tcmVkIj41LTYgcC5tLjwvdGQ+DQoJCQkJCTx0ZD5TZWNvbmQgcGVhaywgYmVzdCB0aW1lIGZvciBtYW51YWwgd29yazwvdGQ+DQoJCQkJPC90cj4NCgkJCQk8dHI+DQoJCQkJCTx0ZCBjbGFzcz0icmh5dGhtLWJsdWUiPjYtOSBwLm0uPC90ZD4NCgkJCQkJPHRkPlJlZ2VuZXJhdGlvbiBhbmQgcmVsYXhhdGlvbiwgb3B0aW1hbCBzZW5zZSBvZiBzbWVsbCBhbmQgdGFzdGU8L3RkPg0KCQkJCTwvdHI+DQoJCQkJPHRyPg0KCQkJCQk8dGQgY2xhc3M9InJoeXRobS1ibHVlIj45IHAubS48L3RkPg0KCQkJCQk8dGQ+U3RvbWFjaCByZXN0cyAtIHRpbWUgdG8gc3RvcCBlYXRpbmc8L3RkPg0KCQkJCTwvdHI+DQoJCQkJPHRyPg0KCQkJCQk8dGQgY2xhc3M9InJoeXRobS1ibHVlIj4xMSBwLm0uPC90ZD4NCgkJCQkJPHRkPlRpbWUgZm9yIGJlZDwvdGQ+DQoJCQkJPC90cj4NCgkJCQk8dHI+DQoJCQkJCTx0ZCBjbGFzcz0icmh5dGhtLWJsdWUiPjExIHAubSAtIDEgYS5tLjwvdGQ+DQoJCQkJCTx0ZD5DcmVhdGl2aXR5IGF0IGl0cyBwZWFrPC90ZD4NCgkJCQk8L3RyPg0KCQkJICAgPC90YWJsZT4=[\/vc_raw_html][vc_column_text] OM KRONOBIOLOGI Denne hjemmeside er dedikeret til kronobiologiens historie, resultater og fremskridt. Kronobiologi er et felt inden for biologien, der studerer, hvordan vores krops naturlige cyklusser [&hellip;]\" \/>\n<meta property=\"og:url\" content=\"https:\/\/dev.chronobiology.com\/da\/\" \/>\n<meta property=\"og:site_name\" content=\"Chronobiology.com\" \/>\n<meta property=\"article:publisher\" content=\"https:\/\/www.facebook.com\/chronobiology\" \/>\n<meta property=\"article:modified_time\" content=\"2024-01-03T22:55:03+00:00\" \/>\n<meta name=\"twitter:card\" content=\"summary_large_image\" \/>\n<meta name=\"twitter:site\" content=\"@chronobionews\" \/>\n<meta name=\"twitter:label1\" content=\"Estimeret l\u00e6setid\" \/>\n\t<meta name=\"twitter:data1\" content=\"3 minutter\" \/>\n<script type=\"application\/ld+json\" class=\"yoast-schema-graph\">{\"@context\":\"https:\/\/schema.org\",\"@graph\":[{\"@type\":\"WebPage\",\"@id\":\"https:\/\/dev.chronobiology.com\/da\/\",\"url\":\"https:\/\/dev.chronobiology.com\/da\/\",\"name\":\"Kronobiologi - Kronobiologiens historie, resultater og udvikling\",\"isPartOf\":{\"@id\":\"https:\/\/dev.chronobiology.com\/da\/#website\"},\"datePublished\":\"2023-11-22T13:48:39+00:00\",\"dateModified\":\"2024-01-03T22:55:03+00:00\",\"breadcrumb\":{\"@id\":\"https:\/\/dev.chronobiology.com\/da\/#breadcrumb\"},\"inLanguage\":\"da-DK\",\"potentialAction\":[{\"@type\":\"ReadAction\",\"target\":[\"https:\/\/dev.chronobiology.com\/da\/\"]}]},{\"@type\":\"BreadcrumbList\",\"@id\":\"https:\/\/dev.chronobiology.com\/da\/#breadcrumb\",\"itemListElement\":[{\"@type\":\"ListItem\",\"position\":1,\"name\":\"Home\",\"item\":\"https:\/\/dev.chronobiology.com\/da\/\"},{\"@type\":\"ListItem\",\"position\":2,\"name\":\"Forside\"}]},{\"@type\":\"WebSite\",\"@id\":\"https:\/\/dev.chronobiology.com\/da\/#website\",\"url\":\"https:\/\/dev.chronobiology.com\/da\/\",\"name\":\"Chronobiology.com\",\"description\":\"\",\"publisher\":{\"@id\":\"https:\/\/dev.chronobiology.com\/da\/#organization\"},\"potentialAction\":[{\"@type\":\"SearchAction\",\"target\":{\"@type\":\"EntryPoint\",\"urlTemplate\":\"https:\/\/dev.chronobiology.com\/da\/?s={search_term_string}\"},\"query-input\":{\"@type\":\"PropertyValueSpecification\",\"valueRequired\":true,\"valueName\":\"search_term_string\"}}],\"inLanguage\":\"da-DK\"},{\"@type\":\"Organization\",\"@id\":\"https:\/\/dev.chronobiology.com\/da\/#organization\",\"name\":\"Chronobiology\",\"url\":\"https:\/\/dev.chronobiology.com\/da\/\",\"logo\":{\"@type\":\"ImageObject\",\"inLanguage\":\"da-DK\",\"@id\":\"https:\/\/dev.chronobiology.com\/da\/#\/schema\/logo\/image\/\",\"url\":\"https:\/\/www.chronobiology.com\/wp-content\/uploads\/2019\/01\/chronobiology_logo_en_r.png\",\"contentUrl\":\"https:\/\/www.chronobiology.com\/wp-content\/uploads\/2019\/01\/chronobiology_logo_en_r.png\",\"width\":375,\"height\":90,\"caption\":\"Chronobiology\"},\"image\":{\"@id\":\"https:\/\/dev.chronobiology.com\/da\/#\/schema\/logo\/image\/\"},\"sameAs\":[\"https:\/\/www.facebook.com\/chronobiology\",\"https:\/\/x.com\/chronobionews\",\"https:\/\/www.instagram.com\/chronobiology\/\",\"https:\/\/www.pinterest.com\/chronobiology\/\"]}]}<\/script>\n<!-- \/ Yoast SEO Premium plugin. -->","yoast_head_json":{"title":"Kronobiologi - Kronobiologiens historie, resultater og udvikling","robots":{"index":"index","follow":"follow","max-snippet":"max-snippet:-1","max-image-preview":"max-image-preview:large","max-video-preview":"max-video-preview:-1"},"canonical":"https:\/\/dev.chronobiology.com\/da\/","og_locale":"da_DK","og_type":"article","og_title":"Forside","og_description":"[vc_row full_width=&#8221;stretch_row&#8221; el_class=&#8221;home-top&#8221; css=&#8221;.vc_custom_1481849859307{background-image: url(https:\/\/www.chronobiology.com\/wp-content\/uploads\/2013\/04\/home_bg_2.jpg?id=11558) !important;background-position: center !important;background-repeat: no-repeat !important;background-size: cover !important;}&#8221;][vc_column][vc_column_text] KRONOBIOLOGI Denne side er dedikeret til kronobiologiens historie, dens resultater og udvikling. [\/vc_column_text][vc_column_text][\/vc_column_text][\/vc_column][\/vc_row][vc_row][vc_column width=&#8221;3\/4&#8243;][vc_column_text] LIVETS RYTME [\/vc_column_text][vc_raw_html]PGRpdiBjbGFzcz0icmh5dGhtX29mX2xpZmUiPg0KICA8ZGl2IGNsYXNzPSJjbG9ja3MiPg0KCTxjYW52YXMgaWQ9ImNhbnZhcyIgd2lkdGg9IjIwMCIgaGVpZ2h0PSIyMDAiPjxwPjxmb250Pjxmb250PllvdXIgYnJvd3NlciBkb2VzIG5vdCBzdXBwb3J0IHRoZSBDQU5WQVMgZWxlbWVudCBhbGFzITwvZm9udD48L2ZvbnQ+PC9wPjwvY2FudmFzPg0KICAgIDwvZGl2Pg0KPC9kaXY+DQogPHRhYmxlIGNsYXNzPSJyaHl0aG0tbW9iIj4NCgkJCQk8dHI+DQoJCQkJCTx0ZCBjbGFzcz0icmh5dGhtLWJsdWUiPjEgYS5tLjwvdGQ+DQoJCQkJCTx0ZD5EcmVhbSB0aW1lPC90ZD4NCgkJCQk8L3RyPg0KCQkJCTx0cj4NCgkJCQkJPHRkIGNsYXNzPSJyaHl0aG0tYmx1ZSI+MiBhLm0uPC90ZD4NCgkJCQkJPHRkPkFsbCBzeXN0ZW1zIGluIHJlZ2VuZXJhdGlvbiBtb2RlIGV4Y2VwdCBsaXZlciBhbmQgc2tpbjwvdGQ+DQoJCQkJPC90cj4NCgkJCQk8dHI+DQoJCQkJCTx0ZCBjbGFzcz0icmh5dGhtLWJsdWUiPjMgYS5tLjwvdGQ+DQoJCQkJCTx0ZD5JbnRlbnNpdmUgc2xlZXAgcGhhc2U8L3RkPg0KCQkJCTwvdHI+DQoJCQkJPHRyPg0KCQkJCQk8dGQgY2xhc3M9InJoeXRobS1ibHVlIj40IGEubS48L3RkPg0KCQkJCQk8dGQ+THVuZ3MgbW9zdCBhY3RpdmU8L3RkPg0KCQkJCTwvdHI+DQoJCQkJPHRyPg0KCQkJCQk8dGQgY2xhc3M9InJoeXRobS1ibHVlIj41IGEubS48L3RkPg0KCQkJCQk8dGQ+S2lkbmV5IGZ1bmN0aW9uIGF0IGxvd2VzdCBwb2ludDwvdGQ+DQoJCQkJPC90cj4NCgkJCQk8dHI+DQoJCQkJCTx0ZCBjbGFzcz0icmh5dGhtLXJlZCI+NiBhLm0uPC90ZD4NCgkJCQkJPHRkPlRoZSBib2R5J3Mgc3lzdGVtcyBhd2FrZW48L3RkPg0KCQkJCTwvdHI+DQoJCQkJPHRyPg0KCQkJCQk8dGQgY2xhc3M9InJoeXRobS1yZWQiPjctOSBhLm0uPC90ZD4NCgkJCQkJPHRkPkhvcm1vbmVzIGF0IHRoZWlyIHBlYWs8L3RkPg0KCQkJCTwvdHI+DQoJCQkJPHRyPg0KCQkJCQk8dGQgY2xhc3M9InJoeXRobS1yZWQiPjgtOSBhLm0uPC90ZD4NCgkJCQkJPHRkPkhpZ2hlc3QgcGFpbiB0aHJlc2hvbGQ8L3RkPg0KCQkJCTwvdHI+DQoJCQkJPHRyPg0KCQkJCQk8dGQgY2xhc3M9InJoeXRobS1yZWQiPjEwIGEubS4gLSAxMiBub29uPC90ZD4NCgkJCQkJPHRkPkZ1bGx5IGZpdCBhbmQgd2lkZSBhd2FrZSwgYnJhaW4gbW9zdCBlZmZpY2llbnQ8L3RkPg0KCQkJCTwvdHI+DQoJCQkJPHRyPg0KCQkJCQk8dGQgY2xhc3M9InJoeXRobS1yZWQiPjEyIG5vb248L3RkPg0KCQkJCQk8dGQ+VGltZSB0byBlYXQgZGlnZXN0aW9uIGluIHRvcCBnZWFyPC90ZD4NCgkJCQk8L3RyPg0KCQkJCTx0cj4NCgkJCQkJPHRkIGNsYXNzPSJyaHl0aG0tcmVkIj4xLTIgcC5tLjwvdGQ+DQoJCQkJCTx0ZD5BZnRlcm5vb24gbG93LCB0aW1lIGZvciBhIG5hcDwvdGQ+DQoJCQkJPC90cj4NCgkJCQk8dHI+DQoJCQkJCTx0ZCBjbGFzcz0icmh5dGhtLXJlZCI+My00IHAubS48L3RkPg0KCQkJCQk8dGQ+TmV3IHVwc3dpbmc6cGhhc2Ugb2YgbGVhcm5pbmcgJiBsb2duIHRlcm0gbWVtb3J5PC90ZD4NCgkJCQk8L3RyPg0KCQkJCTx0cj4NCgkJCQkJPHRkIGNsYXNzPSJyaHl0aG0tcmVkIj41LTYgcC5tLjwvdGQ+DQoJCQkJCTx0ZD5TZWNvbmQgcGVhaywgYmVzdCB0aW1lIGZvciBtYW51YWwgd29yazwvdGQ+DQoJCQkJPC90cj4NCgkJCQk8dHI+DQoJCQkJCTx0ZCBjbGFzcz0icmh5dGhtLWJsdWUiPjYtOSBwLm0uPC90ZD4NCgkJCQkJPHRkPlJlZ2VuZXJhdGlvbiBhbmQgcmVsYXhhdGlvbiwgb3B0aW1hbCBzZW5zZSBvZiBzbWVsbCBhbmQgdGFzdGU8L3RkPg0KCQkJCTwvdHI+DQoJCQkJPHRyPg0KCQkJCQk8dGQgY2xhc3M9InJoeXRobS1ibHVlIj45IHAubS48L3RkPg0KCQkJCQk8dGQ+U3RvbWFjaCByZXN0cyAtIHRpbWUgdG8gc3RvcCBlYXRpbmc8L3RkPg0KCQkJCTwvdHI+DQoJCQkJPHRyPg0KCQkJCQk8dGQgY2xhc3M9InJoeXRobS1ibHVlIj4xMSBwLm0uPC90ZD4NCgkJCQkJPHRkPlRpbWUgZm9yIGJlZDwvdGQ+DQoJCQkJPC90cj4NCgkJCQk8dHI+DQoJCQkJCTx0ZCBjbGFzcz0icmh5dGhtLWJsdWUiPjExIHAubSAtIDEgYS5tLjwvdGQ+DQoJCQkJCTx0ZD5DcmVhdGl2aXR5IGF0IGl0cyBwZWFrPC90ZD4NCgkJCQk8L3RyPg0KCQkJICAgPC90YWJsZT4=[\/vc_raw_html][vc_column_text] OM KRONOBIOLOGI Denne hjemmeside er dedikeret til kronobiologiens historie, resultater og fremskridt. Kronobiologi er et felt inden for biologien, der studerer, hvordan vores krops naturlige cyklusser [&hellip;]","og_url":"https:\/\/dev.chronobiology.com\/da\/","og_site_name":"Chronobiology.com","article_publisher":"https:\/\/www.facebook.com\/chronobiology","article_modified_time":"2024-01-03T22:55:03+00:00","twitter_card":"summary_large_image","twitter_site":"@chronobionews","twitter_misc":{"Estimeret l\u00e6setid":"3 minutter"},"schema":{"@context":"https:\/\/schema.org","@graph":[{"@type":"WebPage","@id":"https:\/\/dev.chronobiology.com\/da\/","url":"https:\/\/dev.chronobiology.com\/da\/","name":"Kronobiologi - Kronobiologiens historie, resultater og udvikling","isPartOf":{"@id":"https:\/\/dev.chronobiology.com\/da\/#website"},"datePublished":"2023-11-22T13:48:39+00:00","dateModified":"2024-01-03T22:55:03+00:00","breadcrumb":{"@id":"https:\/\/dev.chronobiology.com\/da\/#breadcrumb"},"inLanguage":"da-DK","potentialAction":[{"@type":"ReadAction","target":["https:\/\/dev.chronobiology.com\/da\/"]}]},{"@type":"BreadcrumbList","@id":"https:\/\/dev.chronobiology.com\/da\/#breadcrumb","itemListElement":[{"@type":"ListItem","position":1,"name":"Home","item":"https:\/\/dev.chronobiology.com\/da\/"},{"@type":"ListItem","position":2,"name":"Forside"}]},{"@type":"WebSite","@id":"https:\/\/dev.chronobiology.com\/da\/#website","url":"https:\/\/dev.chronobiology.com\/da\/","name":"Chronobiology.com","description":"","publisher":{"@id":"https:\/\/dev.chronobiology.com\/da\/#organization"},"potentialAction":[{"@type":"SearchAction","target":{"@type":"EntryPoint","urlTemplate":"https:\/\/dev.chronobiology.com\/da\/?s={search_term_string}"},"query-input":{"@type":"PropertyValueSpecification","valueRequired":true,"valueName":"search_term_string"}}],"inLanguage":"da-DK"},{"@type":"Organization","@id":"https:\/\/dev.chronobiology.com\/da\/#organization","name":"Chronobiology","url":"https:\/\/dev.chronobiology.com\/da\/","logo":{"@type":"ImageObject","inLanguage":"da-DK","@id":"https:\/\/dev.chronobiology.com\/da\/#\/schema\/logo\/image\/","url":"https:\/\/www.chronobiology.com\/wp-content\/uploads\/2019\/01\/chronobiology_logo_en_r.png","contentUrl":"https:\/\/www.chronobiology.com\/wp-content\/uploads\/2019\/01\/chronobiology_logo_en_r.png","width":375,"height":90,"caption":"Chronobiology"},"image":{"@id":"https:\/\/dev.chronobiology.com\/da\/#\/schema\/logo\/image\/"},"sameAs":["https:\/\/www.facebook.com\/chronobiology","https:\/\/x.com\/chronobionews","https:\/\/www.instagram.com\/chronobiology\/","https:\/\/www.pinterest.com\/chronobiology\/"]}]}},"_links":{"self":[{"href":"https:\/\/dev.chronobiology.com\/da\/wp-json\/wp\/v2\/pages\/54736"}],"collection":[{"href":"https:\/\/dev.chronobiology.com\/da\/wp-json\/wp\/v2\/pages"}],"about":[{"href":"https:\/\/dev.chronobiology.com\/da\/wp-json\/wp\/v2\/types\/page"}],"author":[{"embeddable":true,"href":"https:\/\/dev.chronobiology.com\/da\/wp-json\/wp\/v2\/users\/11"}],"replies":[{"embeddable":true,"href":"https:\/\/dev.chronobiology.com\/da\/wp-json\/wp\/v2\/comments?post=54736"}],"version-history":[{"count":5,"href":"https:\/\/dev.chronobiology.com\/da\/wp-json\/wp\/v2\/pages\/54736\/revisions"}],"predecessor-version":[{"id":55079,"href":"https:\/\/dev.chronobiology.com\/da\/wp-json\/wp\/v2\/pages\/54736\/revisions\/55079"}],"wp:attachment":[{"href":"https:\/\/dev.chronobiology.com\/da\/wp-json\/wp\/v2\/media?parent=54736"}],"wp:term":[{"taxonomy":"category","embeddable":true,"href":"https:\/\/dev.chronobiology.com\/da\/wp-json\/wp\/v2\/categories?post=54736"}],"curies":[{"name":"wp","href":"https:\/\/api.w.org\/{rel}","templated":true}]}}