{"id":54524,"date":"2023-08-09T00:19:22","date_gmt":"2023-08-09T07:19:22","guid":{"rendered":"https:\/\/www.chronobiology.com\/melatonin-chronobiologie\/historie-melatoninu\/"},"modified":"2023-08-09T00:19:23","modified_gmt":"2023-08-09T07:19:23","slug":"historie-melatoninu","status":"publish","type":"page","link":"https:\/\/dev.chronobiology.com\/cs\/melatonin-chronobiologie\/historie-melatoninu\/","title":{"rendered":"Historie melatoninu"},"content":{"rendered":"<div class=\"wpb-content-wrapper\"><p>[vc_row full_width=&#8220;stretch_row&#8220; el_class=&#8220;banner-top&#8220; css=&#8220;.vc_custom_1479388656340{background-image: url(https:\/\/www.chronobiology.com\/wp-content\/uploads\/2016\/11\/melatonin-banner.jpg?id=11663) !important;}&#8220;][vc_column][vc_custom_heading source=&#8220;post_title&#8220; font_container=&#8220;tag:h1|text_align:center&#8220; use_theme_fonts=&#8220;yes&#8220;][\/vc_column][\/vc_row][vc_row el_class=&#8220;melatoninfacts2&#8243;][vc_column][vc_column_text]<\/p>\n<h2 style=\"text-align: center;\">Historie<\/h2>\n<p>Melatonin je prim\u00e1rn\u011b produkov\u00e1n epif\u00fdzou (glandula pinealis). O tomto org\u00e1nu se zmi\u0148uje ji\u017e Gal\u00e9n z Pergamonu a dal\u0161\u00ed \u0158ekov\u00e9 ve 2. stolet\u00ed. V 16. stolet\u00ed popsal francouzsk\u00fd filozof a v\u011bdec Descartes epif\u00fdzu jako s\u00eddlo du\u0161e.<\/p>\n<p>Samotn\u00fd melatonin byl poprv\u00e9 objeven teprve v roce 1958 dermatologem Aaronem Lernerem a od 80. let 20. stolet\u00ed je p\u0159edm\u011btem rozs\u00e1hl\u00e9ho v\u00fdzkumu. Lernerovi se poda\u0159ilo v hov\u011bz\u00ed \u0161i\u0161ince izolovat slou\u010deninu, kter\u00e1 m\u011bla siln\u00fd b\u011bl\u00edc\u00ed \u00fa\u010dinek na k\u016f\u017ei oboj\u017eiveln\u00edk\u016f a kterou pojmenoval melatonin. Byl to tak\u00e9 Lerner, kdo za\u010dal studovat vliv tohoto hormonu na sp\u00e1nek. Po vlastn\u00edm pokusu se 100 mg melatoninu Lerner uvedl, \u017ee krom\u011b ospalosti nem\u011bl \u017e\u00e1dn\u00e9 vedlej\u0161\u00ed \u00fa\u010dinky. V 60. letech 20. stolet\u00ed se je\u0161t\u011b p\u0159edpokl\u00e1dalo, \u017ee rytmus sv\u011btlo-tma je d\u016fle\u017eit\u00fd pro savce, ale ne pro \u010dlov\u011bka. Teprve v roce 1981 Alfred Lewy zjistil, \u017ee jasn\u00e9 sv\u011btlo aplikovan\u00e9 v noci potla\u010duje endogenn\u00ed melatonin u lid\u00ed. Tento objev znamenal pr\u016flom v chronobiologii a v\u00fdzkumu melatoninu. Po\u010d\u00e1tkem 90. let 20. stolet\u00ed se tomuto hormonu dost\u00e1valo st\u00e1le v\u011bt\u0161\u00ed pozornosti, proto\u017ee studie ukazovaly \u00fa\u010dinky melatoninu na r\u016fzn\u00e9 t\u011blesn\u00e9 procesy, jako je modulace imunity, omezen\u00ed r\u016fstu n\u00e1dor\u016f, vychyt\u00e1v\u00e1n\u00ed kysl\u00edkov\u00fdch radik\u00e1l\u016f a vliv na metabolick\u00e9 procesy z\u00e1visl\u00e9 na v\u00e1pn\u00edku. N\u00e1sledn\u011b jsou k dispozici dal\u0161\u00ed studie o melatoninu a jeho mnohostrann\u00e9m vlivu na lidsk\u00e9 zdrav\u00ed.[\/vc_column_text][\/vc_column][\/vc_row]<\/p>\n<\/div>","protected":false},"excerpt":{"rendered":"<p>[vc_row full_width=&#8220;stretch_row&#8220; el_class=&#8220;banner-top&#8220; css=&#8220;.vc_custom_1479388656340{background-image: url(https:\/\/www.chronobiology.com\/wp-content\/uploads\/2016\/11\/melatonin-banner.jpg?id=11663) !important;}&#8220;][vc_column][vc_custom_heading source=&#8220;post_title&#8220; font_container=&#8220;tag:h1|text_align:center&#8220; use_theme_fonts=&#8220;yes&#8220;][\/vc_column][\/vc_row][vc_row el_class=&#8220;melatoninfacts2&#8243;][vc_column][vc_column_text] Historie Melatonin je prim\u00e1rn\u011b produkov\u00e1n epif\u00fdzou (glandula pinealis). O tomto org\u00e1nu se zmi\u0148uje ji\u017e Gal\u00e9n z Pergamonu a dal\u0161\u00ed \u0158ekov\u00e9 ve 2. stolet\u00ed. V 16. stolet\u00ed popsal francouzsk\u00fd filozof a v\u011bdec Descartes epif\u00fdzu jako s\u00eddlo du\u0161e. Samotn\u00fd melatonin byl poprv\u00e9 objeven teprve v roce 1958 [&hellip;]<\/p>\n","protected":false},"author":15,"featured_media":48504,"parent":54509,"menu_order":0,"comment_status":"closed","ping_status":"closed","template":"","meta":{"_acf_changed":false,"_genesis_hide_title":false,"_genesis_hide_breadcrumbs":false,"_genesis_hide_singular_image":false,"_genesis_hide_footer_widgets":false,"_genesis_custom_body_class":"","_genesis_custom_post_class":"","_genesis_layout":"full-width-content","footnotes":""},"categories":[373,371],"class_list":{"0":"post-54524","1":"page","2":"type-page","3":"status-publish","4":"has-post-thumbnail","6":"category-melatonin-cs","7":"category-spanek","8":"entry"},"acf":[],"yoast_head":"<!-- This site is optimized with the Yoast SEO Premium plugin v23.4 (Yoast SEO v23.4) - https:\/\/yoast.com\/wordpress\/plugins\/seo\/ -->\n<title>Historie melatoninu &#8211; Chronobiology.com<\/title>\n<meta name=\"robots\" content=\"index, follow, max-snippet:-1, max-image-preview:large, max-video-preview:-1\" \/>\n<link rel=\"canonical\" href=\"https:\/\/dev.chronobiology.com\/cs\/melatonin-chronobiologie\/historie-melatoninu\/\" \/>\n<meta property=\"og:locale\" content=\"cs_CZ\" \/>\n<meta property=\"og:type\" content=\"article\" \/>\n<meta property=\"og:title\" content=\"Historie melatoninu\" \/>\n<meta property=\"og:description\" content=\"[vc_row full_width=&#8220;stretch_row&#8220; el_class=&#8220;banner-top&#8220; css=&#8220;.vc_custom_1479388656340{background-image: url(https:\/\/www.chronobiology.com\/wp-content\/uploads\/2016\/11\/melatonin-banner.jpg?id=11663) !important;}&#8220;][vc_column][vc_custom_heading source=&#8220;post_title&#8220; font_container=&#8220;tag:h1|text_align:center&#8220; use_theme_fonts=&#8220;yes&#8220;][\/vc_column][\/vc_row][vc_row el_class=&#8220;melatoninfacts2&#8243;][vc_column][vc_column_text] Historie Melatonin je prim\u00e1rn\u011b produkov\u00e1n epif\u00fdzou (glandula pinealis). O tomto org\u00e1nu se zmi\u0148uje ji\u017e Gal\u00e9n z Pergamonu a dal\u0161\u00ed \u0158ekov\u00e9 ve 2. stolet\u00ed. V 16. stolet\u00ed popsal francouzsk\u00fd filozof a v\u011bdec Descartes epif\u00fdzu jako s\u00eddlo du\u0161e. Samotn\u00fd melatonin byl poprv\u00e9 objeven teprve v roce 1958 [&hellip;]\" \/>\n<meta property=\"og:url\" content=\"https:\/\/dev.chronobiology.com\/cs\/melatonin-chronobiologie\/historie-melatoninu\/\" \/>\n<meta property=\"og:site_name\" content=\"Chronobiology.com\" \/>\n<meta property=\"article:publisher\" content=\"https:\/\/www.facebook.com\/chronobiology\" \/>\n<meta property=\"article:modified_time\" content=\"2023-08-09T07:19:23+00:00\" \/>\n<meta property=\"og:image\" content=\"https:\/\/dev.chronobiology.com\/wp-content\/uploads\/2016\/11\/melatonin-banner.jpg\" \/>\n\t<meta property=\"og:image:width\" content=\"1913\" \/>\n\t<meta property=\"og:image:height\" content=\"478\" \/>\n\t<meta property=\"og:image:type\" content=\"image\/jpeg\" \/>\n<meta name=\"twitter:card\" content=\"summary_large_image\" \/>\n<meta name=\"twitter:site\" content=\"@chronobionews\" \/>\n<meta name=\"twitter:label1\" content=\"Odhadovan\u00e1 doba \u010dten\u00ed\" \/>\n\t<meta name=\"twitter:data1\" content=\"2 minuty\" \/>\n<script type=\"application\/ld+json\" class=\"yoast-schema-graph\">{\"@context\":\"https:\/\/schema.org\",\"@graph\":[{\"@type\":\"WebPage\",\"@id\":\"https:\/\/dev.chronobiology.com\/cs\/melatonin-chronobiologie\/historie-melatoninu\/\",\"url\":\"https:\/\/dev.chronobiology.com\/cs\/melatonin-chronobiologie\/historie-melatoninu\/\",\"name\":\"Historie melatoninu &#8211; Chronobiology.com\",\"isPartOf\":{\"@id\":\"https:\/\/dev.chronobiology.com\/cs\/#website\"},\"primaryImageOfPage\":{\"@id\":\"https:\/\/dev.chronobiology.com\/cs\/melatonin-chronobiologie\/historie-melatoninu\/#primaryimage\"},\"image\":{\"@id\":\"https:\/\/dev.chronobiology.com\/cs\/melatonin-chronobiologie\/historie-melatoninu\/#primaryimage\"},\"thumbnailUrl\":\"https:\/\/dev.chronobiology.com\/wp-content\/uploads\/2016\/11\/melatonin-banner.jpg\",\"datePublished\":\"2023-08-09T07:19:22+00:00\",\"dateModified\":\"2023-08-09T07:19:23+00:00\",\"breadcrumb\":{\"@id\":\"https:\/\/dev.chronobiology.com\/cs\/melatonin-chronobiologie\/historie-melatoninu\/#breadcrumb\"},\"inLanguage\":\"cs\",\"potentialAction\":[{\"@type\":\"ReadAction\",\"target\":[\"https:\/\/dev.chronobiology.com\/cs\/melatonin-chronobiologie\/historie-melatoninu\/\"]}]},{\"@type\":\"ImageObject\",\"inLanguage\":\"cs\",\"@id\":\"https:\/\/dev.chronobiology.com\/cs\/melatonin-chronobiologie\/historie-melatoninu\/#primaryimage\",\"url\":\"https:\/\/dev.chronobiology.com\/wp-content\/uploads\/2016\/11\/melatonin-banner.jpg\",\"contentUrl\":\"https:\/\/dev.chronobiology.com\/wp-content\/uploads\/2016\/11\/melatonin-banner.jpg\",\"width\":1913,\"height\":478},{\"@type\":\"BreadcrumbList\",\"@id\":\"https:\/\/dev.chronobiology.com\/cs\/melatonin-chronobiologie\/historie-melatoninu\/#breadcrumb\",\"itemListElement\":[{\"@type\":\"ListItem\",\"position\":1,\"name\":\"Home\",\"item\":\"https:\/\/dev.chronobiology.com\/cs\/\"},{\"@type\":\"ListItem\",\"position\":2,\"name\":\"Melatonin &#038; chronobiologie\",\"item\":\"https:\/\/dev.chronobiology.com\/cs\/melatonin-chronobiologie\/\"},{\"@type\":\"ListItem\",\"position\":3,\"name\":\"Historie melatoninu\"}]},{\"@type\":\"WebSite\",\"@id\":\"https:\/\/dev.chronobiology.com\/cs\/#website\",\"url\":\"https:\/\/dev.chronobiology.com\/cs\/\",\"name\":\"Chronobiology.com\",\"description\":\"\",\"publisher\":{\"@id\":\"https:\/\/dev.chronobiology.com\/cs\/#organization\"},\"potentialAction\":[{\"@type\":\"SearchAction\",\"target\":{\"@type\":\"EntryPoint\",\"urlTemplate\":\"https:\/\/dev.chronobiology.com\/cs\/?s={search_term_string}\"},\"query-input\":{\"@type\":\"PropertyValueSpecification\",\"valueRequired\":true,\"valueName\":\"search_term_string\"}}],\"inLanguage\":\"cs\"},{\"@type\":\"Organization\",\"@id\":\"https:\/\/dev.chronobiology.com\/cs\/#organization\",\"name\":\"Chronobiology\",\"url\":\"https:\/\/dev.chronobiology.com\/cs\/\",\"logo\":{\"@type\":\"ImageObject\",\"inLanguage\":\"cs\",\"@id\":\"https:\/\/dev.chronobiology.com\/cs\/#\/schema\/logo\/image\/\",\"url\":\"https:\/\/www.chronobiology.com\/wp-content\/uploads\/2019\/01\/chronobiology_logo_en_r.png\",\"contentUrl\":\"https:\/\/www.chronobiology.com\/wp-content\/uploads\/2019\/01\/chronobiology_logo_en_r.png\",\"width\":375,\"height\":90,\"caption\":\"Chronobiology\"},\"image\":{\"@id\":\"https:\/\/dev.chronobiology.com\/cs\/#\/schema\/logo\/image\/\"},\"sameAs\":[\"https:\/\/www.facebook.com\/chronobiology\",\"https:\/\/x.com\/chronobionews\",\"https:\/\/www.instagram.com\/chronobiology\/\",\"https:\/\/www.pinterest.com\/chronobiology\/\"]}]}<\/script>\n<!-- \/ Yoast SEO Premium plugin. -->","yoast_head_json":{"title":"Historie melatoninu &#8211; Chronobiology.com","robots":{"index":"index","follow":"follow","max-snippet":"max-snippet:-1","max-image-preview":"max-image-preview:large","max-video-preview":"max-video-preview:-1"},"canonical":"https:\/\/dev.chronobiology.com\/cs\/melatonin-chronobiologie\/historie-melatoninu\/","og_locale":"cs_CZ","og_type":"article","og_title":"Historie melatoninu","og_description":"[vc_row full_width=&#8220;stretch_row&#8220; el_class=&#8220;banner-top&#8220; css=&#8220;.vc_custom_1479388656340{background-image: url(https:\/\/www.chronobiology.com\/wp-content\/uploads\/2016\/11\/melatonin-banner.jpg?id=11663) !important;}&#8220;][vc_column][vc_custom_heading source=&#8220;post_title&#8220; font_container=&#8220;tag:h1|text_align:center&#8220; use_theme_fonts=&#8220;yes&#8220;][\/vc_column][\/vc_row][vc_row el_class=&#8220;melatoninfacts2&#8243;][vc_column][vc_column_text] Historie Melatonin je prim\u00e1rn\u011b produkov\u00e1n epif\u00fdzou (glandula pinealis). O tomto org\u00e1nu se zmi\u0148uje ji\u017e Gal\u00e9n z Pergamonu a dal\u0161\u00ed \u0158ekov\u00e9 ve 2. stolet\u00ed. V 16. stolet\u00ed popsal francouzsk\u00fd filozof a v\u011bdec Descartes epif\u00fdzu jako s\u00eddlo du\u0161e. Samotn\u00fd melatonin byl poprv\u00e9 objeven teprve v roce 1958 [&hellip;]","og_url":"https:\/\/dev.chronobiology.com\/cs\/melatonin-chronobiologie\/historie-melatoninu\/","og_site_name":"Chronobiology.com","article_publisher":"https:\/\/www.facebook.com\/chronobiology","article_modified_time":"2023-08-09T07:19:23+00:00","og_image":[{"width":1913,"height":478,"url":"https:\/\/dev.chronobiology.com\/wp-content\/uploads\/2016\/11\/melatonin-banner.jpg","type":"image\/jpeg"}],"twitter_card":"summary_large_image","twitter_site":"@chronobionews","twitter_misc":{"Odhadovan\u00e1 doba \u010dten\u00ed":"2 minuty"},"schema":{"@context":"https:\/\/schema.org","@graph":[{"@type":"WebPage","@id":"https:\/\/dev.chronobiology.com\/cs\/melatonin-chronobiologie\/historie-melatoninu\/","url":"https:\/\/dev.chronobiology.com\/cs\/melatonin-chronobiologie\/historie-melatoninu\/","name":"Historie melatoninu &#8211; Chronobiology.com","isPartOf":{"@id":"https:\/\/dev.chronobiology.com\/cs\/#website"},"primaryImageOfPage":{"@id":"https:\/\/dev.chronobiology.com\/cs\/melatonin-chronobiologie\/historie-melatoninu\/#primaryimage"},"image":{"@id":"https:\/\/dev.chronobiology.com\/cs\/melatonin-chronobiologie\/historie-melatoninu\/#primaryimage"},"thumbnailUrl":"https:\/\/dev.chronobiology.com\/wp-content\/uploads\/2016\/11\/melatonin-banner.jpg","datePublished":"2023-08-09T07:19:22+00:00","dateModified":"2023-08-09T07:19:23+00:00","breadcrumb":{"@id":"https:\/\/dev.chronobiology.com\/cs\/melatonin-chronobiologie\/historie-melatoninu\/#breadcrumb"},"inLanguage":"cs","potentialAction":[{"@type":"ReadAction","target":["https:\/\/dev.chronobiology.com\/cs\/melatonin-chronobiologie\/historie-melatoninu\/"]}]},{"@type":"ImageObject","inLanguage":"cs","@id":"https:\/\/dev.chronobiology.com\/cs\/melatonin-chronobiologie\/historie-melatoninu\/#primaryimage","url":"https:\/\/dev.chronobiology.com\/wp-content\/uploads\/2016\/11\/melatonin-banner.jpg","contentUrl":"https:\/\/dev.chronobiology.com\/wp-content\/uploads\/2016\/11\/melatonin-banner.jpg","width":1913,"height":478},{"@type":"BreadcrumbList","@id":"https:\/\/dev.chronobiology.com\/cs\/melatonin-chronobiologie\/historie-melatoninu\/#breadcrumb","itemListElement":[{"@type":"ListItem","position":1,"name":"Home","item":"https:\/\/dev.chronobiology.com\/cs\/"},{"@type":"ListItem","position":2,"name":"Melatonin &#038; chronobiologie","item":"https:\/\/dev.chronobiology.com\/cs\/melatonin-chronobiologie\/"},{"@type":"ListItem","position":3,"name":"Historie melatoninu"}]},{"@type":"WebSite","@id":"https:\/\/dev.chronobiology.com\/cs\/#website","url":"https:\/\/dev.chronobiology.com\/cs\/","name":"Chronobiology.com","description":"","publisher":{"@id":"https:\/\/dev.chronobiology.com\/cs\/#organization"},"potentialAction":[{"@type":"SearchAction","target":{"@type":"EntryPoint","urlTemplate":"https:\/\/dev.chronobiology.com\/cs\/?s={search_term_string}"},"query-input":{"@type":"PropertyValueSpecification","valueRequired":true,"valueName":"search_term_string"}}],"inLanguage":"cs"},{"@type":"Organization","@id":"https:\/\/dev.chronobiology.com\/cs\/#organization","name":"Chronobiology","url":"https:\/\/dev.chronobiology.com\/cs\/","logo":{"@type":"ImageObject","inLanguage":"cs","@id":"https:\/\/dev.chronobiology.com\/cs\/#\/schema\/logo\/image\/","url":"https:\/\/www.chronobiology.com\/wp-content\/uploads\/2019\/01\/chronobiology_logo_en_r.png","contentUrl":"https:\/\/www.chronobiology.com\/wp-content\/uploads\/2019\/01\/chronobiology_logo_en_r.png","width":375,"height":90,"caption":"Chronobiology"},"image":{"@id":"https:\/\/dev.chronobiology.com\/cs\/#\/schema\/logo\/image\/"},"sameAs":["https:\/\/www.facebook.com\/chronobiology","https:\/\/x.com\/chronobionews","https:\/\/www.instagram.com\/chronobiology\/","https:\/\/www.pinterest.com\/chronobiology\/"]}]}},"_links":{"self":[{"href":"https:\/\/dev.chronobiology.com\/cs\/wp-json\/wp\/v2\/pages\/54524"}],"collection":[{"href":"https:\/\/dev.chronobiology.com\/cs\/wp-json\/wp\/v2\/pages"}],"about":[{"href":"https:\/\/dev.chronobiology.com\/cs\/wp-json\/wp\/v2\/types\/page"}],"author":[{"embeddable":true,"href":"https:\/\/dev.chronobiology.com\/cs\/wp-json\/wp\/v2\/users\/15"}],"replies":[{"embeddable":true,"href":"https:\/\/dev.chronobiology.com\/cs\/wp-json\/wp\/v2\/comments?post=54524"}],"version-history":[{"count":2,"href":"https:\/\/dev.chronobiology.com\/cs\/wp-json\/wp\/v2\/pages\/54524\/revisions"}],"predecessor-version":[{"id":54526,"href":"https:\/\/dev.chronobiology.com\/cs\/wp-json\/wp\/v2\/pages\/54524\/revisions\/54526"}],"up":[{"embeddable":true,"href":"https:\/\/dev.chronobiology.com\/cs\/wp-json\/wp\/v2\/pages\/54509"}],"wp:featuredmedia":[{"embeddable":true,"href":"https:\/\/dev.chronobiology.com\/cs\/wp-json\/wp\/v2\/media\/48504"}],"wp:attachment":[{"href":"https:\/\/dev.chronobiology.com\/cs\/wp-json\/wp\/v2\/media?parent=54524"}],"wp:term":[{"taxonomy":"category","embeddable":true,"href":"https:\/\/dev.chronobiology.com\/cs\/wp-json\/wp\/v2\/categories?post=54524"}],"curies":[{"name":"wp","href":"https:\/\/api.w.org\/{rel}","templated":true}]}}