{"id":54504,"date":"2023-08-08T07:09:22","date_gmt":"2023-08-08T14:09:22","guid":{"rendered":"https:\/\/www.chronobiology.com\/domu\/"},"modified":"2023-08-08T07:09:24","modified_gmt":"2023-08-08T14:09:24","slug":"domu","status":"publish","type":"page","link":"https:\/\/dev.chronobiology.com\/cs\/","title":{"rendered":"Dom\u016f"},"content":{"rendered":"<div class=\"wpb-content-wrapper\"><p>[vc_row full_width=&#8220;stretch_row&#8220; el_class=&#8220;home-top&#8220; css=&#8220;.vc_custom_1481849859307{background-image: url(https:\/\/www.chronobiology.com\/wp-content\/uploads\/2013\/04\/home_bg_2.jpg?id=11558) !important;background-position: center !important;background-repeat: no-repeat !important;background-size: cover !important;}&#8220;][vc_column][vc_column_text]<\/p>\n<h1 style=\"text-align: center;\">Chronobiologie<\/h1>\n<h2 style=\"text-align: center;\">Tato str\u00e1nka je v\u011bnov\u00e1na historii, poznatk\u016fm a pokrok\u016fm chronobiologie.<\/h2>\n<p>[\/vc_column_text][vc_column_text]<div class=\"latest_news\"><div class=\"wrap\"><div class=\"singleNews\"><a href=\"https:\/\/dev.chronobiology.com\/cs\/nepouzivejte-obrazovky-v-posteli-abyste-lepe-spali\/\"><img decoding=\"async\" src=\"https:\/\/dev.chronobiology.com\/wp-content\/uploads\/2024\/09\/lll-1-358x200.png\" alt=\"Nepou\u017e\u00edvejte obrazovky v posteli, abyste l\u00e9pe spali\"><\/a><h4><a href=\"https:\/\/dev.chronobiology.com\/cs\/nepouzivejte-obrazovky-v-posteli-abyste-lepe-spali\/\">Nepou\u017e\u00edvejte obrazovky v posteli, abyste l\u00e9pe spali<\/a><\/h4><p>Studie Otagsk\u00e9 univerzity zjistila, \u017ee na rozd\u00edl od v\u0161eobecn\u00e9ho p\u0159esv\u011bd\u010den\u00ed m\u00e1 n...<a class=\"more_link\" href=\"https:\/\/dev.chronobiology.com\/cs\/nepouzivejte-obrazovky-v-posteli-abyste-lepe-spali\/\"> <\/a><\/p><\/div><div class=\"singleNews\"><a href=\"https:\/\/dev.chronobiology.com\/cs\/vedci-testuji-novy-lek-urceny-ke-zmirneni-srdecniho-selhani-a-spankove-apnoe\/\"><img decoding=\"async\" src=\"https:\/\/dev.chronobiology.com\/wp-content\/uploads\/2023\/04\/Shutterstock_1663310782-358x200.jpg\" alt=\"V\u011bdci testuj\u00ed nov\u00fd l\u00e9k ur\u010den\u00fd ke zm\u00edrn\u011bn\u00ed srde\u010dn\u00edho selh\u00e1n\u00ed a sp\u00e1nkov\u00e9 apnoe\"><\/a><h4><a href=\"https:\/\/dev.chronobiology.com\/cs\/vedci-testuji-novy-lek-urceny-ke-zmirneni-srdecniho-selhani-a-spankove-apnoe\/\">V\u011bdci testuj\u00ed nov\u00fd l\u00e9k ur\u010den\u00fd ke zm\u00edrn\u011bn\u00ed srde\u010dn\u00edho selh\u00e1n\u00ed a sp\u00e1nkov\u00e9 apnoe<\/a><\/h4><p>Srde\u010dn\u00ed selh\u00e1n\u00ed je b\u011b\u017en\u00fd stav.\nV Evrop\u011b trp\u00ed srde\u010dn\u00ed nedostate\u010dnost\u00ed v\u00edce ne...<a class=\"more_link\" href=\"https:\/\/dev.chronobiology.com\/cs\/vedci-testuji-novy-lek-urceny-ke-zmirneni-srdecniho-selhani-a-spankove-apnoe\/\"> <\/a><\/p><\/div><div class=\"singleNews\"><a href=\"https:\/\/dev.chronobiology.com\/cs\/novy-vyzkum-ukazuje-ze-zubni-prohlidky-mohou-byt-prvni-obrannou-linii-proti-smrtelnym-porucham-spanku\/\"><img decoding=\"async\" src=\"https:\/\/dev.chronobiology.com\/wp-content\/uploads\/2024\/09\/ayayay-358x200.png\" alt=\"Nov\u00fd v\u00fdzkum ukazuje, \u017ee zubn\u00ed prohl\u00eddky mohou b\u00fdt prvn\u00ed obrannou lini\u00ed proti smrteln\u00fdm poruch\u00e1m sp\u00e1nku\"><\/a><h4><a href=\"https:\/\/dev.chronobiology.com\/cs\/novy-vyzkum-ukazuje-ze-zubni-prohlidky-mohou-byt-prvni-obrannou-linii-proti-smrtelnym-porucham-spanku\/\">Nov\u00fd v\u00fdzkum ukazuje, \u017ee zubn\u00ed prohl\u00eddky mohou b\u00fdt prvn\u00ed obrannou lini\u00ed proti smrteln\u00fdm poruch\u00e1m sp\u00e1nku<\/a><\/h4><p>Pacient usne v zuba\u0159sk\u00e9m k\u0159esle navzdory strachu z nadch\u00e1zej\u00edc\u00edho z\u00e1kroku. Zd\u00e1nliv...<a class=\"more_link\" href=\"https:\/\/dev.chronobiology.com\/cs\/novy-vyzkum-ukazuje-ze-zubni-prohlidky-mohou-byt-prvni-obrannou-linii-proti-smrtelnym-porucham-spanku\/\"> <\/a><\/p><\/div><\/div><\/div>[\/vc_column_text][\/vc_column][\/vc_row][vc_row][vc_column width=&#8220;3\/4&#8243;][vc_column_text]<\/p>\n<article class=\"post-3056 page type-page status-publish entry\">\n<div class=\"entry-content\">\n<h2>RYTMUS \u017dIVOTA<\/h2>\n<\/div>\n<\/article>\n<p>[\/vc_column_text][vc_raw_html]PGRpdiBjbGFzcz0icmh5dGhtX29mX2xpZmUiPg0KPGRpdiBjbGFzcz0iY2xvY2tzIj48Y2FudmFzIGlkPSJjYW52YXMiIHdpZHRoPSIyMDAiIGhlaWdodD0iMjAwIj48c3Bhbj48c3Bhbj5Zb3VyIGJyb3dzZXIgZG9lcyBub3Qgc3VwcG9ydCB0aGUgQ0FOVkFTIGVsZW1lbnQgYWxhcyE8L3NwYW4+PC9zcGFuPg0KDQombmJzcDsNCg0KPC9jYW52YXM+PC9kaXY+DQo8L2Rpdj4NCjx0YWJsZSBjbGFzcz0icmh5dGhtLW1vYiI+DQo8dGJvZHk+DQo8dHI+DQo8dGQgY2xhc3M9InJoeXRobS1ibHVlIj4xIGEubS48L3RkPg0KPHRkPkRyZWFtIHRpbWU8L3RkPg0KPC90cj4NCjx0cj4NCjx0ZCBjbGFzcz0icmh5dGhtLWJsdWUiPjIgYS5tLjwvdGQ+DQo8dGQ+QWxsIHN5c3RlbXMgaW4gcmVnZW5lcmF0aW9uIG1vZGUgZXhjZXB0IGxpdmVyIGFuZCBza2luPC90ZD4NCjwvdHI+DQo8dHI+DQo8dGQgY2xhc3M9InJoeXRobS1ibHVlIj4zIGEubS48L3RkPg0KPHRkPkludGVuc2l2ZSBzbGVlcCBwaGFzZTwvdGQ+DQo8L3RyPg0KPHRyPg0KPHRkIGNsYXNzPSJyaHl0aG0tYmx1ZSI+NCBhLm0uPC90ZD4NCjx0ZD5MdW5ncyBtb3N0IGFjdGl2ZTwvdGQ+DQo8L3RyPg0KPHRyPg0KPHRkIGNsYXNzPSJyaHl0aG0tYmx1ZSI+NSBhLm0uPC90ZD4NCjx0ZD5LaWRuZXkgZnVuY3Rpb24gYXQgbG93ZXN0IHBvaW50PC90ZD4NCjwvdHI+DQo8dHI+DQo8dGQgY2xhc3M9InJoeXRobS1yZWQiPjYgYS5tLjwvdGQ+DQo8dGQ+VGhlIGJvZHkncyBzeXN0ZW1zIGF3YWtlbjwvdGQ+DQo8L3RyPg0KPHRyPg0KPHRkIGNsYXNzPSJyaHl0aG0tcmVkIj43LTkgYS5tLjwvdGQ+DQo8dGQ+SG9ybW9uZXMgYXQgdGhlaXIgcGVhazwvdGQ+DQo8L3RyPg0KPHRyPg0KPHRkIGNsYXNzPSJyaHl0aG0tcmVkIj44LTkgYS5tLjwvdGQ+DQo8dGQ+SGlnaGVzdCBwYWluIHRocmVzaG9sZDwvdGQ+DQo8L3RyPg0KPHRyPg0KPHRkIGNsYXNzPSJyaHl0aG0tcmVkIj4xMCBhLm0uIC0gMTIgbm9vbjwvdGQ+DQo8dGQ+RnVsbHkgZml0IGFuZCB3aWRlIGF3YWtlLCBicmFpbiBtb3N0IGVmZmljaWVudDwvdGQ+DQo8L3RyPg0KPHRyPg0KPHRkIGNsYXNzPSJyaHl0aG0tcmVkIj4xMiBub29uPC90ZD4NCjx0ZD5UaW1lIHRvIGVhdCBkaWdlc3Rpb24gaW4gdG9wIGdlYXI8L3RkPg0KPC90cj4NCjx0cj4NCjx0ZCBjbGFzcz0icmh5dGhtLXJlZCI+MS0yIHAubS48L3RkPg0KPHRkPkFmdGVybm9vbiBsb3csIHRpbWUgZm9yIGEgbmFwPC90ZD4NCjwvdHI+DQo8dHI+DQo8dGQgY2xhc3M9InJoeXRobS1yZWQiPjMtNCBwLm0uPC90ZD4NCjx0ZD5OZXcgdXBzd2luZzpwaGFzZSBvZiBsZWFybmluZyAmYW1wOyBsb2duIHRlcm0gbWVtb3J5PC90ZD4NCjwvdHI+DQo8dHI+DQo8dGQgY2xhc3M9InJoeXRobS1yZWQiPjUtNiBwLm0uPC90ZD4NCjx0ZD5TZWNvbmQgcGVhaywgYmVzdCB0aW1lIGZvciBtYW51YWwgd29yazwvdGQ+DQo8L3RyPg0KPHRyPg0KPHRkIGNsYXNzPSJyaHl0aG0tYmx1ZSI+Ni05IHAubS48L3RkPg0KPHRkPlJlZ2VuZXJhdGlvbiBhbmQgcmVsYXhhdGlvbiwgb3B0aW1hbCBzZW5zZSBvZiBzbWVsbCBhbmQgdGFzdGU8L3RkPg0KPC90cj4NCjx0cj4NCjx0ZCBjbGFzcz0icmh5dGhtLWJsdWUiPjkgcC5tLjwvdGQ+DQo8dGQ+U3RvbWFjaCByZXN0cyAtIHRpbWUgdG8gc3RvcCBlYXRpbmc8L3RkPg0KPC90cj4NCjx0cj4NCjx0ZCBjbGFzcz0icmh5dGhtLWJsdWUiPjExIHAubS48L3RkPg0KPHRkPlRpbWUgZm9yIGJlZDwvdGQ+DQo8L3RyPg0KPHRyPg0KPHRkIGNsYXNzPSJyaHl0aG0tYmx1ZSI+MTEgcC5tIC0gMSBhLm0uPC90ZD4NCjx0ZD5DcmVhdGl2aXR5IGF0IGl0cyBwZWFrPC90ZD4NCjwvdHI+DQo8L3Rib2R5Pg0KPC90YWJsZT4=[\/vc_raw_html][vc_column_text]<\/p>\n<h4>O CHRONOBIOLOGII<\/h4>\n<p>Tyto webov\u00e9 str\u00e1nky jsou v\u011bnov\u00e1ny historii, poznatk\u016fm a pokrok\u016fm chronobiologie.<\/p>\n<p>Chronobiologie je obor biologie, kter\u00fd studuje, jak jsou p\u0159irozen\u00e9 cykly na\u0161eho t\u011bla &#8211; du\u0161evn\u00ed, fyzick\u00e9 a emocion\u00e1ln\u00ed &#8211; ovliv\u0148ov\u00e1ny slune\u010dn\u00edmi a m\u011bs\u00ed\u010dn\u00edmi rytmy. Nap\u0159\u00edklad cirkadi\u00e1nn\u00ed rytmus, 24hodinov\u00fd cyklus fyziologick\u00fdch proces\u016f, kter\u00e9 prob\u00edhaj\u00ed v cel\u00e9m lidsk\u00e9m t\u011ble, je d\u016fle\u017eit\u00fdm cyklem p\u0159i studiu chronobiologie.<\/p>\n<p>Kdy\u017e se tyto procesy poru\u0161\u00ed nebo se v lidsk\u00e9m t\u011ble vyskytnou abnormality, je stadium o chronobiologii[\/vc_column_text][\/vc_column][vc_column width=&#8220;1\/4&#8243; el_class=&#8220;sidebar&#8220;][vc_wp_custommenu title=&#8220;Zdravotn\u00ed p\u0159\u00ednosy chronofarmakologie&#8220; nav_menu=&#8220;24&#8243;][\/vc_column][\/vc_row]<\/p>\n<\/div>","protected":false},"excerpt":{"rendered":"<p>[vc_row full_width=&#8220;stretch_row&#8220; el_class=&#8220;home-top&#8220; css=&#8220;.vc_custom_1481849859307{background-image: url(https:\/\/www.chronobiology.com\/wp-content\/uploads\/2013\/04\/home_bg_2.jpg?id=11558) !important;background-position: center !important;background-repeat: no-repeat !important;background-size: cover !important;}&#8220;][vc_column][vc_column_text] Chronobiologie Tato str\u00e1nka je v\u011bnov\u00e1na historii, poznatk\u016fm a pokrok\u016fm chronobiologie. [\/vc_column_text][vc_column_text][\/vc_column_text][\/vc_column][\/vc_row][vc_row][vc_column width=&#8220;3\/4&#8243;][vc_column_text] RYTMUS \u017dIVOTA [\/vc_column_text][vc_raw_html]PGRpdiBjbGFzcz0icmh5dGhtX29mX2xpZmUiPg0KPGRpdiBjbGFzcz0iY2xvY2tzIj48Y2FudmFzIGlkPSJjYW52YXMiIHdpZHRoPSIyMDAiIGhlaWdodD0iMjAwIj48c3Bhbj48c3Bhbj5Zb3VyIGJyb3dzZXIgZG9lcyBub3Qgc3VwcG9ydCB0aGUgQ0FOVkFTIGVsZW1lbnQgYWxhcyE8L3NwYW4+PC9zcGFuPg0KDQombmJzcDsNCg0KPC9jYW52YXM+PC9kaXY+DQo8L2Rpdj4NCjx0YWJsZSBjbGFzcz0icmh5dGhtLW1vYiI+DQo8dGJvZHk+DQo8dHI+DQo8dGQgY2xhc3M9InJoeXRobS1ibHVlIj4xIGEubS48L3RkPg0KPHRkPkRyZWFtIHRpbWU8L3RkPg0KPC90cj4NCjx0cj4NCjx0ZCBjbGFzcz0icmh5dGhtLWJsdWUiPjIgYS5tLjwvdGQ+DQo8dGQ+QWxsIHN5c3RlbXMgaW4gcmVnZW5lcmF0aW9uIG1vZGUgZXhjZXB0IGxpdmVyIGFuZCBza2luPC90ZD4NCjwvdHI+DQo8dHI+DQo8dGQgY2xhc3M9InJoeXRobS1ibHVlIj4zIGEubS48L3RkPg0KPHRkPkludGVuc2l2ZSBzbGVlcCBwaGFzZTwvdGQ+DQo8L3RyPg0KPHRyPg0KPHRkIGNsYXNzPSJyaHl0aG0tYmx1ZSI+NCBhLm0uPC90ZD4NCjx0ZD5MdW5ncyBtb3N0IGFjdGl2ZTwvdGQ+DQo8L3RyPg0KPHRyPg0KPHRkIGNsYXNzPSJyaHl0aG0tYmx1ZSI+NSBhLm0uPC90ZD4NCjx0ZD5LaWRuZXkgZnVuY3Rpb24gYXQgbG93ZXN0IHBvaW50PC90ZD4NCjwvdHI+DQo8dHI+DQo8dGQgY2xhc3M9InJoeXRobS1yZWQiPjYgYS5tLjwvdGQ+DQo8dGQ+VGhlIGJvZHkncyBzeXN0ZW1zIGF3YWtlbjwvdGQ+DQo8L3RyPg0KPHRyPg0KPHRkIGNsYXNzPSJyaHl0aG0tcmVkIj43LTkgYS5tLjwvdGQ+DQo8dGQ+SG9ybW9uZXMgYXQgdGhlaXIgcGVhazwvdGQ+DQo8L3RyPg0KPHRyPg0KPHRkIGNsYXNzPSJyaHl0aG0tcmVkIj44LTkgYS5tLjwvdGQ+DQo8dGQ+SGlnaGVzdCBwYWluIHRocmVzaG9sZDwvdGQ+DQo8L3RyPg0KPHRyPg0KPHRkIGNsYXNzPSJyaHl0aG0tcmVkIj4xMCBhLm0uIC0gMTIgbm9vbjwvdGQ+DQo8dGQ+RnVsbHkgZml0IGFuZCB3aWRlIGF3YWtlLCBicmFpbiBtb3N0IGVmZmljaWVudDwvdGQ+DQo8L3RyPg0KPHRyPg0KPHRkIGNsYXNzPSJyaHl0aG0tcmVkIj4xMiBub29uPC90ZD4NCjx0ZD5UaW1lIHRvIGVhdCBkaWdlc3Rpb24gaW4gdG9wIGdlYXI8L3RkPg0KPC90cj4NCjx0cj4NCjx0ZCBjbGFzcz0icmh5dGhtLXJlZCI+MS0yIHAubS48L3RkPg0KPHRkPkFmdGVybm9vbiBsb3csIHRpbWUgZm9yIGEgbmFwPC90ZD4NCjwvdHI+DQo8dHI+DQo8dGQgY2xhc3M9InJoeXRobS1yZWQiPjMtNCBwLm0uPC90ZD4NCjx0ZD5OZXcgdXBzd2luZzpwaGFzZSBvZiBsZWFybmluZyAmYW1wOyBsb2duIHRlcm0gbWVtb3J5PC90ZD4NCjwvdHI+DQo8dHI+DQo8dGQgY2xhc3M9InJoeXRobS1yZWQiPjUtNiBwLm0uPC90ZD4NCjx0ZD5TZWNvbmQgcGVhaywgYmVzdCB0aW1lIGZvciBtYW51YWwgd29yazwvdGQ+DQo8L3RyPg0KPHRyPg0KPHRkIGNsYXNzPSJyaHl0aG0tYmx1ZSI+Ni05IHAubS48L3RkPg0KPHRkPlJlZ2VuZXJhdGlvbiBhbmQgcmVsYXhhdGlvbiwgb3B0aW1hbCBzZW5zZSBvZiBzbWVsbCBhbmQgdGFzdGU8L3RkPg0KPC90cj4NCjx0cj4NCjx0ZCBjbGFzcz0icmh5dGhtLWJsdWUiPjkgcC5tLjwvdGQ+DQo8dGQ+U3RvbWFjaCByZXN0cyAtIHRpbWUgdG8gc3RvcCBlYXRpbmc8L3RkPg0KPC90cj4NCjx0cj4NCjx0ZCBjbGFzcz0icmh5dGhtLWJsdWUiPjExIHAubS48L3RkPg0KPHRkPlRpbWUgZm9yIGJlZDwvdGQ+DQo8L3RyPg0KPHRyPg0KPHRkIGNsYXNzPSJyaHl0aG0tYmx1ZSI+MTEgcC5tIC0gMSBhLm0uPC90ZD4NCjx0ZD5DcmVhdGl2aXR5IGF0IGl0cyBwZWFrPC90ZD4NCjwvdHI+DQo8L3Rib2R5Pg0KPC90YWJsZT4=[\/vc_raw_html][vc_column_text] O CHRONOBIOLOGII Tyto webov\u00e9 str\u00e1nky jsou v\u011bnov\u00e1ny historii, poznatk\u016fm a pokrok\u016fm chronobiologie. Chronobiologie je obor biologie, kter\u00fd studuje, jak jsou p\u0159irozen\u00e9 cykly na\u0161eho t\u011bla &#8211; du\u0161evn\u00ed, fyzick\u00e9 a [&hellip;]<\/p>\n","protected":false},"author":11,"featured_media":0,"parent":0,"menu_order":0,"comment_status":"open","ping_status":"closed","template":"","meta":{"_acf_changed":false,"_genesis_hide_title":false,"_genesis_hide_breadcrumbs":false,"_genesis_hide_singular_image":false,"_genesis_hide_footer_widgets":false,"_genesis_custom_body_class":"","_genesis_custom_post_class":"","_genesis_layout":"full-width-content","footnotes":""},"categories":[],"class_list":{"0":"post-54504","1":"page","2":"type-page","3":"status-publish","5":"entry","6":"has-post-thumbnail"},"acf":[],"yoast_head":"<!-- This site is optimized with the Yoast SEO Premium plugin v23.4 (Yoast SEO v23.4) - https:\/\/yoast.com\/wordpress\/plugins\/seo\/ -->\n<title>Chronobiologie - Historie, poznatky a pokroky chronobiologie<\/title>\n<meta name=\"robots\" content=\"index, follow, max-snippet:-1, max-image-preview:large, max-video-preview:-1\" \/>\n<link rel=\"canonical\" href=\"https:\/\/dev.chronobiology.com\/cs\/\" \/>\n<meta property=\"og:locale\" content=\"cs_CZ\" \/>\n<meta property=\"og:type\" content=\"article\" \/>\n<meta property=\"og:title\" content=\"Dom\u016f\" \/>\n<meta property=\"og:description\" content=\"[vc_row full_width=&#8220;stretch_row&#8220; el_class=&#8220;home-top&#8220; css=&#8220;.vc_custom_1481849859307{background-image: url(https:\/\/www.chronobiology.com\/wp-content\/uploads\/2013\/04\/home_bg_2.jpg?id=11558) !important;background-position: center !important;background-repeat: no-repeat !important;background-size: cover !important;}&#8220;][vc_column][vc_column_text] Chronobiologie Tato str\u00e1nka je v\u011bnov\u00e1na historii, poznatk\u016fm a pokrok\u016fm chronobiologie. [\/vc_column_text][vc_column_text][\/vc_column_text][\/vc_column][\/vc_row][vc_row][vc_column width=&#8220;3\/4&#8243;][vc_column_text] RYTMUS \u017dIVOTA [\/vc_column_text][vc_raw_html]PGRpdiBjbGFzcz0icmh5dGhtX29mX2xpZmUiPg0KPGRpdiBjbGFzcz0iY2xvY2tzIj48Y2FudmFzIGlkPSJjYW52YXMiIHdpZHRoPSIyMDAiIGhlaWdodD0iMjAwIj48c3Bhbj48c3Bhbj5Zb3VyIGJyb3dzZXIgZG9lcyBub3Qgc3VwcG9ydCB0aGUgQ0FOVkFTIGVsZW1lbnQgYWxhcyE8L3NwYW4+PC9zcGFuPg0KDQombmJzcDsNCg0KPC9jYW52YXM+PC9kaXY+DQo8L2Rpdj4NCjx0YWJsZSBjbGFzcz0icmh5dGhtLW1vYiI+DQo8dGJvZHk+DQo8dHI+DQo8dGQgY2xhc3M9InJoeXRobS1ibHVlIj4xIGEubS48L3RkPg0KPHRkPkRyZWFtIHRpbWU8L3RkPg0KPC90cj4NCjx0cj4NCjx0ZCBjbGFzcz0icmh5dGhtLWJsdWUiPjIgYS5tLjwvdGQ+DQo8dGQ+QWxsIHN5c3RlbXMgaW4gcmVnZW5lcmF0aW9uIG1vZGUgZXhjZXB0IGxpdmVyIGFuZCBza2luPC90ZD4NCjwvdHI+DQo8dHI+DQo8dGQgY2xhc3M9InJoeXRobS1ibHVlIj4zIGEubS48L3RkPg0KPHRkPkludGVuc2l2ZSBzbGVlcCBwaGFzZTwvdGQ+DQo8L3RyPg0KPHRyPg0KPHRkIGNsYXNzPSJyaHl0aG0tYmx1ZSI+NCBhLm0uPC90ZD4NCjx0ZD5MdW5ncyBtb3N0IGFjdGl2ZTwvdGQ+DQo8L3RyPg0KPHRyPg0KPHRkIGNsYXNzPSJyaHl0aG0tYmx1ZSI+NSBhLm0uPC90ZD4NCjx0ZD5LaWRuZXkgZnVuY3Rpb24gYXQgbG93ZXN0IHBvaW50PC90ZD4NCjwvdHI+DQo8dHI+DQo8dGQgY2xhc3M9InJoeXRobS1yZWQiPjYgYS5tLjwvdGQ+DQo8dGQ+VGhlIGJvZHkncyBzeXN0ZW1zIGF3YWtlbjwvdGQ+DQo8L3RyPg0KPHRyPg0KPHRkIGNsYXNzPSJyaHl0aG0tcmVkIj43LTkgYS5tLjwvdGQ+DQo8dGQ+SG9ybW9uZXMgYXQgdGhlaXIgcGVhazwvdGQ+DQo8L3RyPg0KPHRyPg0KPHRkIGNsYXNzPSJyaHl0aG0tcmVkIj44LTkgYS5tLjwvdGQ+DQo8dGQ+SGlnaGVzdCBwYWluIHRocmVzaG9sZDwvdGQ+DQo8L3RyPg0KPHRyPg0KPHRkIGNsYXNzPSJyaHl0aG0tcmVkIj4xMCBhLm0uIC0gMTIgbm9vbjwvdGQ+DQo8dGQ+RnVsbHkgZml0IGFuZCB3aWRlIGF3YWtlLCBicmFpbiBtb3N0IGVmZmljaWVudDwvdGQ+DQo8L3RyPg0KPHRyPg0KPHRkIGNsYXNzPSJyaHl0aG0tcmVkIj4xMiBub29uPC90ZD4NCjx0ZD5UaW1lIHRvIGVhdCBkaWdlc3Rpb24gaW4gdG9wIGdlYXI8L3RkPg0KPC90cj4NCjx0cj4NCjx0ZCBjbGFzcz0icmh5dGhtLXJlZCI+MS0yIHAubS48L3RkPg0KPHRkPkFmdGVybm9vbiBsb3csIHRpbWUgZm9yIGEgbmFwPC90ZD4NCjwvdHI+DQo8dHI+DQo8dGQgY2xhc3M9InJoeXRobS1yZWQiPjMtNCBwLm0uPC90ZD4NCjx0ZD5OZXcgdXBzd2luZzpwaGFzZSBvZiBsZWFybmluZyAmYW1wOyBsb2duIHRlcm0gbWVtb3J5PC90ZD4NCjwvdHI+DQo8dHI+DQo8dGQgY2xhc3M9InJoeXRobS1yZWQiPjUtNiBwLm0uPC90ZD4NCjx0ZD5TZWNvbmQgcGVhaywgYmVzdCB0aW1lIGZvciBtYW51YWwgd29yazwvdGQ+DQo8L3RyPg0KPHRyPg0KPHRkIGNsYXNzPSJyaHl0aG0tYmx1ZSI+Ni05IHAubS48L3RkPg0KPHRkPlJlZ2VuZXJhdGlvbiBhbmQgcmVsYXhhdGlvbiwgb3B0aW1hbCBzZW5zZSBvZiBzbWVsbCBhbmQgdGFzdGU8L3RkPg0KPC90cj4NCjx0cj4NCjx0ZCBjbGFzcz0icmh5dGhtLWJsdWUiPjkgcC5tLjwvdGQ+DQo8dGQ+U3RvbWFjaCByZXN0cyAtIHRpbWUgdG8gc3RvcCBlYXRpbmc8L3RkPg0KPC90cj4NCjx0cj4NCjx0ZCBjbGFzcz0icmh5dGhtLWJsdWUiPjExIHAubS48L3RkPg0KPHRkPlRpbWUgZm9yIGJlZDwvdGQ+DQo8L3RyPg0KPHRyPg0KPHRkIGNsYXNzPSJyaHl0aG0tYmx1ZSI+MTEgcC5tIC0gMSBhLm0uPC90ZD4NCjx0ZD5DcmVhdGl2aXR5IGF0IGl0cyBwZWFrPC90ZD4NCjwvdHI+DQo8L3Rib2R5Pg0KPC90YWJsZT4=[\/vc_raw_html][vc_column_text] O CHRONOBIOLOGII Tyto webov\u00e9 str\u00e1nky jsou v\u011bnov\u00e1ny historii, poznatk\u016fm a pokrok\u016fm chronobiologie. Chronobiologie je obor biologie, kter\u00fd studuje, jak jsou p\u0159irozen\u00e9 cykly na\u0161eho t\u011bla &#8211; du\u0161evn\u00ed, fyzick\u00e9 a [&hellip;]\" \/>\n<meta property=\"og:url\" content=\"https:\/\/dev.chronobiology.com\/cs\/\" \/>\n<meta property=\"og:site_name\" content=\"Chronobiology.com\" \/>\n<meta property=\"article:publisher\" content=\"https:\/\/www.facebook.com\/chronobiology\" \/>\n<meta property=\"article:modified_time\" content=\"2023-08-08T14:09:24+00:00\" \/>\n<meta name=\"twitter:card\" content=\"summary_large_image\" \/>\n<meta name=\"twitter:site\" content=\"@chronobionews\" \/>\n<meta name=\"twitter:label1\" content=\"Odhadovan\u00e1 doba \u010dten\u00ed\" \/>\n\t<meta name=\"twitter:data1\" content=\"3 minuty\" \/>\n<script type=\"application\/ld+json\" class=\"yoast-schema-graph\">{\"@context\":\"https:\/\/schema.org\",\"@graph\":[{\"@type\":\"WebPage\",\"@id\":\"https:\/\/dev.chronobiology.com\/cs\/\",\"url\":\"https:\/\/dev.chronobiology.com\/cs\/\",\"name\":\"Chronobiologie - Historie, poznatky a pokroky chronobiologie\",\"isPartOf\":{\"@id\":\"https:\/\/dev.chronobiology.com\/cs\/#website\"},\"datePublished\":\"2023-08-08T14:09:22+00:00\",\"dateModified\":\"2023-08-08T14:09:24+00:00\",\"breadcrumb\":{\"@id\":\"https:\/\/dev.chronobiology.com\/cs\/#breadcrumb\"},\"inLanguage\":\"cs\",\"potentialAction\":[{\"@type\":\"ReadAction\",\"target\":[\"https:\/\/dev.chronobiology.com\/cs\/\"]}]},{\"@type\":\"BreadcrumbList\",\"@id\":\"https:\/\/dev.chronobiology.com\/cs\/#breadcrumb\",\"itemListElement\":[{\"@type\":\"ListItem\",\"position\":1,\"name\":\"Home\",\"item\":\"https:\/\/dev.chronobiology.com\/cs\/\"},{\"@type\":\"ListItem\",\"position\":2,\"name\":\"Dom\u016f\"}]},{\"@type\":\"WebSite\",\"@id\":\"https:\/\/dev.chronobiology.com\/cs\/#website\",\"url\":\"https:\/\/dev.chronobiology.com\/cs\/\",\"name\":\"Chronobiology.com\",\"description\":\"\",\"publisher\":{\"@id\":\"https:\/\/dev.chronobiology.com\/cs\/#organization\"},\"potentialAction\":[{\"@type\":\"SearchAction\",\"target\":{\"@type\":\"EntryPoint\",\"urlTemplate\":\"https:\/\/dev.chronobiology.com\/cs\/?s={search_term_string}\"},\"query-input\":{\"@type\":\"PropertyValueSpecification\",\"valueRequired\":true,\"valueName\":\"search_term_string\"}}],\"inLanguage\":\"cs\"},{\"@type\":\"Organization\",\"@id\":\"https:\/\/dev.chronobiology.com\/cs\/#organization\",\"name\":\"Chronobiology\",\"url\":\"https:\/\/dev.chronobiology.com\/cs\/\",\"logo\":{\"@type\":\"ImageObject\",\"inLanguage\":\"cs\",\"@id\":\"https:\/\/dev.chronobiology.com\/cs\/#\/schema\/logo\/image\/\",\"url\":\"https:\/\/www.chronobiology.com\/wp-content\/uploads\/2019\/01\/chronobiology_logo_en_r.png\",\"contentUrl\":\"https:\/\/www.chronobiology.com\/wp-content\/uploads\/2019\/01\/chronobiology_logo_en_r.png\",\"width\":375,\"height\":90,\"caption\":\"Chronobiology\"},\"image\":{\"@id\":\"https:\/\/dev.chronobiology.com\/cs\/#\/schema\/logo\/image\/\"},\"sameAs\":[\"https:\/\/www.facebook.com\/chronobiology\",\"https:\/\/x.com\/chronobionews\",\"https:\/\/www.instagram.com\/chronobiology\/\",\"https:\/\/www.pinterest.com\/chronobiology\/\"]}]}<\/script>\n<!-- \/ Yoast SEO Premium plugin. -->","yoast_head_json":{"title":"Chronobiologie - Historie, poznatky a pokroky chronobiologie","robots":{"index":"index","follow":"follow","max-snippet":"max-snippet:-1","max-image-preview":"max-image-preview:large","max-video-preview":"max-video-preview:-1"},"canonical":"https:\/\/dev.chronobiology.com\/cs\/","og_locale":"cs_CZ","og_type":"article","og_title":"Dom\u016f","og_description":"[vc_row full_width=&#8220;stretch_row&#8220; el_class=&#8220;home-top&#8220; css=&#8220;.vc_custom_1481849859307{background-image: url(https:\/\/www.chronobiology.com\/wp-content\/uploads\/2013\/04\/home_bg_2.jpg?id=11558) !important;background-position: center !important;background-repeat: no-repeat !important;background-size: cover !important;}&#8220;][vc_column][vc_column_text] Chronobiologie Tato str\u00e1nka je v\u011bnov\u00e1na historii, poznatk\u016fm a pokrok\u016fm chronobiologie. [\/vc_column_text][vc_column_text][\/vc_column_text][\/vc_column][\/vc_row][vc_row][vc_column width=&#8220;3\/4&#8243;][vc_column_text] RYTMUS \u017dIVOTA [\/vc_column_text][vc_raw_html]PGRpdiBjbGFzcz0icmh5dGhtX29mX2xpZmUiPg0KPGRpdiBjbGFzcz0iY2xvY2tzIj48Y2FudmFzIGlkPSJjYW52YXMiIHdpZHRoPSIyMDAiIGhlaWdodD0iMjAwIj48c3Bhbj48c3Bhbj5Zb3VyIGJyb3dzZXIgZG9lcyBub3Qgc3VwcG9ydCB0aGUgQ0FOVkFTIGVsZW1lbnQgYWxhcyE8L3NwYW4+PC9zcGFuPg0KDQombmJzcDsNCg0KPC9jYW52YXM+PC9kaXY+DQo8L2Rpdj4NCjx0YWJsZSBjbGFzcz0icmh5dGhtLW1vYiI+DQo8dGJvZHk+DQo8dHI+DQo8dGQgY2xhc3M9InJoeXRobS1ibHVlIj4xIGEubS48L3RkPg0KPHRkPkRyZWFtIHRpbWU8L3RkPg0KPC90cj4NCjx0cj4NCjx0ZCBjbGFzcz0icmh5dGhtLWJsdWUiPjIgYS5tLjwvdGQ+DQo8dGQ+QWxsIHN5c3RlbXMgaW4gcmVnZW5lcmF0aW9uIG1vZGUgZXhjZXB0IGxpdmVyIGFuZCBza2luPC90ZD4NCjwvdHI+DQo8dHI+DQo8dGQgY2xhc3M9InJoeXRobS1ibHVlIj4zIGEubS48L3RkPg0KPHRkPkludGVuc2l2ZSBzbGVlcCBwaGFzZTwvdGQ+DQo8L3RyPg0KPHRyPg0KPHRkIGNsYXNzPSJyaHl0aG0tYmx1ZSI+NCBhLm0uPC90ZD4NCjx0ZD5MdW5ncyBtb3N0IGFjdGl2ZTwvdGQ+DQo8L3RyPg0KPHRyPg0KPHRkIGNsYXNzPSJyaHl0aG0tYmx1ZSI+NSBhLm0uPC90ZD4NCjx0ZD5LaWRuZXkgZnVuY3Rpb24gYXQgbG93ZXN0IHBvaW50PC90ZD4NCjwvdHI+DQo8dHI+DQo8dGQgY2xhc3M9InJoeXRobS1yZWQiPjYgYS5tLjwvdGQ+DQo8dGQ+VGhlIGJvZHkncyBzeXN0ZW1zIGF3YWtlbjwvdGQ+DQo8L3RyPg0KPHRyPg0KPHRkIGNsYXNzPSJyaHl0aG0tcmVkIj43LTkgYS5tLjwvdGQ+DQo8dGQ+SG9ybW9uZXMgYXQgdGhlaXIgcGVhazwvdGQ+DQo8L3RyPg0KPHRyPg0KPHRkIGNsYXNzPSJyaHl0aG0tcmVkIj44LTkgYS5tLjwvdGQ+DQo8dGQ+SGlnaGVzdCBwYWluIHRocmVzaG9sZDwvdGQ+DQo8L3RyPg0KPHRyPg0KPHRkIGNsYXNzPSJyaHl0aG0tcmVkIj4xMCBhLm0uIC0gMTIgbm9vbjwvdGQ+DQo8dGQ+RnVsbHkgZml0IGFuZCB3aWRlIGF3YWtlLCBicmFpbiBtb3N0IGVmZmljaWVudDwvdGQ+DQo8L3RyPg0KPHRyPg0KPHRkIGNsYXNzPSJyaHl0aG0tcmVkIj4xMiBub29uPC90ZD4NCjx0ZD5UaW1lIHRvIGVhdCBkaWdlc3Rpb24gaW4gdG9wIGdlYXI8L3RkPg0KPC90cj4NCjx0cj4NCjx0ZCBjbGFzcz0icmh5dGhtLXJlZCI+MS0yIHAubS48L3RkPg0KPHRkPkFmdGVybm9vbiBsb3csIHRpbWUgZm9yIGEgbmFwPC90ZD4NCjwvdHI+DQo8dHI+DQo8dGQgY2xhc3M9InJoeXRobS1yZWQiPjMtNCBwLm0uPC90ZD4NCjx0ZD5OZXcgdXBzd2luZzpwaGFzZSBvZiBsZWFybmluZyAmYW1wOyBsb2duIHRlcm0gbWVtb3J5PC90ZD4NCjwvdHI+DQo8dHI+DQo8dGQgY2xhc3M9InJoeXRobS1yZWQiPjUtNiBwLm0uPC90ZD4NCjx0ZD5TZWNvbmQgcGVhaywgYmVzdCB0aW1lIGZvciBtYW51YWwgd29yazwvdGQ+DQo8L3RyPg0KPHRyPg0KPHRkIGNsYXNzPSJyaHl0aG0tYmx1ZSI+Ni05IHAubS48L3RkPg0KPHRkPlJlZ2VuZXJhdGlvbiBhbmQgcmVsYXhhdGlvbiwgb3B0aW1hbCBzZW5zZSBvZiBzbWVsbCBhbmQgdGFzdGU8L3RkPg0KPC90cj4NCjx0cj4NCjx0ZCBjbGFzcz0icmh5dGhtLWJsdWUiPjkgcC5tLjwvdGQ+DQo8dGQ+U3RvbWFjaCByZXN0cyAtIHRpbWUgdG8gc3RvcCBlYXRpbmc8L3RkPg0KPC90cj4NCjx0cj4NCjx0ZCBjbGFzcz0icmh5dGhtLWJsdWUiPjExIHAubS48L3RkPg0KPHRkPlRpbWUgZm9yIGJlZDwvdGQ+DQo8L3RyPg0KPHRyPg0KPHRkIGNsYXNzPSJyaHl0aG0tYmx1ZSI+MTEgcC5tIC0gMSBhLm0uPC90ZD4NCjx0ZD5DcmVhdGl2aXR5IGF0IGl0cyBwZWFrPC90ZD4NCjwvdHI+DQo8L3Rib2R5Pg0KPC90YWJsZT4=[\/vc_raw_html][vc_column_text] O CHRONOBIOLOGII Tyto webov\u00e9 str\u00e1nky jsou v\u011bnov\u00e1ny historii, poznatk\u016fm a pokrok\u016fm chronobiologie. Chronobiologie je obor biologie, kter\u00fd studuje, jak jsou p\u0159irozen\u00e9 cykly na\u0161eho t\u011bla &#8211; du\u0161evn\u00ed, fyzick\u00e9 a [&hellip;]","og_url":"https:\/\/dev.chronobiology.com\/cs\/","og_site_name":"Chronobiology.com","article_publisher":"https:\/\/www.facebook.com\/chronobiology","article_modified_time":"2023-08-08T14:09:24+00:00","twitter_card":"summary_large_image","twitter_site":"@chronobionews","twitter_misc":{"Odhadovan\u00e1 doba \u010dten\u00ed":"3 minuty"},"schema":{"@context":"https:\/\/schema.org","@graph":[{"@type":"WebPage","@id":"https:\/\/dev.chronobiology.com\/cs\/","url":"https:\/\/dev.chronobiology.com\/cs\/","name":"Chronobiologie - Historie, poznatky a pokroky chronobiologie","isPartOf":{"@id":"https:\/\/dev.chronobiology.com\/cs\/#website"},"datePublished":"2023-08-08T14:09:22+00:00","dateModified":"2023-08-08T14:09:24+00:00","breadcrumb":{"@id":"https:\/\/dev.chronobiology.com\/cs\/#breadcrumb"},"inLanguage":"cs","potentialAction":[{"@type":"ReadAction","target":["https:\/\/dev.chronobiology.com\/cs\/"]}]},{"@type":"BreadcrumbList","@id":"https:\/\/dev.chronobiology.com\/cs\/#breadcrumb","itemListElement":[{"@type":"ListItem","position":1,"name":"Home","item":"https:\/\/dev.chronobiology.com\/cs\/"},{"@type":"ListItem","position":2,"name":"Dom\u016f"}]},{"@type":"WebSite","@id":"https:\/\/dev.chronobiology.com\/cs\/#website","url":"https:\/\/dev.chronobiology.com\/cs\/","name":"Chronobiology.com","description":"","publisher":{"@id":"https:\/\/dev.chronobiology.com\/cs\/#organization"},"potentialAction":[{"@type":"SearchAction","target":{"@type":"EntryPoint","urlTemplate":"https:\/\/dev.chronobiology.com\/cs\/?s={search_term_string}"},"query-input":{"@type":"PropertyValueSpecification","valueRequired":true,"valueName":"search_term_string"}}],"inLanguage":"cs"},{"@type":"Organization","@id":"https:\/\/dev.chronobiology.com\/cs\/#organization","name":"Chronobiology","url":"https:\/\/dev.chronobiology.com\/cs\/","logo":{"@type":"ImageObject","inLanguage":"cs","@id":"https:\/\/dev.chronobiology.com\/cs\/#\/schema\/logo\/image\/","url":"https:\/\/www.chronobiology.com\/wp-content\/uploads\/2019\/01\/chronobiology_logo_en_r.png","contentUrl":"https:\/\/www.chronobiology.com\/wp-content\/uploads\/2019\/01\/chronobiology_logo_en_r.png","width":375,"height":90,"caption":"Chronobiology"},"image":{"@id":"https:\/\/dev.chronobiology.com\/cs\/#\/schema\/logo\/image\/"},"sameAs":["https:\/\/www.facebook.com\/chronobiology","https:\/\/x.com\/chronobionews","https:\/\/www.instagram.com\/chronobiology\/","https:\/\/www.pinterest.com\/chronobiology\/"]}]}},"_links":{"self":[{"href":"https:\/\/dev.chronobiology.com\/cs\/wp-json\/wp\/v2\/pages\/54504"}],"collection":[{"href":"https:\/\/dev.chronobiology.com\/cs\/wp-json\/wp\/v2\/pages"}],"about":[{"href":"https:\/\/dev.chronobiology.com\/cs\/wp-json\/wp\/v2\/types\/page"}],"author":[{"embeddable":true,"href":"https:\/\/dev.chronobiology.com\/cs\/wp-json\/wp\/v2\/users\/11"}],"replies":[{"embeddable":true,"href":"https:\/\/dev.chronobiology.com\/cs\/wp-json\/wp\/v2\/comments?post=54504"}],"version-history":[{"count":2,"href":"https:\/\/dev.chronobiology.com\/cs\/wp-json\/wp\/v2\/pages\/54504\/revisions"}],"predecessor-version":[{"id":54506,"href":"https:\/\/dev.chronobiology.com\/cs\/wp-json\/wp\/v2\/pages\/54504\/revisions\/54506"}],"wp:attachment":[{"href":"https:\/\/dev.chronobiology.com\/cs\/wp-json\/wp\/v2\/media?parent=54504"}],"wp:term":[{"taxonomy":"category","embeddable":true,"href":"https:\/\/dev.chronobiology.com\/cs\/wp-json\/wp\/v2\/categories?post=54504"}],"curies":[{"name":"wp","href":"https:\/\/api.w.org\/{rel}","templated":true}]}}