{"id":54476,"date":"2023-07-27T06:01:56","date_gmt":"2023-07-27T13:01:56","guid":{"rendered":"https:\/\/www.chronobiology.com\/zdravotni-prinosy-chronofarmakologie\/"},"modified":"2023-07-27T06:02:00","modified_gmt":"2023-07-27T13:02:00","slug":"zdravotni-prinosy-chronofarmakologie","status":"publish","type":"page","link":"https:\/\/dev.chronobiology.com\/cs\/zdravotni-prinosy-chronofarmakologie\/","title":{"rendered":"Zdravotn\u00ed p\u0159\u00ednosy chronofarmakologie"},"content":{"rendered":"<div class=\"wpb-content-wrapper\"><p>[vc_row full_width=&#8220;stretch_row&#8220; css=&#8220;.vc_custom_1481873941643{background-image: url(https:\/\/www.chronobiology.com\/wp-content\/uploads\/2015\/01\/chronopharmakologie-2.jpg?id=9256) !important;background-position: center !important;background-repeat: no-repeat !important;background-size: cover !important;}&#8220; el_class=&#8220;banner-top&#8220;][vc_column][vc_custom_heading source=&#8220;post_title&#8220; font_container=&#8220;tag:h1|text_align:center&#8220; use_theme_fonts=&#8220;yes&#8220;][\/vc_column][\/vc_row][vc_row][vc_column][vc_column_text]<\/p>\n<h1>Chronofarmakologie: Spr\u00e1vn\u00fd p\u0159\u00edpravek ve spr\u00e1vn\u00fd \u010das<\/h1>\n<p>To, jak rychle nebo \u00fa\u010dinn\u011b se biologick\u00e1 l\u00e1tka po u\u017eit\u00ed vst\u0159eb\u00e1 a vyvol\u00e1 \u00fa\u010dinek, do zna\u010dn\u00e9 m\u00edry z\u00e1vis\u00ed na \u010dinnosti tr\u00e1vic\u00edho traktu. M\u00e1-li l\u00e1tka vyvolat \u00fa\u010dinek v c\u00edlov\u00e9m org\u00e1nu v ur\u010dit\u00e9m \u010dase, mus\u00ed se v\u010das dostat do jater. Tento pr\u016fchod tr\u00e1vic\u00edm traktem v\u0161ak neprob\u00edh\u00e1 v\u017edy stejnou rychlost\u00ed. Nap\u0159\u00edklad r\u00e1no je z\u00e1soben\u00ed \u017ealudku a st\u0159ev krv\u00ed bohat\u00e9, ale kolem ob\u011bda relativn\u011b slab\u00e9. Tento aspekt je zohledn\u011bn v chronobiologick\u00fdch prepar\u00e1tech, kter\u00e9 se pod\u00e1vaj\u00ed r\u00e1no, p\u0159ed span\u00edm nebo jsou opat\u0159eny jak\u00fdmsi \u010dasov\u00fdm z\u00e1mkem. Toto nov\u00e9 l\u00e9ka\u0159sk\u00e9 pozn\u00e1n\u00ed m\u016f\u017ee pomoci vyhnout se tomu, abychom d\u011blali spr\u00e1vn\u00e9 v\u011bci v nespr\u00e1vnou dobu. Kter\u00e1 l\u00e1tka m\u00e1 maxim\u00e1ln\u00ed \u00fa\u010dinek r\u00e1no? Kter\u00e1 l\u00e1tka se nejl\u00e9pe vst\u0159eb\u00e1v\u00e1 p\u0159ed span\u00edm?<\/p>\n<p>Kter\u00e9 l\u00e1tky jsou vz\u00e1jemn\u011b kompatibiln\u00ed? Kter\u00e9 z nich se mus\u00ed u\u017e\u00edvat spole\u010dn\u011b, aby byly v\u016fbec \u00fa\u010dinn\u00e9? Kter\u00e9 biologick\u00e9 l\u00e1tky mohou blokovat \u00fa\u010dinek jin\u00fdch? Chronoterapie podporuje organismus p\u0159esn\u011b v dob\u011b, kdy lze dos\u00e1hnout maxim\u00e1ln\u00edho \u00fa\u010dinku. T\u00edmto zp\u016fsobem zvy\u0161ujeme \u00fa\u010dinnost. T\u00edmto zp\u016fsobem sni\u017eujeme ne\u017e\u00e1douc\u00ed vedlej\u0161\u00ed \u00fa\u010dinky. U mnoha l\u00e1tek ji\u017e chronobiologie zn\u00e1 nej\u00fa\u010dinn\u011bj\u0161\u00ed \u010dasov\u00fd okam\u017eik. Existuje \u0159ada modern\u00edch p\u0159\u00edpravk\u016f, kter\u00e9 jsou skute\u010dn\u011b chytr\u00e9. Obsahuj\u00ed specifick\u00e9 mikrobiosubstance na cel\u00fd den a u\u017e\u00edvaj\u00ed se t\u0159eba jen jednou denn\u011b. \u010casov\u00fd z\u00e1mek nebo r\u016fzn\u00e1 rychlost p\u016fsoben\u00ed jednotliv\u00fdch l\u00e1tek zaji\u0161\u0165uj\u00ed, \u017ee p\u0159\u00edslu\u0161n\u00e9 \u00fa\u010dinky se spou\u0161t\u011bj\u00ed jeden po druh\u00e9m podle cirkadi\u00e1nn\u00edho rytmu a trvaj\u00ed dlouho do noci.<\/p>\n<h1>P\u0159\u00edzniv\u00e9 \u00fa\u010dinky na zdrav\u00ed<\/h1>\n<p>[\/vc_column_text][vc_row_inner el_class=&#8220;benefits_box&#8220;][vc_column_inner width=&#8220;1\/4&#8243;][just_icon icon_type=&#8220;custom&#8220; icon_img=&#8220;id^11575|url^https:\/\/www.chronobiology.com\/wp-content\/uploads\/2014\/05\/dermatology_ic.png|caption^null|alt^null|title^dermatology_ic|description^null&#8220; img_width=&#8220;120&#8243; icon_link=&#8220;url:https%3A%2F%2Fwww.chronobiology.com%2Fhealth-benefits-of-chronopharmacology%2Fdermatology%2F|||&#8220;][vc_custom_heading text=&#8220;Dermatologie&#8220; font_container=&#8220;tag:h4|text_align:center&#8220; use_theme_fonts=&#8220;yes&#8220; link=&#8220;url:https%3A%2F%2Fwww.chronobiology.com%2Fhealth-benefits-of-chronopharmacology%2Fdermatology%2F|&#8220;][ult_createlink title=&#8220;P\u0159e\u010dt\u011bte si v\u00edce&#8220; btn_link=&#8220;url:https%3A%2F%2Fwww.chronobiology.com%2Fhealth-benefits-of-chronopharmacology%2Fdermatology%2F|||&#8220; text_color=&#8220;#085cbc&#8220; text_hovercolor=&#8220;#085cbc&#8220;][\/vc_column_inner][vc_column_inner width=&#8220;1\/4&#8243;][just_icon icon_type=&#8220;custom&#8220; icon_img=&#8220;id^11588|url^https:\/\/www.chronobiology.com\/wp-content\/uploads\/2014\/05\/cardio_ic.png|caption^null|alt^null|title^cardio_ic|description^null&#8220; img_width=&#8220;94&#8243; icon_link=&#8220;url:https%3A%2F%2Fwww.chronobiology.com%2Fhealth-benefits-of-chronopharmacology%2Fcardiovascular-system%2F|||&#8220;][vc_custom_heading text=&#8220;Kardiovaskul\u00e1rn\u00ed syst\u00e9m&#8220; font_container=&#8220;tag:h4|text_align:center&#8220; use_theme_fonts=&#8220;yes&#8220; link=&#8220;url:https%3A%2F%2Fwww.chronobiology.com%2Fhealth-benefits-of-chronopharmacology%2Fcardiovascular-system%2F|&#8220;][ult_createlink title=&#8220;P\u0159e\u010dt\u011bte si v\u00edce&#8220; btn_link=&#8220;url:https%3A%2F%2Fwww.chronobiology.com%2Fhealth-benefits-of-chronopharmacology%2Fcardiovascular-system%2F|||&#8220; text_color=&#8220;#085cbc&#8220; text_hovercolor=&#8220;#085cbc&#8220;][\/vc_column_inner][vc_column_inner width=&#8220;1\/4&#8243;][just_icon icon_type=&#8220;custom&#8220; icon_img=&#8220;id^11589|url^https:\/\/www.chronobiology.com\/wp-content\/uploads\/2014\/05\/muscul_ic.png|caption^null|alt^null|title^muscul_ic|description^null&#8220; img_width=&#8220;62&#8243; icon_link=&#8220;url:https%3A%2F%2Fwww.chronobiology.com%2Fhealth-benefits-of-chronopharmacology%2Fmusculoskeletal-system%2F|||&#8220;][vc_custom_heading text=&#8220;Svalov\u00fd a kostern\u00ed syst\u00e9m&#8220; font_container=&#8220;tag:h4|text_align:center&#8220; use_theme_fonts=&#8220;yes&#8220; link=&#8220;url:https%3A%2F%2Fwww.chronobiology.com%2Fhealth-benefits-of-chronopharmacology%2Fmusculoskeletal-system%2F|&#8220;][ult_createlink title=&#8220;P\u0159e\u010dt\u011bte si v\u00edce&#8220; btn_link=&#8220;url:https%3A%2F%2Fwww.chronobiology.com%2Fhealth-benefits-of-chronopharmacology%2Fmusculoskeletal-system%2F|||&#8220; text_color=&#8220;#085cbc&#8220; text_hovercolor=&#8220;#085cbc&#8220;][\/vc_column_inner][vc_column_inner width=&#8220;1\/4&#8243;][just_icon icon_type=&#8220;custom&#8220; icon_img=&#8220;id^11590|url^https:\/\/www.chronobiology.com\/wp-content\/uploads\/2014\/05\/cell_icon.png|caption^null|alt^null|title^cell_icon|description^null&#8220; img_width=&#8220;89&#8243; icon_link=&#8220;url:https%3A%2F%2Fwww.chronobiology.com%2Fhealth-benefits-of-chronopharmacology%2Fhealthy-cell-protection%2F|||&#8220;][vc_custom_heading text=&#8220;Ochrana zdrav\u00fdch bun\u011bk&#8220; font_container=&#8220;tag:h4|text_align:center&#8220; use_theme_fonts=&#8220;yes&#8220; link=&#8220;url:https%3A%2F%2Fwww.chronobiology.com%2Fhealth-benefits-of-chronopharmacology%2Fhealthy-cell-protection%2F|&#8220;][ult_createlink title=&#8220;P\u0159e\u010dt\u011bte si v\u00edce&#8220; btn_link=&#8220;url:https%3A%2F%2Fwww.chronobiology.com%2Fhealth-benefits-of-chronopharmacology%2Fhealthy-cell-protection%2F|||&#8220; text_color=&#8220;#085cbc&#8220; text_hovercolor=&#8220;#085cbc&#8220;][\/vc_column_inner][\/vc_row_inner][vc_row_inner el_class=&#8220;benefits_box&#8220;][vc_column_inner width=&#8220;1\/4&#8243;][just_icon icon_type=&#8220;custom&#8220; icon_img=&#8220;id^11595|url^https:\/\/www.chronobiology.com\/wp-content\/uploads\/2014\/05\/metabolism_ic.png|caption^null|alt^null|title^metabolism_ic|description^null&#8220; img_width=&#8220;90&#8243; icon_link=&#8220;url:https%3A%2F%2Fwww.chronobiology.com%2Fhealth-benefits-of-chronopharmacology%2Fmetabolism%2F|||&#8220;][vc_custom_heading text=&#8220;Metabolismus&#8220; font_container=&#8220;tag:h4|text_align:center&#8220; use_theme_fonts=&#8220;yes&#8220; link=&#8220;url:https%3A%2F%2Fwww.chronobiology.com%2Fhealth-benefits-of-chronopharmacology%2Fmetabolism%2F|&#8220;][ult_createlink title=&#8220;P\u0159e\u010dt\u011bte si v\u00edce&#8220; btn_link=&#8220;url:https%3A%2F%2Fwww.chronobiology.com%2Fhealth-benefits-of-chronopharmacology%2Fmetabolism%2F|||&#8220; text_color=&#8220;#085cbc&#8220; text_hovercolor=&#8220;#085cbc&#8220;][\/vc_column_inner][vc_column_inner width=&#8220;1\/4&#8243;][just_icon icon_type=&#8220;custom&#8220; icon_img=&#8220;id^11597|url^https:\/\/www.chronobiology.com\/wp-content\/uploads\/2014\/05\/men_ic.png|caption^null|alt^null|title^men_ic|description^null&#8220; img_width=&#8220;76&#8243; icon_link=&#8220;url:https%3A%2F%2Fwww.chronobiology.com%2Fhealth-benefits-of-chronopharmacology%2Fmens-health%2F|||&#8220;][vc_custom_heading text=&#8220;Zdrav\u00ed mu\u017e\u016f&#8220; font_container=&#8220;tag:h4|text_align:center&#8220; use_theme_fonts=&#8220;yes&#8220; link=&#8220;url:https%3A%2F%2Fwww.chronobiology.com%2Fhealth-benefits-of-chronopharmacology%2Fmens-health%2F|&#8220;][ult_createlink title=&#8220;P\u0159e\u010dt\u011bte si v\u00edce&#8220; btn_link=&#8220;url:https%3A%2F%2Fwww.chronobiology.com%2Fhealth-benefits-of-chronopharmacology%2Fmens-health%2F|||&#8220; text_color=&#8220;#085cbc&#8220; text_hovercolor=&#8220;#085cbc&#8220;][\/vc_column_inner][vc_column_inner width=&#8220;1\/4&#8243;][just_icon icon_type=&#8220;custom&#8220; icon_img=&#8220;id^11598|url^https:\/\/www.chronobiology.com\/wp-content\/uploads\/2014\/05\/woman_ic.png|caption^null|alt^null|title^woman_ic|description^null&#8220; img_width=&#8220;90&#8243; icon_link=&#8220;url:https%3A%2F%2Fwww.chronobiology.com%2Fhealth-benefits-of-chronopharmacology%2Fwomens-health%2F|||&#8220;][vc_custom_heading text=&#8220;Zdrav\u00ed \u017eeny&#8220; font_container=&#8220;tag:h4|text_align:center&#8220; use_theme_fonts=&#8220;yes&#8220; link=&#8220;url:https%3A%2F%2Fwww.chronobiology.com%2Fhealth-benefits-of-chronopharmacology%2Fwomens-health%2F|&#8220;][ult_createlink title=&#8220;P\u0159e\u010dt\u011bte si v\u00edce&#8220; btn_link=&#8220;url:https%3A%2F%2Fwww.chronobiology.com%2Fhealth-benefits-of-chronopharmacology%2Fwomens-health%2F|||&#8220; text_color=&#8220;#085cbc&#8220; text_hovercolor=&#8220;#085cbc&#8220;][\/vc_column_inner][vc_column_inner width=&#8220;1\/4&#8243;][just_icon icon_type=&#8220;custom&#8220; icon_img=&#8220;id^11596|url^https:\/\/www.chronobiology.com\/wp-content\/uploads\/2014\/05\/brain_ic.png|caption^null|alt^null|title^brain_ic|description^null&#8220; img_width=&#8220;76&#8243; icon_link=&#8220;url:https%3A%2F%2Fwww.chronobiology.com%2Fhealth-benefits-of-chronopharmacology%2Fmental-health%2F|||&#8220;][vc_custom_heading text=&#8220;Du\u0161evn\u00ed zdrav\u00ed&#8220; font_container=&#8220;tag:h4|text_align:center&#8220; use_theme_fonts=&#8220;yes&#8220; link=&#8220;url:https%3A%2F%2Fwww.chronobiology.com%2Fhealth-benefits-of-chronopharmacology%2Fmental-health%2F|&#8220;][ult_createlink title=&#8220;P\u0159e\u010dt\u011bte si v\u00edce&#8220; btn_link=&#8220;url:https%3A%2F%2Fwww.chronobiology.com%2Fhealth-benefits-of-chronopharmacology%2Fmental-health%2F|||&#8220; text_color=&#8220;#085cbc&#8220; text_hovercolor=&#8220;#085cbc&#8220;][\/vc_column_inner][\/vc_row_inner][\/vc_column][\/vc_row]<\/p>\n<\/div>","protected":false},"excerpt":{"rendered":"<p>[vc_row full_width=&#8220;stretch_row&#8220; css=&#8220;.vc_custom_1481873941643{background-image: url(https:\/\/www.chronobiology.com\/wp-content\/uploads\/2015\/01\/chronopharmakologie-2.jpg?id=9256) !important;background-position: center !important;background-repeat: no-repeat !important;background-size: cover !important;}&#8220; el_class=&#8220;banner-top&#8220;][vc_column][vc_custom_heading source=&#8220;post_title&#8220; font_container=&#8220;tag:h1|text_align:center&#8220; use_theme_fonts=&#8220;yes&#8220;][\/vc_column][\/vc_row][vc_row][vc_column][vc_column_text] Chronofarmakologie: Spr\u00e1vn\u00fd p\u0159\u00edpravek ve spr\u00e1vn\u00fd \u010das To, jak rychle nebo \u00fa\u010dinn\u011b se biologick\u00e1 l\u00e1tka po u\u017eit\u00ed vst\u0159eb\u00e1 a vyvol\u00e1 \u00fa\u010dinek, do zna\u010dn\u00e9 m\u00edry z\u00e1vis\u00ed na \u010dinnosti tr\u00e1vic\u00edho traktu. M\u00e1-li l\u00e1tka vyvolat \u00fa\u010dinek v c\u00edlov\u00e9m org\u00e1nu v ur\u010dit\u00e9m \u010dase, mus\u00ed se [&hellip;]<\/p>\n","protected":false},"author":11,"featured_media":47996,"parent":0,"menu_order":0,"comment_status":"open","ping_status":"closed","template":"","meta":{"_acf_changed":false,"_genesis_hide_title":false,"_genesis_hide_breadcrumbs":false,"_genesis_hide_singular_image":false,"_genesis_hide_footer_widgets":false,"_genesis_custom_body_class":"","_genesis_custom_post_class":"","_genesis_layout":"full-width-content","footnotes":""},"categories":[359,360,361,376,362,356,373,369,363,370,374,371,366,364,357,358,368,365,375],"class_list":{"0":"post-54476","1":"page","2":"type-page","3":"status-publish","4":"has-post-thumbnail","6":"category-celulitida","7":"category-chrono-dieta","8":"category-chrono-typ-cs","9":"category-dusevni-zdravi","10":"category-energie-cs","11":"category-kosti-a-klouby","12":"category-melatonin-cs","13":"category-metabolismus","14":"category-oci","15":"category-pokozka","16":"category-prace-a-smeny","17":"category-spanek","18":"category-strevni-flora","19":"category-vlasy-a-nehty","20":"category-vyzkum-lecby-rakoviny","21":"category-zdravi-bunek","22":"category-zdravi-muze","23":"category-zdravi-srdce","24":"category-zdravi-zeny","25":"entry"},"acf":[],"yoast_head":"<!-- This site is optimized with the Yoast SEO Premium plugin v23.4 (Yoast SEO v23.4) - https:\/\/yoast.com\/wordpress\/plugins\/seo\/ -->\n<title>Zdravotn\u00ed p\u0159\u00ednosy chronofarmakologie &#8211; Chronobiology.com<\/title>\n<meta name=\"robots\" content=\"index, follow, max-snippet:-1, max-image-preview:large, max-video-preview:-1\" \/>\n<link rel=\"canonical\" href=\"https:\/\/dev.chronobiology.com\/cs\/zdravotni-prinosy-chronofarmakologie\/\" \/>\n<meta property=\"og:locale\" content=\"cs_CZ\" \/>\n<meta property=\"og:type\" content=\"article\" \/>\n<meta property=\"og:title\" content=\"Zdravotn\u00ed p\u0159\u00ednosy chronofarmakologie\" \/>\n<meta property=\"og:description\" content=\"[vc_row full_width=&#8220;stretch_row&#8220; css=&#8220;.vc_custom_1481873941643{background-image: url(https:\/\/www.chronobiology.com\/wp-content\/uploads\/2015\/01\/chronopharmakologie-2.jpg?id=9256) !important;background-position: center !important;background-repeat: no-repeat !important;background-size: cover !important;}&#8220; el_class=&#8220;banner-top&#8220;][vc_column][vc_custom_heading source=&#8220;post_title&#8220; font_container=&#8220;tag:h1|text_align:center&#8220; use_theme_fonts=&#8220;yes&#8220;][\/vc_column][\/vc_row][vc_row][vc_column][vc_column_text] Chronofarmakologie: Spr\u00e1vn\u00fd p\u0159\u00edpravek ve spr\u00e1vn\u00fd \u010das To, jak rychle nebo \u00fa\u010dinn\u011b se biologick\u00e1 l\u00e1tka po u\u017eit\u00ed vst\u0159eb\u00e1 a vyvol\u00e1 \u00fa\u010dinek, do zna\u010dn\u00e9 m\u00edry z\u00e1vis\u00ed na \u010dinnosti tr\u00e1vic\u00edho traktu. M\u00e1-li l\u00e1tka vyvolat \u00fa\u010dinek v c\u00edlov\u00e9m org\u00e1nu v ur\u010dit\u00e9m \u010dase, mus\u00ed se [&hellip;]\" \/>\n<meta property=\"og:url\" content=\"https:\/\/dev.chronobiology.com\/cs\/zdravotni-prinosy-chronofarmakologie\/\" \/>\n<meta property=\"og:site_name\" content=\"Chronobiology.com\" \/>\n<meta property=\"article:publisher\" content=\"https:\/\/www.facebook.com\/chronobiology\" \/>\n<meta property=\"article:modified_time\" content=\"2023-07-27T13:02:00+00:00\" \/>\n<meta property=\"og:image\" content=\"https:\/\/dev.chronobiology.com\/wp-content\/uploads\/2015\/01\/chronopharmakologie-2.jpg\" \/>\n\t<meta property=\"og:image:width\" content=\"1800\" \/>\n\t<meta property=\"og:image:height\" content=\"449\" \/>\n\t<meta property=\"og:image:type\" content=\"image\/jpeg\" \/>\n<meta name=\"twitter:card\" content=\"summary_large_image\" \/>\n<meta name=\"twitter:site\" content=\"@chronobionews\" \/>\n<meta name=\"twitter:label1\" content=\"Odhadovan\u00e1 doba \u010dten\u00ed\" \/>\n\t<meta name=\"twitter:data1\" content=\"6 minut\" \/>\n<script type=\"application\/ld+json\" class=\"yoast-schema-graph\">{\"@context\":\"https:\/\/schema.org\",\"@graph\":[{\"@type\":\"WebPage\",\"@id\":\"https:\/\/dev.chronobiology.com\/cs\/zdravotni-prinosy-chronofarmakologie\/\",\"url\":\"https:\/\/dev.chronobiology.com\/cs\/zdravotni-prinosy-chronofarmakologie\/\",\"name\":\"Zdravotn\u00ed p\u0159\u00ednosy chronofarmakologie &#8211; Chronobiology.com\",\"isPartOf\":{\"@id\":\"https:\/\/dev.chronobiology.com\/cs\/#website\"},\"primaryImageOfPage\":{\"@id\":\"https:\/\/dev.chronobiology.com\/cs\/zdravotni-prinosy-chronofarmakologie\/#primaryimage\"},\"image\":{\"@id\":\"https:\/\/dev.chronobiology.com\/cs\/zdravotni-prinosy-chronofarmakologie\/#primaryimage\"},\"thumbnailUrl\":\"https:\/\/dev.chronobiology.com\/wp-content\/uploads\/2015\/01\/chronopharmakologie-2.jpg\",\"datePublished\":\"2023-07-27T13:01:56+00:00\",\"dateModified\":\"2023-07-27T13:02:00+00:00\",\"breadcrumb\":{\"@id\":\"https:\/\/dev.chronobiology.com\/cs\/zdravotni-prinosy-chronofarmakologie\/#breadcrumb\"},\"inLanguage\":\"cs\",\"potentialAction\":[{\"@type\":\"ReadAction\",\"target\":[\"https:\/\/dev.chronobiology.com\/cs\/zdravotni-prinosy-chronofarmakologie\/\"]}]},{\"@type\":\"ImageObject\",\"inLanguage\":\"cs\",\"@id\":\"https:\/\/dev.chronobiology.com\/cs\/zdravotni-prinosy-chronofarmakologie\/#primaryimage\",\"url\":\"https:\/\/dev.chronobiology.com\/wp-content\/uploads\/2015\/01\/chronopharmakologie-2.jpg\",\"contentUrl\":\"https:\/\/dev.chronobiology.com\/wp-content\/uploads\/2015\/01\/chronopharmakologie-2.jpg\",\"width\":1800,\"height\":449},{\"@type\":\"BreadcrumbList\",\"@id\":\"https:\/\/dev.chronobiology.com\/cs\/zdravotni-prinosy-chronofarmakologie\/#breadcrumb\",\"itemListElement\":[{\"@type\":\"ListItem\",\"position\":1,\"name\":\"Home\",\"item\":\"https:\/\/dev.chronobiology.com\/cs\/\"},{\"@type\":\"ListItem\",\"position\":2,\"name\":\"Zdravotn\u00ed p\u0159\u00ednosy chronofarmakologie\"}]},{\"@type\":\"WebSite\",\"@id\":\"https:\/\/dev.chronobiology.com\/cs\/#website\",\"url\":\"https:\/\/dev.chronobiology.com\/cs\/\",\"name\":\"Chronobiology.com\",\"description\":\"\",\"publisher\":{\"@id\":\"https:\/\/dev.chronobiology.com\/cs\/#organization\"},\"potentialAction\":[{\"@type\":\"SearchAction\",\"target\":{\"@type\":\"EntryPoint\",\"urlTemplate\":\"https:\/\/dev.chronobiology.com\/cs\/?s={search_term_string}\"},\"query-input\":{\"@type\":\"PropertyValueSpecification\",\"valueRequired\":true,\"valueName\":\"search_term_string\"}}],\"inLanguage\":\"cs\"},{\"@type\":\"Organization\",\"@id\":\"https:\/\/dev.chronobiology.com\/cs\/#organization\",\"name\":\"Chronobiology\",\"url\":\"https:\/\/dev.chronobiology.com\/cs\/\",\"logo\":{\"@type\":\"ImageObject\",\"inLanguage\":\"cs\",\"@id\":\"https:\/\/dev.chronobiology.com\/cs\/#\/schema\/logo\/image\/\",\"url\":\"https:\/\/www.chronobiology.com\/wp-content\/uploads\/2019\/01\/chronobiology_logo_en_r.png\",\"contentUrl\":\"https:\/\/www.chronobiology.com\/wp-content\/uploads\/2019\/01\/chronobiology_logo_en_r.png\",\"width\":375,\"height\":90,\"caption\":\"Chronobiology\"},\"image\":{\"@id\":\"https:\/\/dev.chronobiology.com\/cs\/#\/schema\/logo\/image\/\"},\"sameAs\":[\"https:\/\/www.facebook.com\/chronobiology\",\"https:\/\/x.com\/chronobionews\",\"https:\/\/www.instagram.com\/chronobiology\/\",\"https:\/\/www.pinterest.com\/chronobiology\/\"]}]}<\/script>\n<!-- \/ Yoast SEO Premium plugin. -->","yoast_head_json":{"title":"Zdravotn\u00ed p\u0159\u00ednosy chronofarmakologie &#8211; Chronobiology.com","robots":{"index":"index","follow":"follow","max-snippet":"max-snippet:-1","max-image-preview":"max-image-preview:large","max-video-preview":"max-video-preview:-1"},"canonical":"https:\/\/dev.chronobiology.com\/cs\/zdravotni-prinosy-chronofarmakologie\/","og_locale":"cs_CZ","og_type":"article","og_title":"Zdravotn\u00ed p\u0159\u00ednosy chronofarmakologie","og_description":"[vc_row full_width=&#8220;stretch_row&#8220; css=&#8220;.vc_custom_1481873941643{background-image: url(https:\/\/www.chronobiology.com\/wp-content\/uploads\/2015\/01\/chronopharmakologie-2.jpg?id=9256) !important;background-position: center !important;background-repeat: no-repeat !important;background-size: cover !important;}&#8220; el_class=&#8220;banner-top&#8220;][vc_column][vc_custom_heading source=&#8220;post_title&#8220; font_container=&#8220;tag:h1|text_align:center&#8220; use_theme_fonts=&#8220;yes&#8220;][\/vc_column][\/vc_row][vc_row][vc_column][vc_column_text] Chronofarmakologie: Spr\u00e1vn\u00fd p\u0159\u00edpravek ve spr\u00e1vn\u00fd \u010das To, jak rychle nebo \u00fa\u010dinn\u011b se biologick\u00e1 l\u00e1tka po u\u017eit\u00ed vst\u0159eb\u00e1 a vyvol\u00e1 \u00fa\u010dinek, do zna\u010dn\u00e9 m\u00edry z\u00e1vis\u00ed na \u010dinnosti tr\u00e1vic\u00edho traktu. M\u00e1-li l\u00e1tka vyvolat \u00fa\u010dinek v c\u00edlov\u00e9m org\u00e1nu v ur\u010dit\u00e9m \u010dase, mus\u00ed se [&hellip;]","og_url":"https:\/\/dev.chronobiology.com\/cs\/zdravotni-prinosy-chronofarmakologie\/","og_site_name":"Chronobiology.com","article_publisher":"https:\/\/www.facebook.com\/chronobiology","article_modified_time":"2023-07-27T13:02:00+00:00","og_image":[{"width":1800,"height":449,"url":"https:\/\/dev.chronobiology.com\/wp-content\/uploads\/2015\/01\/chronopharmakologie-2.jpg","type":"image\/jpeg"}],"twitter_card":"summary_large_image","twitter_site":"@chronobionews","twitter_misc":{"Odhadovan\u00e1 doba \u010dten\u00ed":"6 minut"},"schema":{"@context":"https:\/\/schema.org","@graph":[{"@type":"WebPage","@id":"https:\/\/dev.chronobiology.com\/cs\/zdravotni-prinosy-chronofarmakologie\/","url":"https:\/\/dev.chronobiology.com\/cs\/zdravotni-prinosy-chronofarmakologie\/","name":"Zdravotn\u00ed p\u0159\u00ednosy chronofarmakologie &#8211; Chronobiology.com","isPartOf":{"@id":"https:\/\/dev.chronobiology.com\/cs\/#website"},"primaryImageOfPage":{"@id":"https:\/\/dev.chronobiology.com\/cs\/zdravotni-prinosy-chronofarmakologie\/#primaryimage"},"image":{"@id":"https:\/\/dev.chronobiology.com\/cs\/zdravotni-prinosy-chronofarmakologie\/#primaryimage"},"thumbnailUrl":"https:\/\/dev.chronobiology.com\/wp-content\/uploads\/2015\/01\/chronopharmakologie-2.jpg","datePublished":"2023-07-27T13:01:56+00:00","dateModified":"2023-07-27T13:02:00+00:00","breadcrumb":{"@id":"https:\/\/dev.chronobiology.com\/cs\/zdravotni-prinosy-chronofarmakologie\/#breadcrumb"},"inLanguage":"cs","potentialAction":[{"@type":"ReadAction","target":["https:\/\/dev.chronobiology.com\/cs\/zdravotni-prinosy-chronofarmakologie\/"]}]},{"@type":"ImageObject","inLanguage":"cs","@id":"https:\/\/dev.chronobiology.com\/cs\/zdravotni-prinosy-chronofarmakologie\/#primaryimage","url":"https:\/\/dev.chronobiology.com\/wp-content\/uploads\/2015\/01\/chronopharmakologie-2.jpg","contentUrl":"https:\/\/dev.chronobiology.com\/wp-content\/uploads\/2015\/01\/chronopharmakologie-2.jpg","width":1800,"height":449},{"@type":"BreadcrumbList","@id":"https:\/\/dev.chronobiology.com\/cs\/zdravotni-prinosy-chronofarmakologie\/#breadcrumb","itemListElement":[{"@type":"ListItem","position":1,"name":"Home","item":"https:\/\/dev.chronobiology.com\/cs\/"},{"@type":"ListItem","position":2,"name":"Zdravotn\u00ed p\u0159\u00ednosy chronofarmakologie"}]},{"@type":"WebSite","@id":"https:\/\/dev.chronobiology.com\/cs\/#website","url":"https:\/\/dev.chronobiology.com\/cs\/","name":"Chronobiology.com","description":"","publisher":{"@id":"https:\/\/dev.chronobiology.com\/cs\/#organization"},"potentialAction":[{"@type":"SearchAction","target":{"@type":"EntryPoint","urlTemplate":"https:\/\/dev.chronobiology.com\/cs\/?s={search_term_string}"},"query-input":{"@type":"PropertyValueSpecification","valueRequired":true,"valueName":"search_term_string"}}],"inLanguage":"cs"},{"@type":"Organization","@id":"https:\/\/dev.chronobiology.com\/cs\/#organization","name":"Chronobiology","url":"https:\/\/dev.chronobiology.com\/cs\/","logo":{"@type":"ImageObject","inLanguage":"cs","@id":"https:\/\/dev.chronobiology.com\/cs\/#\/schema\/logo\/image\/","url":"https:\/\/www.chronobiology.com\/wp-content\/uploads\/2019\/01\/chronobiology_logo_en_r.png","contentUrl":"https:\/\/www.chronobiology.com\/wp-content\/uploads\/2019\/01\/chronobiology_logo_en_r.png","width":375,"height":90,"caption":"Chronobiology"},"image":{"@id":"https:\/\/dev.chronobiology.com\/cs\/#\/schema\/logo\/image\/"},"sameAs":["https:\/\/www.facebook.com\/chronobiology","https:\/\/x.com\/chronobionews","https:\/\/www.instagram.com\/chronobiology\/","https:\/\/www.pinterest.com\/chronobiology\/"]}]}},"_links":{"self":[{"href":"https:\/\/dev.chronobiology.com\/cs\/wp-json\/wp\/v2\/pages\/54476"}],"collection":[{"href":"https:\/\/dev.chronobiology.com\/cs\/wp-json\/wp\/v2\/pages"}],"about":[{"href":"https:\/\/dev.chronobiology.com\/cs\/wp-json\/wp\/v2\/types\/page"}],"author":[{"embeddable":true,"href":"https:\/\/dev.chronobiology.com\/cs\/wp-json\/wp\/v2\/users\/11"}],"replies":[{"embeddable":true,"href":"https:\/\/dev.chronobiology.com\/cs\/wp-json\/wp\/v2\/comments?post=54476"}],"version-history":[{"count":2,"href":"https:\/\/dev.chronobiology.com\/cs\/wp-json\/wp\/v2\/pages\/54476\/revisions"}],"predecessor-version":[{"id":54478,"href":"https:\/\/dev.chronobiology.com\/cs\/wp-json\/wp\/v2\/pages\/54476\/revisions\/54478"}],"wp:featuredmedia":[{"embeddable":true,"href":"https:\/\/dev.chronobiology.com\/cs\/wp-json\/wp\/v2\/media\/47996"}],"wp:attachment":[{"href":"https:\/\/dev.chronobiology.com\/cs\/wp-json\/wp\/v2\/media?parent=54476"}],"wp:term":[{"taxonomy":"category","embeddable":true,"href":"https:\/\/dev.chronobiology.com\/cs\/wp-json\/wp\/v2\/categories?post=54476"}],"curies":[{"name":"wp","href":"https:\/\/api.w.org\/{rel}","templated":true}]}}