{"id":54468,"date":"2023-07-27T03:25:31","date_gmt":"2023-07-27T10:25:31","guid":{"rendered":"https:\/\/www.chronobiology.com\/chronologicka-vyziva\/startovaci-vyzivovy-plan\/"},"modified":"2023-07-27T03:25:32","modified_gmt":"2023-07-27T10:25:32","slug":"startovaci-vyzivovy-plan","status":"publish","type":"page","link":"https:\/\/dev.chronobiology.com\/cs\/chronologicka-vyziva\/startovaci-vyzivovy-plan\/","title":{"rendered":"Startovac\u00ed v\u00fd\u017eivov\u00fd pl\u00e1n"},"content":{"rendered":"<div class=\"wpb-content-wrapper\"><p>[vc_row full_width=&#8220;stretch_row&#8220; el_class=&#8220;banner-top&#8220; css=&#8220;.vc_custom_1567495162041{background-image: url(https:\/\/www.chronobiology.com\/wp-content\/uploads\/2019\/09\/starter-nutrition-plan.jpg?id=30343) !important;}&#8220;][vc_column][vc_custom_heading source=&#8220;post_title&#8220; font_container=&#8220;tag:h1|text_align:center&#8220; use_theme_fonts=&#8220;yes&#8220;][\/vc_column][\/vc_row][vc_row][vc_column][vc_column_text]Chronodieta nab\u00edz\u00ed pestr\u00e1 a chutn\u00e1 j\u00eddla, p\u0159i kter\u00fdch si m\u016f\u017eete vychutnat j\u00eddlo a\u017e do sytosti, ani\u017e byste se museli tr\u00e1pit dietn\u00edm re\u017eimem. Tip: pokud dostanete mezi j\u00eddly p\u0159\u00edli\u0161 velk\u00fd hlad, nesahejte po sva\u010din\u011b, sta\u010d\u00ed vyp\u00edt sklenici vody nebo \u0161\u00e1lek \u010daje (bez cukru). Pom\u016f\u017ee to &#8211; slibujeme.[\/vc_column_text][\/vc_column][\/vc_row][vc_row][vc_column][vc_tta_accordion color=&#8220;turquoise&#8220; c_icon=&#8220;chevron&#8220; c_position=&#8220;right&#8220; active_section=&#8220;99&#8243; no_fill=&#8220;true&#8220; collapsible_all=&#8220;true&#8220;][vc_tta_section title=&#8220;Sn\u00eddan\u011b&#8220; tab_id=&#8220;1479159301199-fd863768-f6af3cb0-08a4&#8243;][vc_row_inner css=&#8220;.vc_custom_1479250961333{background-image: url(https:\/\/www.chronobiology.com\/wp-content\/uploads\/2013\/04\/about_1.jpg?id=11471) !important;}&#8220;][vc_column_inner][vc_column_text]Granola jak\u00e9hokoli druhu (bez ml\u00e9ka nebo jogurtu) je ide\u00e1ln\u00ed zp\u016fsob, jak za\u010d\u00edt den a vyhnout se b\u00edlkovin\u00e1m. S\u00f3jov\u00fd jogurt nebo r\u00fd\u017eov\u00e9 ml\u00e9ko jsou v\u0161ak v po\u0159\u00e1dku. Dal\u0161\u00ed mo\u017enost\u00ed je 50 ml smetany z\u0159ed\u011bn\u00e9 150 ml vody. Ovoce m\u016f\u017eete p\u0159idat, pokud ho zkombinujete s mal\u00fdm mno\u017estv\u00edm zdrav\u00e9ho oleje. Sladk\u00e9 pe\u010divo, croissanty, pala\u010dinky, ha\u0161lerky a cere\u00e1lie bez cukru jsou tak\u00e9 vhodn\u00fdmi potravinami na r\u00e1no.<\/p>\n<p>Pokud d\u00e1v\u00e1te p\u0159ednost n\u011b\u010demu slan\u00e9mu, s\u00e1hn\u011bte po vegetari\u00e1nsk\u00fdch pomaz\u00e1nk\u00e1ch (nap\u0159. z avok\u00e1da nebo sladk\u00fdch brambor) a \u010derstv\u00e9 zelenin\u011b, jako jsou raj\u010data. Ned\u00e1vn\u00e9 studie nav\u00edc prok\u00e1zaly, \u017ee sn\u00eddan\u011b je nejd\u016fle\u017eit\u011bj\u0161\u00edm j\u00eddlem dne &#8211; nejen pro tvorbu energie, ale i pro nastaven\u00ed va\u0161eho rytmu. Ne nadarmo se j\u00ed \u0159\u00edk\u00e1 &#8222;sn\u00eddan\u011b&#8220;, proto\u017ee je to j\u00eddlo, kter\u00e9 p\u0159eru\u0161\u00ed v\u00e1\u0161 no\u010dn\u00ed p\u016fst.<\/p>\n<p><em>N\u00e1vrhy:<\/em><\/p>\n<ul>\n<li>\u010cokol\u00e1dov\u00e1 granola s ban\u00e1nem<\/li>\n<li>Croissant nebo brio\u0161ka s d\u017eemem<\/li>\n<li>Smoothies<\/li>\n<li>Toasty s raj\u010daty nebo zeleninovou pomaz\u00e1nkou<\/li>\n<\/ul>\n<p>[\/vc_column_text][\/vc_column_inner][\/vc_row_inner][\/vc_tta_section][\/vc_tta_accordion][vc_tta_accordion color=&#8220;turquoise&#8220; c_icon=&#8220;chevron&#8220; c_position=&#8220;right&#8220; active_section=&#8220;99&#8243; no_fill=&#8220;true&#8220; collapsible_all=&#8220;true&#8220;][vc_tta_section title=&#8220;Ob\u011bd&#8220; tab_id=&#8220;1479160006396-6adcefe5-9e7b3cb0-08a4&#8243;][vc_row_inner css=&#8220;.vc_custom_1479256809461{background-image: url(https:\/\/www.chronobiology.com\/wp-content\/uploads\/2013\/04\/about_2.jpg?id=11494) !important;}&#8220;][vc_column_inner][vc_column_text]K ob\u011bdu m\u016f\u017eete j\u00edst cokoli v rozumn\u00e9m mno\u017estv\u00ed: pol\u00e9vku, maso, du\u0161en\u00e9 maso, t\u011bstoviny jak\u00e9hokoli druhu, dokonce i rizota nebo bramborov\u00e1 j\u00eddla. To v\u00e1m dod\u00e1 energii na druhou polovinu dne.<\/p>\n<p><em>Doporu\u010den\u00ed:<\/em><\/p>\n<ul>\n<li>Mrkvov\u00e1 a d\u00fd\u0148ov\u00e1 pol\u00e9vka<\/li>\n<li>Sal\u00e1t s prou\u017eky kr\u016ft\u00edch prsou<\/li>\n<li>Zeln\u00e1 pol\u00e9vka se slaninou<\/li>\n<li>Houbov\u00e9 rizoto<\/li>\n<li>\u0160pagety alla carbonara<\/li>\n<li>Zape\u010den\u00e9 brambory s n\u00e1pln\u00ed<\/li>\n<\/ul>\n<p>[\/vc_column_text][\/vc_column_inner][\/vc_row_inner][\/vc_tta_section][\/vc_tta_accordion][vc_tta_accordion color=&#8220;turquoise&#8220; c_icon=&#8220;chevron&#8220; c_position=&#8220;right&#8220; active_section=&#8220;99&#8243; no_fill=&#8220;true&#8220; collapsible_all=&#8220;true&#8220;][vc_tta_section title=&#8220;Ve\u010de\u0159e&#8220; tab_id=&#8220;1479160183267-5834ce69-6e6c3cb0-08a4&#8243;][vc_row_inner css=&#8220;.vc_custom_1479256903547{background-image: url(https:\/\/www.chronobiology.com\/wp-content\/uploads\/2013\/04\/about_3.jpg?id=11501) !important;}&#8220;][vc_column_inner][vc_column_text]Ve\u010der se vyhn\u011bte jak\u00fdmkoli sacharid\u016fm (nap\u0159. brambor\u00e1m, t\u011bstovin\u00e1m nebo chlebu). M\u00edsto toho si dejte maso, ryby, vejce, ml\u00e9\u010dn\u00e9 v\u00fdrobky, zeleninu nebo lehk\u00e9 pol\u00e9vky.<\/p>\n<p><em>Doporu\u010den\u00ed:<\/em><\/p>\n<ul>\n<li>Brokolicov\u00e1 pol\u00e9vka<\/li>\n<li>\u010co\u010dkov\u00e1 pol\u00e9vkaCuketov\u00e1 tortilla<\/li>\n<li>Zeleninov\u00e9 \u0161pagety<\/li>\n<li>Sma\u017een\u00e1 nebo du\u0161en\u00e1 ryba se zeleninou<\/li>\n<li>Vep\u0159ov\u00e9 medailonky<\/li>\n<\/ul>\n<p>Nezapome\u0148te dodr\u017eovat <strong>\u010dasov\u00fd rozvrh<\/strong>: sn\u00eddan\u011b &#8211; \u010dty\u0159i nebo p\u011bt hodin p\u016fstu &#8211; ob\u011bd &#8211; \u010dty\u0159i nebo p\u011bt hodin p\u016fstu &#8211; ve\u010de\u0159e &#8211; 12-16 hodin p\u016fstu.[\/vc_column_text][\/vc_column_inner][\/vc_row_inner][\/vc_tta_section][\/vc_tta_accordion][\/vc_column][\/vc_row]<\/p>\n<\/div>","protected":false},"excerpt":{"rendered":"<p>[vc_row full_width=&#8220;stretch_row&#8220; el_class=&#8220;banner-top&#8220; css=&#8220;.vc_custom_1567495162041{background-image: url(https:\/\/www.chronobiology.com\/wp-content\/uploads\/2019\/09\/starter-nutrition-plan.jpg?id=30343) !important;}&#8220;][vc_column][vc_custom_heading source=&#8220;post_title&#8220; font_container=&#8220;tag:h1|text_align:center&#8220; use_theme_fonts=&#8220;yes&#8220;][\/vc_column][\/vc_row][vc_row][vc_column][vc_column_text]Chronodieta nab\u00edz\u00ed pestr\u00e1 a chutn\u00e1 j\u00eddla, p\u0159i kter\u00fdch si m\u016f\u017eete vychutnat j\u00eddlo a\u017e do sytosti, ani\u017e byste se museli tr\u00e1pit dietn\u00edm re\u017eimem. Tip: pokud dostanete mezi j\u00eddly p\u0159\u00edli\u0161 velk\u00fd hlad, nesahejte po sva\u010din\u011b, sta\u010d\u00ed vyp\u00edt sklenici vody nebo \u0161\u00e1lek \u010daje (bez cukru). Pom\u016f\u017ee to &#8211; slibujeme.[\/vc_column_text][\/vc_column][\/vc_row][vc_row][vc_column][vc_tta_accordion color=&#8220;turquoise&#8220; [&hellip;]<\/p>\n","protected":false},"author":15,"featured_media":0,"parent":54450,"menu_order":0,"comment_status":"closed","ping_status":"closed","template":"","meta":{"_acf_changed":false,"_genesis_hide_title":false,"_genesis_hide_breadcrumbs":false,"_genesis_hide_singular_image":false,"_genesis_hide_footer_widgets":false,"_genesis_custom_body_class":"","_genesis_custom_post_class":"","_genesis_layout":"","footnotes":""},"categories":[],"class_list":{"0":"post-54468","1":"page","2":"type-page","3":"status-publish","5":"entry","6":"has-post-thumbnail"},"acf":[],"yoast_head":"<!-- This site is optimized with the Yoast SEO Premium plugin v23.4 (Yoast SEO v23.4) - https:\/\/yoast.com\/wordpress\/plugins\/seo\/ -->\n<title>Startovac\u00ed v\u00fd\u017eivov\u00fd pl\u00e1n &#8211; Chronobiology.com<\/title>\n<meta name=\"robots\" content=\"index, follow, max-snippet:-1, max-image-preview:large, max-video-preview:-1\" \/>\n<link rel=\"canonical\" href=\"https:\/\/dev.chronobiology.com\/cs\/chronologicka-vyziva\/startovaci-vyzivovy-plan\/\" \/>\n<meta property=\"og:locale\" content=\"cs_CZ\" \/>\n<meta property=\"og:type\" content=\"article\" \/>\n<meta property=\"og:title\" content=\"Startovac\u00ed v\u00fd\u017eivov\u00fd pl\u00e1n\" \/>\n<meta property=\"og:description\" content=\"[vc_row full_width=&#8220;stretch_row&#8220; el_class=&#8220;banner-top&#8220; css=&#8220;.vc_custom_1567495162041{background-image: url(https:\/\/www.chronobiology.com\/wp-content\/uploads\/2019\/09\/starter-nutrition-plan.jpg?id=30343) !important;}&#8220;][vc_column][vc_custom_heading source=&#8220;post_title&#8220; font_container=&#8220;tag:h1|text_align:center&#8220; use_theme_fonts=&#8220;yes&#8220;][\/vc_column][\/vc_row][vc_row][vc_column][vc_column_text]Chronodieta nab\u00edz\u00ed pestr\u00e1 a chutn\u00e1 j\u00eddla, p\u0159i kter\u00fdch si m\u016f\u017eete vychutnat j\u00eddlo a\u017e do sytosti, ani\u017e byste se museli tr\u00e1pit dietn\u00edm re\u017eimem. Tip: pokud dostanete mezi j\u00eddly p\u0159\u00edli\u0161 velk\u00fd hlad, nesahejte po sva\u010din\u011b, sta\u010d\u00ed vyp\u00edt sklenici vody nebo \u0161\u00e1lek \u010daje (bez cukru). Pom\u016f\u017ee to &#8211; slibujeme.[\/vc_column_text][\/vc_column][\/vc_row][vc_row][vc_column][vc_tta_accordion color=&#8220;turquoise&#8220; [&hellip;]\" \/>\n<meta property=\"og:url\" content=\"https:\/\/dev.chronobiology.com\/cs\/chronologicka-vyziva\/startovaci-vyzivovy-plan\/\" \/>\n<meta property=\"og:site_name\" content=\"Chronobiology.com\" \/>\n<meta property=\"article:publisher\" content=\"https:\/\/www.facebook.com\/chronobiology\" \/>\n<meta property=\"article:modified_time\" content=\"2023-07-27T10:25:32+00:00\" \/>\n<meta name=\"twitter:card\" content=\"summary_large_image\" \/>\n<meta name=\"twitter:site\" content=\"@chronobionews\" \/>\n<meta name=\"twitter:label1\" content=\"Odhadovan\u00e1 doba \u010dten\u00ed\" \/>\n\t<meta name=\"twitter:data1\" content=\"4 minuty\" \/>\n<script type=\"application\/ld+json\" class=\"yoast-schema-graph\">{\"@context\":\"https:\/\/schema.org\",\"@graph\":[{\"@type\":\"WebPage\",\"@id\":\"https:\/\/dev.chronobiology.com\/cs\/chronologicka-vyziva\/startovaci-vyzivovy-plan\/\",\"url\":\"https:\/\/dev.chronobiology.com\/cs\/chronologicka-vyziva\/startovaci-vyzivovy-plan\/\",\"name\":\"Startovac\u00ed v\u00fd\u017eivov\u00fd pl\u00e1n &#8211; Chronobiology.com\",\"isPartOf\":{\"@id\":\"https:\/\/dev.chronobiology.com\/cs\/#website\"},\"datePublished\":\"2023-07-27T10:25:31+00:00\",\"dateModified\":\"2023-07-27T10:25:32+00:00\",\"breadcrumb\":{\"@id\":\"https:\/\/dev.chronobiology.com\/cs\/chronologicka-vyziva\/startovaci-vyzivovy-plan\/#breadcrumb\"},\"inLanguage\":\"cs\",\"potentialAction\":[{\"@type\":\"ReadAction\",\"target\":[\"https:\/\/dev.chronobiology.com\/cs\/chronologicka-vyziva\/startovaci-vyzivovy-plan\/\"]}]},{\"@type\":\"BreadcrumbList\",\"@id\":\"https:\/\/dev.chronobiology.com\/cs\/chronologicka-vyziva\/startovaci-vyzivovy-plan\/#breadcrumb\",\"itemListElement\":[{\"@type\":\"ListItem\",\"position\":1,\"name\":\"Home\",\"item\":\"https:\/\/dev.chronobiology.com\/cs\/\"},{\"@type\":\"ListItem\",\"position\":2,\"name\":\"Chronologick\u00e1 v\u00fd\u017eiva\u2122\",\"item\":\"https:\/\/dev.chronobiology.com\/cs\/chronologicka-vyziva\/\"},{\"@type\":\"ListItem\",\"position\":3,\"name\":\"Startovac\u00ed v\u00fd\u017eivov\u00fd pl\u00e1n\"}]},{\"@type\":\"WebSite\",\"@id\":\"https:\/\/dev.chronobiology.com\/cs\/#website\",\"url\":\"https:\/\/dev.chronobiology.com\/cs\/\",\"name\":\"Chronobiology.com\",\"description\":\"\",\"publisher\":{\"@id\":\"https:\/\/dev.chronobiology.com\/cs\/#organization\"},\"potentialAction\":[{\"@type\":\"SearchAction\",\"target\":{\"@type\":\"EntryPoint\",\"urlTemplate\":\"https:\/\/dev.chronobiology.com\/cs\/?s={search_term_string}\"},\"query-input\":{\"@type\":\"PropertyValueSpecification\",\"valueRequired\":true,\"valueName\":\"search_term_string\"}}],\"inLanguage\":\"cs\"},{\"@type\":\"Organization\",\"@id\":\"https:\/\/dev.chronobiology.com\/cs\/#organization\",\"name\":\"Chronobiology\",\"url\":\"https:\/\/dev.chronobiology.com\/cs\/\",\"logo\":{\"@type\":\"ImageObject\",\"inLanguage\":\"cs\",\"@id\":\"https:\/\/dev.chronobiology.com\/cs\/#\/schema\/logo\/image\/\",\"url\":\"https:\/\/www.chronobiology.com\/wp-content\/uploads\/2019\/01\/chronobiology_logo_en_r.png\",\"contentUrl\":\"https:\/\/www.chronobiology.com\/wp-content\/uploads\/2019\/01\/chronobiology_logo_en_r.png\",\"width\":375,\"height\":90,\"caption\":\"Chronobiology\"},\"image\":{\"@id\":\"https:\/\/dev.chronobiology.com\/cs\/#\/schema\/logo\/image\/\"},\"sameAs\":[\"https:\/\/www.facebook.com\/chronobiology\",\"https:\/\/x.com\/chronobionews\",\"https:\/\/www.instagram.com\/chronobiology\/\",\"https:\/\/www.pinterest.com\/chronobiology\/\"]}]}<\/script>\n<!-- \/ Yoast SEO Premium plugin. -->","yoast_head_json":{"title":"Startovac\u00ed v\u00fd\u017eivov\u00fd pl\u00e1n &#8211; Chronobiology.com","robots":{"index":"index","follow":"follow","max-snippet":"max-snippet:-1","max-image-preview":"max-image-preview:large","max-video-preview":"max-video-preview:-1"},"canonical":"https:\/\/dev.chronobiology.com\/cs\/chronologicka-vyziva\/startovaci-vyzivovy-plan\/","og_locale":"cs_CZ","og_type":"article","og_title":"Startovac\u00ed v\u00fd\u017eivov\u00fd pl\u00e1n","og_description":"[vc_row full_width=&#8220;stretch_row&#8220; el_class=&#8220;banner-top&#8220; css=&#8220;.vc_custom_1567495162041{background-image: url(https:\/\/www.chronobiology.com\/wp-content\/uploads\/2019\/09\/starter-nutrition-plan.jpg?id=30343) !important;}&#8220;][vc_column][vc_custom_heading source=&#8220;post_title&#8220; font_container=&#8220;tag:h1|text_align:center&#8220; use_theme_fonts=&#8220;yes&#8220;][\/vc_column][\/vc_row][vc_row][vc_column][vc_column_text]Chronodieta nab\u00edz\u00ed pestr\u00e1 a chutn\u00e1 j\u00eddla, p\u0159i kter\u00fdch si m\u016f\u017eete vychutnat j\u00eddlo a\u017e do sytosti, ani\u017e byste se museli tr\u00e1pit dietn\u00edm re\u017eimem. Tip: pokud dostanete mezi j\u00eddly p\u0159\u00edli\u0161 velk\u00fd hlad, nesahejte po sva\u010din\u011b, sta\u010d\u00ed vyp\u00edt sklenici vody nebo \u0161\u00e1lek \u010daje (bez cukru). Pom\u016f\u017ee to &#8211; slibujeme.[\/vc_column_text][\/vc_column][\/vc_row][vc_row][vc_column][vc_tta_accordion color=&#8220;turquoise&#8220; [&hellip;]","og_url":"https:\/\/dev.chronobiology.com\/cs\/chronologicka-vyziva\/startovaci-vyzivovy-plan\/","og_site_name":"Chronobiology.com","article_publisher":"https:\/\/www.facebook.com\/chronobiology","article_modified_time":"2023-07-27T10:25:32+00:00","twitter_card":"summary_large_image","twitter_site":"@chronobionews","twitter_misc":{"Odhadovan\u00e1 doba \u010dten\u00ed":"4 minuty"},"schema":{"@context":"https:\/\/schema.org","@graph":[{"@type":"WebPage","@id":"https:\/\/dev.chronobiology.com\/cs\/chronologicka-vyziva\/startovaci-vyzivovy-plan\/","url":"https:\/\/dev.chronobiology.com\/cs\/chronologicka-vyziva\/startovaci-vyzivovy-plan\/","name":"Startovac\u00ed v\u00fd\u017eivov\u00fd pl\u00e1n &#8211; Chronobiology.com","isPartOf":{"@id":"https:\/\/dev.chronobiology.com\/cs\/#website"},"datePublished":"2023-07-27T10:25:31+00:00","dateModified":"2023-07-27T10:25:32+00:00","breadcrumb":{"@id":"https:\/\/dev.chronobiology.com\/cs\/chronologicka-vyziva\/startovaci-vyzivovy-plan\/#breadcrumb"},"inLanguage":"cs","potentialAction":[{"@type":"ReadAction","target":["https:\/\/dev.chronobiology.com\/cs\/chronologicka-vyziva\/startovaci-vyzivovy-plan\/"]}]},{"@type":"BreadcrumbList","@id":"https:\/\/dev.chronobiology.com\/cs\/chronologicka-vyziva\/startovaci-vyzivovy-plan\/#breadcrumb","itemListElement":[{"@type":"ListItem","position":1,"name":"Home","item":"https:\/\/dev.chronobiology.com\/cs\/"},{"@type":"ListItem","position":2,"name":"Chronologick\u00e1 v\u00fd\u017eiva\u2122","item":"https:\/\/dev.chronobiology.com\/cs\/chronologicka-vyziva\/"},{"@type":"ListItem","position":3,"name":"Startovac\u00ed v\u00fd\u017eivov\u00fd pl\u00e1n"}]},{"@type":"WebSite","@id":"https:\/\/dev.chronobiology.com\/cs\/#website","url":"https:\/\/dev.chronobiology.com\/cs\/","name":"Chronobiology.com","description":"","publisher":{"@id":"https:\/\/dev.chronobiology.com\/cs\/#organization"},"potentialAction":[{"@type":"SearchAction","target":{"@type":"EntryPoint","urlTemplate":"https:\/\/dev.chronobiology.com\/cs\/?s={search_term_string}"},"query-input":{"@type":"PropertyValueSpecification","valueRequired":true,"valueName":"search_term_string"}}],"inLanguage":"cs"},{"@type":"Organization","@id":"https:\/\/dev.chronobiology.com\/cs\/#organization","name":"Chronobiology","url":"https:\/\/dev.chronobiology.com\/cs\/","logo":{"@type":"ImageObject","inLanguage":"cs","@id":"https:\/\/dev.chronobiology.com\/cs\/#\/schema\/logo\/image\/","url":"https:\/\/www.chronobiology.com\/wp-content\/uploads\/2019\/01\/chronobiology_logo_en_r.png","contentUrl":"https:\/\/www.chronobiology.com\/wp-content\/uploads\/2019\/01\/chronobiology_logo_en_r.png","width":375,"height":90,"caption":"Chronobiology"},"image":{"@id":"https:\/\/dev.chronobiology.com\/cs\/#\/schema\/logo\/image\/"},"sameAs":["https:\/\/www.facebook.com\/chronobiology","https:\/\/x.com\/chronobionews","https:\/\/www.instagram.com\/chronobiology\/","https:\/\/www.pinterest.com\/chronobiology\/"]}]}},"_links":{"self":[{"href":"https:\/\/dev.chronobiology.com\/cs\/wp-json\/wp\/v2\/pages\/54468"}],"collection":[{"href":"https:\/\/dev.chronobiology.com\/cs\/wp-json\/wp\/v2\/pages"}],"about":[{"href":"https:\/\/dev.chronobiology.com\/cs\/wp-json\/wp\/v2\/types\/page"}],"author":[{"embeddable":true,"href":"https:\/\/dev.chronobiology.com\/cs\/wp-json\/wp\/v2\/users\/15"}],"replies":[{"embeddable":true,"href":"https:\/\/dev.chronobiology.com\/cs\/wp-json\/wp\/v2\/comments?post=54468"}],"version-history":[{"count":2,"href":"https:\/\/dev.chronobiology.com\/cs\/wp-json\/wp\/v2\/pages\/54468\/revisions"}],"predecessor-version":[{"id":54470,"href":"https:\/\/dev.chronobiology.com\/cs\/wp-json\/wp\/v2\/pages\/54468\/revisions\/54470"}],"up":[{"embeddable":true,"href":"https:\/\/dev.chronobiology.com\/cs\/wp-json\/wp\/v2\/pages\/54450"}],"wp:attachment":[{"href":"https:\/\/dev.chronobiology.com\/cs\/wp-json\/wp\/v2\/media?parent=54468"}],"wp:term":[{"taxonomy":"category","embeddable":true,"href":"https:\/\/dev.chronobiology.com\/cs\/wp-json\/wp\/v2\/categories?post=54468"}],"curies":[{"name":"wp","href":"https:\/\/api.w.org\/{rel}","templated":true}]}}